{"id":24920,"date":"2024-02-05T23:06:59","date_gmt":"2024-02-05T20:06:59","guid":{"rendered":"https:\/\/megaradar.com.tr\/callback-form\/"},"modified":"2025-12-21T01:13:33","modified_gmt":"2025-12-20T22:13:33","slug":"callback-form","status":"publish","type":"page","link":"https:\/\/megaradar.com.tr\/en\/callback-form\/","title":{"rendered":"Callback Form"},"content":{"rendered":"\t\t<div data-elementor-type=\"wp-page\" data-elementor-id=\"24920\" class=\"elementor elementor-24920 elementor-20388\">\n\t\t\t\t\t\t<section class=\"elementor-section elementor-top-section elementor-element elementor-element-9615546 hikayemiz elementor-section-boxed elementor-section-height-default elementor-section-height-default sc_fly_static\" data-id=\"9615546\" data-element_type=\"section\" id=\"hikayemiz\">\n\t\t\t\t\t\t<div class=\"elementor-container elementor-column-gap-extended\">\n\t\t\t\t\t<div class=\"elementor-column elementor-col-66 elementor-top-column elementor-element elementor-element-40dd174d sc_inner_width_none sc_content_align_inherit sc_layouts_column_icons_position_left sc_fly_static\" data-id=\"40dd174d\" data-element_type=\"column\">\n\t\t\t<div class=\"elementor-widget-wrap elementor-element-populated\">\n\t\t\t\t\t\t<div class=\"elementor-element elementor-element-2b323438 sc_fly_static elementor-widget elementor-widget-trx_sc_title\" data-id=\"2b323438\" data-element_type=\"widget\" data-widget_type=\"trx_sc_title.default\">\n\t\t\t\t<div class=\"elementor-widget-container\">\n\t\t\t<div\t\tclass=\"sc_title sc_title_default\" ><h1 class=\"sc_item_title sc_title_title sc_item_title_style_default sc_item_title_tag\"\n\t\t\t><span class=\"sc_item_title_text\">Callback Request<\/span><\/h1><\/div>\t\t<\/div>\n\t\t\t\t<\/div>\n\t\t\t\t<div class=\"elementor-element elementor-element-9d2896b elementor-widget__width-inherit premium-cf7-button-fwidth-yes sc_fly_static elementor-widget elementor-widget-premium-contact-form\" data-id=\"9d2896b\" data-element_type=\"widget\" data-widget_type=\"premium-contact-form.default\">\n\t\t\t\t<div class=\"elementor-widget-container\">\n\t\t\t\r\n\t\t\t\r\n\t\t\t<div class=\"premium-cf7-container\">\r\n\t\t\t\t\n<div class=\"wpcf7 no-js\" id=\"wpcf7-f24967-o1\" lang=\"en-US\" dir=\"ltr\" data-wpcf7-id=\"24967\">\n<div class=\"screen-reader-response\"><p role=\"status\" aria-live=\"polite\" aria-atomic=\"true\"><\/p> <ul><\/ul><\/div>\n<form action=\"\/en\/wp-json\/wp\/v2\/pages\/24920#wpcf7-f24967-o1\" method=\"post\" class=\"wpcf7-form init\" aria-label=\"Contact form\" novalidate=\"novalidate\" data-status=\"init\">\n<div style=\"display: none;\">\n<input type=\"hidden\" name=\"_wpcf7\" value=\"24967\" \/>\n<input type=\"hidden\" name=\"_wpcf7_version\" value=\"6.0.3\" \/>\n<input type=\"hidden\" name=\"_wpcf7_locale\" value=\"en_US\" \/>\n<input type=\"hidden\" name=\"_wpcf7_unit_tag\" value=\"wpcf7-f24967-o1\" \/>\n<input type=\"hidden\" name=\"_wpcf7_container_post\" value=\"0\" \/>\n<input type=\"hidden\" name=\"_wpcf7_posted_data_hash\" value=\"\" \/>\n<\/div>\n<p><label>Name\/Surname * <span class=\"wpcf7-form-control-wrap\" data-name=\"your-name\"><input size=\"40\" maxlength=\"400\" class=\"wpcf7-form-control wpcf7-text wpcf7-validates-as-required\" aria-required=\"true\" aria-invalid=\"false\" value=\"\" type=\"text\" name=\"your-name\" \/><\/span><\/label><br \/>\n<label>Email * <span class=\"wpcf7-form-control-wrap\" data-name=\"your-email\"><input size=\"40\" maxlength=\"400\" class=\"wpcf7-form-control wpcf7-email wpcf7-validates-as-required wpcf7-text wpcf7-validates-as-email\" aria-required=\"true\" aria-invalid=\"false\" value=\"\" type=\"email\" name=\"your-email\" \/><\/span><\/label><br \/>\n<label>Phone Number * <span class=\"wpcf7-form-control-wrap\" data-name=\"your-tel\"><input size=\"40\" maxlength=\"400\" class=\"wpcf7-form-control wpcf7-tel wpcf7-validates-as-required wpcf7-text wpcf7-validates-as-tel\" aria-required=\"true\" aria-invalid=\"false\" value=\"\" type=\"tel\" name=\"your-tel\" \/><\/span><\/label><br \/>\n<label>Your-message * <span class=\"wpcf7-form-control-wrap\" data-name=\"your-message\"><textarea cols=\"40\" rows=\"10\" maxlength=\"2000\" class=\"wpcf7-form-control wpcf7-textarea wpcf7-validates-as-required\" aria-required=\"true\" aria-invalid=\"false\" placeholder=\"Please describe your request in detail so that we can provide you with the best possible service. If you have a specific contact person, please let us know their name.\" name=\"your-message\"><\/textarea><\/span><\/label><br \/>\n<label>When would you prefer us to reach you? * <span class=\"wpcf7-form-control-wrap\" data-name=\"menu-day\"><select class=\"wpcf7-form-control wpcf7-select wpcf7-validates-as-required\" aria-required=\"true\" aria-invalid=\"false\" name=\"menu-day\"><option value=\"Monday\">Monday<\/option><option value=\"Tuesday\">Tuesday<\/option><option value=\"Wednesday\">Wednesday<\/option><option value=\"Thursday\">Thursday<\/option><option value=\"Friday\">Friday<\/option><\/select><\/span><\/label><br \/>\n<label>What is the best time range for our search? * <span class=\"wpcf7-form-control-wrap\" data-name=\"menu-time\"><select class=\"wpcf7-form-control wpcf7-select wpcf7-validates-as-required\" aria-required=\"true\" aria-invalid=\"false\" name=\"menu-time\"><option value=\"08:00 - 10:00\">08:00 - 10:00<\/option><option value=\"10:00 - 12:00\">10:00 - 12:00<\/option><option value=\"12:00 - 14:00\">12:00 - 14:00<\/option><option value=\"14:00 - 16:00\">14:00 - 16:00<\/option><option value=\"16:00 - 18:00\">16:00 - 18:00<\/option><\/select><\/span><\/label>\n<\/p>\n<p><input class=\"wpcf7-form-control wpcf7-submit has-spinner\" type=\"submit\" value=\"Send\" \/>\n<\/p><div class=\"wpcf7-response-output\" aria-hidden=\"true\"><\/div>\n<\/form>\n<\/div>\n\t\t\t<\/div>\r\n\r\n\t\t\t\t\t<\/div>\n\t\t\t\t<\/div>\n\t\t\t\t\t<\/div>\n\t\t<\/div>\n\t\t\t\t<div class=\"elementor-column elementor-col-33 elementor-top-column elementor-element elementor-element-6615aa3b sc_inner_width_none sc_content_align_inherit sc_layouts_column_icons_position_left sc_fly_static\" data-id=\"6615aa3b\" data-element_type=\"column\">\n\t\t\t<div class=\"elementor-widget-wrap\">\n\t\t\t\t\t\t\t<\/div>\n\t\t<\/div>\n\t\t\t\t\t<\/div>\n\t\t<\/section>\n\t\t\t\t<\/div>\n\t\t","protected":false},"excerpt":{"rendered":"<p>Callback Request Ad\/Soyad * E-posta * Telefon Numaras\u0131 * \u0130letiniz * Size ne zaman ula\u015fmam\u0131z\u0131 tercih edersiniz? * PazartesiSal\u0131\u00c7ar\u015fambaPer\u015fembeCuma Aramam\u0131z i\u00e7in en uygun saat aral\u0131\u011f\u0131n\u0131z nedir? * 08:00 &#8211; 10:0010:00&hellip;<\/p>\n","protected":false},"author":1,"featured_media":0,"parent":0,"menu_order":0,"comment_status":"closed","ping_status":"closed","template":"","meta":{"footnotes":""},"class_list":["post-24920","page","type-page","status-publish","hentry"],"_links":{"self":[{"href":"https:\/\/megaradar.com.tr\/en\/wp-json\/wp\/v2\/pages\/24920","targetHints":{"allow":["GET"]}}],"collection":[{"href":"https:\/\/megaradar.com.tr\/en\/wp-json\/wp\/v2\/pages"}],"about":[{"href":"https:\/\/megaradar.com.tr\/en\/wp-json\/wp\/v2\/types\/page"}],"author":[{"embeddable":true,"href":"https:\/\/megaradar.com.tr\/en\/wp-json\/wp\/v2\/users\/1"}],"replies":[{"embeddable":true,"href":"https:\/\/megaradar.com.tr\/en\/wp-json\/wp\/v2\/comments?post=24920"}],"version-history":[{"count":4,"href":"https:\/\/megaradar.com.tr\/en\/wp-json\/wp\/v2\/pages\/24920\/revisions"}],"predecessor-version":[{"id":26912,"href":"https:\/\/megaradar.com.tr\/en\/wp-json\/wp\/v2\/pages\/24920\/revisions\/26912"}],"wp:attachment":[{"href":"https:\/\/megaradar.com.tr\/en\/wp-json\/wp\/v2\/media?parent=24920"}],"curies":[{"name":"wp","href":"https:\/\/api.w.org\/{rel}","templated":true}]}}