{"id":25727,"date":"2025-10-20T03:19:26","date_gmt":"2025-10-20T00:19:26","guid":{"rendered":"https:\/\/megaradar.com.tr\/white-paper\/"},"modified":"2026-04-07T23:53:07","modified_gmt":"2026-04-07T20:53:07","slug":"white-paper","status":"publish","type":"page","link":"https:\/\/megaradar.com.tr\/en\/white-paper\/","title":{"rendered":"White Paper"},"content":{"rendered":"\t\t<div data-elementor-type=\"wp-page\" data-elementor-id=\"25727\" class=\"elementor elementor-25727 elementor-25655\">\n\t\t\t\t<div class=\"elementor-element elementor-element-8bc718c e-con-full e-flex sc_inner_width_none sc_layouts_column_icons_position_left e-con e-parent\" data-id=\"8bc718c\" data-element_type=\"container\" data-settings=\"{&quot;background_background&quot;:&quot;classic&quot;}\">\n\t\t<div class=\"elementor-element elementor-element-8c87334 e-flex e-con-boxed sc_inner_width_none sc_layouts_column_icons_position_left e-con e-child\" data-id=\"8c87334\" data-element_type=\"container\">\n\t\t\t\t\t<div class=\"e-con-inner\">\n\t\t\t\t<div class=\"elementor-element elementor-element-4f399cc sc_fly_static elementor-widget elementor-widget-html\" data-id=\"4f399cc\" data-element_type=\"widget\" data-widget_type=\"html.default\">\n\t\t\t\t<div class=\"elementor-widget-container\">\n\t\t\t<nav aria-label=\"Breadcrumb\" class=\"mg-breadcrumbs\">\n  <ol itemscope=\"\" itemtype=\"https:\/\/schema.org\/BreadcrumbList\">\n    <li itemprop=\"itemListElement\" itemscope=\"\" itemtype=\"https:\/\/schema.org\/ListItem\">\n      <a itemprop=\"item\" href=\"\/\"><span itemprop=\"name\">Mega Radar<\/span><\/a>\n      <meta itemprop=\"position\" content=\"1\">\n      <span class=\"bc-separator\"> <i class=\"bc-icon\"><\/i> <\/span>\n    <\/li>\n    <li itemprop=\"itemListElement\" itemscope=\"\" itemtype=\"https:\/\/schema.org\/ListItem\">\n      <span itemprop=\"name\">Information Center<\/span>\n      <meta itemprop=\"position\" content=\"2\">\n      <span class=\"bc-separator\"> <i class=\"bc-icon\"><\/i>  <\/span>\n    <\/li>\n    <li itemprop=\"itemListElement\" itemscope=\"\" itemtype=\"https:\/\/schema.org\/ListItem\">\n      <span itemprop=\"name\">White Paper<\/span>\n      <meta itemprop=\"position\" content=\"3\">\n    <\/li>\n  <\/ol>\n<\/nav>\t\t<\/div>\n\t\t\t\t<\/div>\n\t\t\t\t\t<\/div>\n\t\t\t\t<\/div>\n\t\t\t\t<\/div>\n\t\t<div class=\"elementor-element elementor-element-bf295b9 e-flex e-con-boxed sc_inner_width_none sc_layouts_column_icons_position_left e-con e-parent\" data-id=\"bf295b9\" data-element_type=\"container\">\n\t\t\t\t\t<div class=\"e-con-inner\">\n\t\t\t\t<div class=\"elementor-element elementor-element-6e60bd4 premium-blog-align-left sc_fly_static elementor-widget elementor-widget-premium-addon-blog\" data-id=\"6e60bd4\" data-element_type=\"widget\" data-settings=\"{&quot;premium_blog_columns_number&quot;:&quot;100%&quot;,&quot;premium_blog_grid&quot;:&quot;yes&quot;,&quot;premium_blog_layout&quot;:&quot;even&quot;,&quot;premium_blog_columns_number_tablet&quot;:&quot;50%&quot;,&quot;premium_blog_columns_number_mobile&quot;:&quot;100%&quot;}\" data-widget_type=\"premium-addon-blog.default\">\n\t\t\t\t<div class=\"elementor-widget-container\">\n\t\t\t\n\t\t\t\t<div class=\"premium-blog-wrap  premium-blog-even\" data-page=\"25727\">\n\t\t\t\t\t<div class=\"premium-blog-post-outer-container\" data-total=\"1\">\r\n\t\t\t<div class=\"premium-blog-post-container premium-blog-skin-side\">\r\n\t\t\t\t\t\t\t\t\t<div class=\"premium-blog-thumb-effect-wrapper\">\r\n\t\t\t\t\t\t<div class=\"premium-blog-thumbnail-container premium-blog-zoomout-effect\">\r\n\t\t\t\t\t\t\t<img fetchpriority=\"high\" decoding=\"async\" width=\"768\" height=\"432\" src=\"https:\/\/megaradar.com.tr\/wp-content\/uploads\/2025\/10\/savunma-sanayi-768x432.jpg\" class=\"attachment-medium_large size-medium_large wp-image-26808\" alt=\"\" srcset=\"https:\/\/megaradar.com.tr\/wp-content\/uploads\/2025\/10\/savunma-sanayi-768x432.jpg 768w, https:\/\/megaradar.com.tr\/wp-content\/uploads\/2025\/10\/savunma-sanayi-300x169.jpg 300w, https:\/\/megaradar.com.tr\/wp-content\/uploads\/2025\/10\/savunma-sanayi-1024x576.jpg 1024w, https:\/\/megaradar.com.tr\/wp-content\/uploads\/2025\/10\/savunma-sanayi-1536x864.jpg 1536w, https:\/\/megaradar.com.tr\/wp-content\/uploads\/2025\/10\/savunma-sanayi-370x208.jpg 370w, https:\/\/megaradar.com.tr\/wp-content\/uploads\/2025\/10\/savunma-sanayi-1290x725.jpg 1290w, https:\/\/megaradar.com.tr\/wp-content\/uploads\/2025\/10\/savunma-sanayi-840x473.jpg 840w, https:\/\/megaradar.com.tr\/wp-content\/uploads\/2025\/10\/savunma-sanayi-410x231.jpg 410w, https:\/\/megaradar.com.tr\/wp-content\/uploads\/2025\/10\/savunma-sanayi-270x152.jpg 270w, https:\/\/megaradar.com.tr\/wp-content\/uploads\/2025\/10\/savunma-sanayi.jpg 1920w\" sizes=\"(max-width: 768px) 100vw, 768px\" \/>\t\t\t\t\t\t<\/div>\r\n\t\t\t\t\t\t\t\t\t\t\t\t\t<div class=\"premium-blog-thumbnail-overlay\">\r\n\t\t\t\t\t\t\t\t<a class=\"elementor-icon\" href=\"https:\/\/megaradar.com.tr\/en\/why-durability-of-electronic-connections-is-critical-in-defense-industry-applications\/\" target=\"_self\" aria-hidden=\"true\"><span>Why Durability of Electronic Connections is Critical in Defense Industry Applications?<\/span><\/a>\r\n\t\t\t\t\t\t\t<\/div>\r\n\r\n\t\t\t\t\t\t\t\t\t\t\t\t\t\t\t\t\t\t<\/div>\r\n\t\t\t\t\t\t\t\t\t\t\t\t<div class=\"premium-blog-content-wrapper \">\r\n\r\n\t\t\t\t\t<div class=\"premium-blog-inner-container\">\r\n\r\n\t\t\t\t\t\t\t\t\t\t\t\t\t\t<h2 class=\"premium-blog-entry-title\">\r\n\t\t\t<a href=\"https:\/\/megaradar.com.tr\/en\/why-durability-of-electronic-connections-is-critical-in-defense-industry-applications\/\" target=\"_self\">\r\n\t\t\t\tWhy Durability of Electronic Connections is Critical in Defense Industry Applications?\t\t\t<\/a>\r\n\t\t<\/h2>\r\n\t\t\t\t<div class=\"premium-blog-entry-meta\">\r\n\t\t\t\r\n\t\t\t\r\n\t\t\t\r\n\t\t\t\t\t<\/div>\r\n\t\t\r\n\t\t\t\t\t<\/div>\r\n\r\n\t\t\t\t\t\t\t<div class=\"premium-blog-content-inner-wrapper\">\r\n\t\t<p class=\"premium-blog-post-content\">Electronic systems used in the defense industry have to work uninterruptedly even under the harshest conditions. Extreme temperature, high vibration, intense humidity or electromagnetic influences create serious risks at connection&hellip;<\/p><div class=\"premium-blog-excerpt-link-wrap\"><a href=\"https:\/\/megaradar.com.tr\/en\/why-durability-of-electronic-connections-is-critical-in-defense-industry-applications\/\" target=\"_self\" class=\"premium-blog-excerpt-link elementor-button\">Read More<\/a><\/div>\t\t<\/div>\r\n\t\t\t\t\t\t\t\r\n\t\t\t\t<\/div>\r\n\t\t\t<\/div>\r\n\t\t<\/div>\r\n\r\n\t\t\t\t<div class=\"premium-blog-post-outer-container\" data-total=\"1\">\r\n\t\t\t<div class=\"premium-blog-post-container premium-blog-skin-side\">\r\n\t\t\t\t\t\t\t\t\t<div class=\"premium-blog-thumb-effect-wrapper\">\r\n\t\t\t\t\t\t<div class=\"premium-blog-thumbnail-container premium-blog-zoomout-effect\">\r\n\t\t\t\t\t\t\t<img decoding=\"async\" width=\"768\" height=\"432\" src=\"https:\/\/megaradar.com.tr\/wp-content\/uploads\/2025\/10\/nemli-ortam-768x432.jpg\" class=\"attachment-medium_large size-medium_large wp-image-26809\" alt=\"\" srcset=\"https:\/\/megaradar.com.tr\/wp-content\/uploads\/2025\/10\/nemli-ortam-768x432.jpg 768w, https:\/\/megaradar.com.tr\/wp-content\/uploads\/2025\/10\/nemli-ortam-300x169.jpg 300w, https:\/\/megaradar.com.tr\/wp-content\/uploads\/2025\/10\/nemli-ortam-1024x576.jpg 1024w, https:\/\/megaradar.com.tr\/wp-content\/uploads\/2025\/10\/nemli-ortam-1536x864.jpg 1536w, https:\/\/megaradar.com.tr\/wp-content\/uploads\/2025\/10\/nemli-ortam-370x208.jpg 370w, https:\/\/megaradar.com.tr\/wp-content\/uploads\/2025\/10\/nemli-ortam-1290x725.jpg 1290w, https:\/\/megaradar.com.tr\/wp-content\/uploads\/2025\/10\/nemli-ortam-840x473.jpg 840w, https:\/\/megaradar.com.tr\/wp-content\/uploads\/2025\/10\/nemli-ortam-410x231.jpg 410w, https:\/\/megaradar.com.tr\/wp-content\/uploads\/2025\/10\/nemli-ortam-270x152.jpg 270w, https:\/\/megaradar.com.tr\/wp-content\/uploads\/2025\/10\/nemli-ortam.jpg 1920w\" sizes=\"(max-width: 768px) 100vw, 768px\" \/>\t\t\t\t\t\t<\/div>\r\n\t\t\t\t\t\t\t\t\t\t\t\t\t<div class=\"premium-blog-thumbnail-overlay\">\r\n\t\t\t\t\t\t\t\t<a class=\"elementor-icon\" href=\"https:\/\/megaradar.com.tr\/en\/considerations-for-electrical-connections-in-humid-and-salty-environments\/\" target=\"_self\" aria-hidden=\"true\"><span>Considerations for Electrical Connections in Humid and Salty Environments<\/span><\/a>\r\n\t\t\t\t\t\t\t<\/div>\r\n\r\n\t\t\t\t\t\t\t\t\t\t\t\t\t\t\t\t\t\t<\/div>\r\n\t\t\t\t\t\t\t\t\t\t\t\t<div class=\"premium-blog-content-wrapper \">\r\n\r\n\t\t\t\t\t<div class=\"premium-blog-inner-container\">\r\n\r\n\t\t\t\t\t\t\t\t\t\t\t\t\t\t<h2 class=\"premium-blog-entry-title\">\r\n\t\t\t<a href=\"https:\/\/megaradar.com.tr\/en\/considerations-for-electrical-connections-in-humid-and-salty-environments\/\" target=\"_self\">\r\n\t\t\t\tConsiderations for Electrical Connections in Humid and Salty Environments\t\t\t<\/a>\r\n\t\t<\/h2>\r\n\t\t\t\t<div class=\"premium-blog-entry-meta\">\r\n\t\t\t\r\n\t\t\t\r\n\t\t\t\r\n\t\t\t\t\t<\/div>\r\n\t\t\r\n\t\t\t\t\t<\/div>\r\n\r\n\t\t\t\t\t\t\t<div class=\"premium-blog-content-inner-wrapper\">\r\n\t\t<p class=\"premium-blog-post-content\">The marine industry is a harsh environment dominated by humidity, salt and constantly changing weather conditions. These conditions increase the risk of corrosion and failure of electrical connections. Proper selection&hellip;<\/p><div class=\"premium-blog-excerpt-link-wrap\"><a href=\"https:\/\/megaradar.com.tr\/en\/considerations-for-electrical-connections-in-humid-and-salty-environments\/\" target=\"_self\" class=\"premium-blog-excerpt-link elementor-button\">Read More<\/a><\/div>\t\t<\/div>\r\n\t\t\t\t\t\t\t\r\n\t\t\t\t<\/div>\r\n\t\t\t<\/div>\r\n\t\t<\/div>\r\n\r\n\t\t\t\t<div class=\"premium-blog-post-outer-container\" data-total=\"1\">\r\n\t\t\t<div class=\"premium-blog-post-container premium-blog-skin-side\">\r\n\t\t\t\t\t\t\t\t\t<div class=\"premium-blog-thumb-effect-wrapper\">\r\n\t\t\t\t\t\t<div class=\"premium-blog-thumbnail-container premium-blog-zoomout-effect\">\r\n\t\t\t\t\t\t\t<img decoding=\"async\" width=\"768\" height=\"432\" src=\"https:\/\/megaradar.com.tr\/wp-content\/uploads\/2025\/10\/yuksek-akim-768x432.jpg\" class=\"attachment-medium_large size-medium_large wp-image-26821\" alt=\"\" srcset=\"https:\/\/megaradar.com.tr\/wp-content\/uploads\/2025\/10\/yuksek-akim-768x432.jpg 768w, https:\/\/megaradar.com.tr\/wp-content\/uploads\/2025\/10\/yuksek-akim-300x169.jpg 300w, https:\/\/megaradar.com.tr\/wp-content\/uploads\/2025\/10\/yuksek-akim-1024x576.jpg 1024w, https:\/\/megaradar.com.tr\/wp-content\/uploads\/2025\/10\/yuksek-akim-1536x864.jpg 1536w, https:\/\/megaradar.com.tr\/wp-content\/uploads\/2025\/10\/yuksek-akim-370x208.jpg 370w, https:\/\/megaradar.com.tr\/wp-content\/uploads\/2025\/10\/yuksek-akim-1290x725.jpg 1290w, https:\/\/megaradar.com.tr\/wp-content\/uploads\/2025\/10\/yuksek-akim-840x473.jpg 840w, https:\/\/megaradar.com.tr\/wp-content\/uploads\/2025\/10\/yuksek-akim-410x231.jpg 410w, https:\/\/megaradar.com.tr\/wp-content\/uploads\/2025\/10\/yuksek-akim-270x152.jpg 270w, https:\/\/megaradar.com.tr\/wp-content\/uploads\/2025\/10\/yuksek-akim.jpg 1920w\" sizes=\"(max-width: 768px) 100vw, 768px\" \/>\t\t\t\t\t\t<\/div>\r\n\t\t\t\t\t\t\t\t\t\t\t\t\t<div class=\"premium-blog-thumbnail-overlay\">\r\n\t\t\t\t\t\t\t\t<a class=\"elementor-icon\" href=\"https:\/\/megaradar.com.tr\/en\/5-tips-for-safe-connection-in-high-current-circuits\/\" target=\"_self\" aria-hidden=\"true\"><span>5 Tips for Safe Connection in High Current Circuits<\/span><\/a>\r\n\t\t\t\t\t\t\t<\/div>\r\n\r\n\t\t\t\t\t\t\t\t\t\t\t\t\t\t\t\t\t\t<\/div>\r\n\t\t\t\t\t\t\t\t\t\t\t\t<div class=\"premium-blog-content-wrapper \">\r\n\r\n\t\t\t\t\t<div class=\"premium-blog-inner-container\">\r\n\r\n\t\t\t\t\t\t\t\t\t\t\t\t\t\t<h2 class=\"premium-blog-entry-title\">\r\n\t\t\t<a href=\"https:\/\/megaradar.com.tr\/en\/5-tips-for-safe-connection-in-high-current-circuits\/\" target=\"_self\">\r\n\t\t\t\t5 Tips for Safe Connection in High Current Circuits\t\t\t<\/a>\r\n\t\t<\/h2>\r\n\t\t\t\t<div class=\"premium-blog-entry-meta\">\r\n\t\t\t\r\n\t\t\t\r\n\t\t\t\r\n\t\t\t\t\t<\/div>\r\n\t\t\r\n\t\t\t\t\t<\/div>\r\n\r\n\t\t\t\t\t\t\t<div class=\"premium-blog-content-inner-wrapper\">\r\n\t\t<p class=\"premium-blog-post-content\">The smallest mistake in high current circuits can directly affect system safety and efficiency. Overheating, fire risk or device failures are mostly caused by incorrect connections. To minimize the risks&hellip;<\/p><div class=\"premium-blog-excerpt-link-wrap\"><a href=\"https:\/\/megaradar.com.tr\/en\/5-tips-for-safe-connection-in-high-current-circuits\/\" target=\"_self\" class=\"premium-blog-excerpt-link elementor-button\">Read More<\/a><\/div>\t\t<\/div>\r\n\t\t\t\t\t\t\t\r\n\t\t\t\t<\/div>\r\n\t\t\t<\/div>\r\n\t\t<\/div>\r\n\r\n\t\t\t\t<div class=\"premium-blog-post-outer-container\" data-total=\"1\">\r\n\t\t\t<div class=\"premium-blog-post-container premium-blog-skin-side\">\r\n\t\t\t\t\t\t\t\t\t<div class=\"premium-blog-thumb-effect-wrapper\">\r\n\t\t\t\t\t\t<div class=\"premium-blog-thumbnail-container premium-blog-zoomout-effect\">\r\n\t\t\t\t\t\t\t<img loading=\"lazy\" decoding=\"async\" width=\"768\" height=\"432\" src=\"https:\/\/megaradar.com.tr\/wp-content\/uploads\/2025\/10\/asansor-768x432.jpg\" class=\"attachment-medium_large size-medium_large wp-image-26810\" alt=\"\" srcset=\"https:\/\/megaradar.com.tr\/wp-content\/uploads\/2025\/10\/asansor-768x432.jpg 768w, https:\/\/megaradar.com.tr\/wp-content\/uploads\/2025\/10\/asansor-300x169.jpg 300w, https:\/\/megaradar.com.tr\/wp-content\/uploads\/2025\/10\/asansor-1024x576.jpg 1024w, https:\/\/megaradar.com.tr\/wp-content\/uploads\/2025\/10\/asansor-1536x864.jpg 1536w, https:\/\/megaradar.com.tr\/wp-content\/uploads\/2025\/10\/asansor-370x208.jpg 370w, https:\/\/megaradar.com.tr\/wp-content\/uploads\/2025\/10\/asansor-1290x725.jpg 1290w, https:\/\/megaradar.com.tr\/wp-content\/uploads\/2025\/10\/asansor-840x473.jpg 840w, https:\/\/megaradar.com.tr\/wp-content\/uploads\/2025\/10\/asansor-410x231.jpg 410w, https:\/\/megaradar.com.tr\/wp-content\/uploads\/2025\/10\/asansor-270x152.jpg 270w, https:\/\/megaradar.com.tr\/wp-content\/uploads\/2025\/10\/asansor.jpg 1920w\" sizes=\"(max-width: 768px) 100vw, 768px\" \/>\t\t\t\t\t\t<\/div>\r\n\t\t\t\t\t\t\t\t\t\t\t\t\t<div class=\"premium-blog-thumbnail-overlay\">\r\n\t\t\t\t\t\t\t\t<a class=\"elementor-icon\" href=\"https:\/\/megaradar.com.tr\/en\/3-critical-points-in-electrical-connections-in-elevators\/\" target=\"_self\" aria-hidden=\"true\"><span>3 Critical Points in Electrical Connections in Elevators<\/span><\/a>\r\n\t\t\t\t\t\t\t<\/div>\r\n\r\n\t\t\t\t\t\t\t\t\t\t\t\t\t\t\t\t\t\t<\/div>\r\n\t\t\t\t\t\t\t\t\t\t\t\t<div class=\"premium-blog-content-wrapper \">\r\n\r\n\t\t\t\t\t<div class=\"premium-blog-inner-container\">\r\n\r\n\t\t\t\t\t\t\t\t\t\t\t\t\t\t<h2 class=\"premium-blog-entry-title\">\r\n\t\t\t<a href=\"https:\/\/megaradar.com.tr\/en\/3-critical-points-in-electrical-connections-in-elevators\/\" target=\"_self\">\r\n\t\t\t\t3 Critical Points in Electrical Connections in Elevators\t\t\t<\/a>\r\n\t\t<\/h2>\r\n\t\t\t\t<div class=\"premium-blog-entry-meta\">\r\n\t\t\t\r\n\t\t\t\r\n\t\t\t\r\n\t\t\t\t\t<\/div>\r\n\t\t\r\n\t\t\t\t\t<\/div>\r\n\r\n\t\t\t\t\t\t\t<div class=\"premium-blog-content-inner-wrapper\">\r\n\t\t<p class=\"premium-blog-post-content\">Elevator systems are indispensable parts of both daily life and industrial areas. One of the most critical elements in these systems, which are safely used by millions of people every&hellip;<\/p><div class=\"premium-blog-excerpt-link-wrap\"><a href=\"https:\/\/megaradar.com.tr\/en\/3-critical-points-in-electrical-connections-in-elevators\/\" target=\"_self\" class=\"premium-blog-excerpt-link elementor-button\">Read More<\/a><\/div>\t\t<\/div>\r\n\t\t\t\t\t\t\t\r\n\t\t\t\t<\/div>\r\n\t\t\t<\/div>\r\n\t\t<\/div>\r\n\r\n\t\t\t\t<div class=\"premium-blog-post-outer-container\" data-total=\"1\">\r\n\t\t\t<div class=\"premium-blog-post-container premium-blog-skin-side\">\r\n\t\t\t\t\t\t\t\t\t<div class=\"premium-blog-thumb-effect-wrapper\">\r\n\t\t\t\t\t\t<div class=\"premium-blog-thumbnail-container premium-blog-zoomout-effect\">\r\n\t\t\t\t\t\t\t<img loading=\"lazy\" decoding=\"async\" width=\"768\" height=\"432\" src=\"https:\/\/megaradar.com.tr\/wp-content\/uploads\/2025\/10\/akilli-ev-768x432.jpg\" class=\"attachment-medium_large size-medium_large wp-image-26811\" alt=\"\" srcset=\"https:\/\/megaradar.com.tr\/wp-content\/uploads\/2025\/10\/akilli-ev-768x432.jpg 768w, https:\/\/megaradar.com.tr\/wp-content\/uploads\/2025\/10\/akilli-ev-300x169.jpg 300w, https:\/\/megaradar.com.tr\/wp-content\/uploads\/2025\/10\/akilli-ev-1024x576.jpg 1024w, https:\/\/megaradar.com.tr\/wp-content\/uploads\/2025\/10\/akilli-ev-1536x864.jpg 1536w, https:\/\/megaradar.com.tr\/wp-content\/uploads\/2025\/10\/akilli-ev-370x208.jpg 370w, https:\/\/megaradar.com.tr\/wp-content\/uploads\/2025\/10\/akilli-ev-1290x725.jpg 1290w, https:\/\/megaradar.com.tr\/wp-content\/uploads\/2025\/10\/akilli-ev-840x473.jpg 840w, https:\/\/megaradar.com.tr\/wp-content\/uploads\/2025\/10\/akilli-ev-410x231.jpg 410w, https:\/\/megaradar.com.tr\/wp-content\/uploads\/2025\/10\/akilli-ev-270x152.jpg 270w, https:\/\/megaradar.com.tr\/wp-content\/uploads\/2025\/10\/akilli-ev.jpg 1920w\" sizes=\"(max-width: 768px) 100vw, 768px\" \/>\t\t\t\t\t\t<\/div>\r\n\t\t\t\t\t\t\t\t\t\t\t\t\t<div class=\"premium-blog-thumbnail-overlay\">\r\n\t\t\t\t\t\t\t\t<a class=\"elementor-icon\" href=\"https:\/\/megaradar.com.tr\/en\/the-role-of-connectors-in-smart-home-systems\/\" target=\"_self\" aria-hidden=\"true\"><span>The Role of Connectors in Smart Home Systems<\/span><\/a>\r\n\t\t\t\t\t\t\t<\/div>\r\n\r\n\t\t\t\t\t\t\t\t\t\t\t\t\t\t\t\t\t\t<\/div>\r\n\t\t\t\t\t\t\t\t\t\t\t\t<div class=\"premium-blog-content-wrapper \">\r\n\r\n\t\t\t\t\t<div class=\"premium-blog-inner-container\">\r\n\r\n\t\t\t\t\t\t\t\t\t\t\t\t\t\t<h2 class=\"premium-blog-entry-title\">\r\n\t\t\t<a href=\"https:\/\/megaradar.com.tr\/en\/the-role-of-connectors-in-smart-home-systems\/\" target=\"_self\">\r\n\t\t\t\tThe Role of Connectors in Smart Home Systems\t\t\t<\/a>\r\n\t\t<\/h2>\r\n\t\t\t\t<div class=\"premium-blog-entry-meta\">\r\n\t\t\t\r\n\t\t\t\r\n\t\t\t\r\n\t\t\t\t\t<\/div>\r\n\t\t\r\n\t\t\t\t\t<\/div>\r\n\r\n\t\t\t\t\t\t\t<div class=\"premium-blog-content-inner-wrapper\">\r\n\t\t<p class=\"premium-blog-post-content\">In the IoT world, millions of devices, sensors and systems require reliable electrical and data connections to run smoothly. The performance of every device used in smart homes is directly&hellip;<\/p><div class=\"premium-blog-excerpt-link-wrap\"><a href=\"https:\/\/megaradar.com.tr\/en\/the-role-of-connectors-in-smart-home-systems\/\" target=\"_self\" class=\"premium-blog-excerpt-link elementor-button\">Read More<\/a><\/div>\t\t<\/div>\r\n\t\t\t\t\t\t\t\r\n\t\t\t\t<\/div>\r\n\t\t\t<\/div>\r\n\t\t<\/div>\r\n\r\n\t\t\t\t<\/div>\n\n\t\t\t\t<\/div>\n\t\t\t\t<\/div>\n\t\t\t\t\t<\/div>\n\t\t\t\t<\/div>\n\t\t\t\t<\/div>\n\t\t","protected":false},"excerpt":{"rendered":"<p>Mega Radar Information Center White Paper Savunma Sanayi Uygulamalar\u0131nda Elektronik Ba\u011flant\u0131larda Dayan\u0131kl\u0131l\u0131k Neden Kritik? Savunma Sanayi Uygulamalar\u0131nda Elektronik Ba\u011flant\u0131larda Dayan\u0131kl\u0131l\u0131k Neden Kritik? Savunma sanayiinde kullan\u0131lan elektronik sistemler, en zorlu ko\u015fullarda&hellip;<\/p>\n","protected":false},"author":1,"featured_media":0,"parent":0,"menu_order":0,"comment_status":"closed","ping_status":"closed","template":"","meta":{"footnotes":""},"class_list":["post-25727","page","type-page","status-publish","hentry"],"_links":{"self":[{"href":"https:\/\/megaradar.com.tr\/en\/wp-json\/wp\/v2\/pages\/25727","targetHints":{"allow":["GET"]}}],"collection":[{"href":"https:\/\/megaradar.com.tr\/en\/wp-json\/wp\/v2\/pages"}],"about":[{"href":"https:\/\/megaradar.com.tr\/en\/wp-json\/wp\/v2\/types\/page"}],"author":[{"embeddable":true,"href":"https:\/\/megaradar.com.tr\/en\/wp-json\/wp\/v2\/users\/1"}],"replies":[{"embeddable":true,"href":"https:\/\/megaradar.com.tr\/en\/wp-json\/wp\/v2\/comments?post=25727"}],"version-history":[{"count":10,"href":"https:\/\/megaradar.com.tr\/en\/wp-json\/wp\/v2\/pages\/25727\/revisions"}],"predecessor-version":[{"id":27513,"href":"https:\/\/megaradar.com.tr\/en\/wp-json\/wp\/v2\/pages\/25727\/revisions\/27513"}],"wp:attachment":[{"href":"https:\/\/megaradar.com.tr\/en\/wp-json\/wp\/v2\/media?parent=25727"}],"curies":[{"name":"wp","href":"https:\/\/api.w.org\/{rel}","templated":true}]}}