{"id":25731,"date":"2025-10-19T16:29:41","date_gmt":"2025-10-19T13:29:41","guid":{"rendered":"https:\/\/megaradar.com.tr\/blog\/"},"modified":"2026-04-07T23:50:42","modified_gmt":"2026-04-07T20:50:42","slug":"blog","status":"publish","type":"page","link":"https:\/\/megaradar.com.tr\/en\/blog\/","title":{"rendered":"Blog"},"content":{"rendered":"\t\t<div data-elementor-type=\"wp-page\" data-elementor-id=\"25731\" class=\"elementor elementor-25731 elementor-25588\">\n\t\t\t\t<div class=\"elementor-element elementor-element-8bc718c e-con-full e-flex sc_inner_width_none sc_layouts_column_icons_position_left e-con e-parent\" data-id=\"8bc718c\" data-element_type=\"container\" data-settings=\"{&quot;background_background&quot;:&quot;classic&quot;}\">\n\t\t<div class=\"elementor-element elementor-element-8c87334 e-flex e-con-boxed sc_inner_width_none sc_layouts_column_icons_position_left e-con e-child\" data-id=\"8c87334\" data-element_type=\"container\">\n\t\t\t\t\t<div class=\"e-con-inner\">\n\t\t\t\t<div class=\"elementor-element elementor-element-4f399cc sc_fly_static elementor-widget elementor-widget-html\" data-id=\"4f399cc\" data-element_type=\"widget\" data-widget_type=\"html.default\">\n\t\t\t\t<div class=\"elementor-widget-container\">\n\t\t\t<nav aria-label=\"Breadcrumb\" class=\"mg-breadcrumbs\">\n  <ol itemscope=\"\" itemtype=\"https:\/\/schema.org\/BreadcrumbList\">\n    <li itemprop=\"itemListElement\" itemscope=\"\" itemtype=\"https:\/\/schema.org\/ListItem\">\n      <a itemprop=\"item\" href=\"\/\"><span itemprop=\"name\">Mega Radar<\/span><\/a>\n      <meta itemprop=\"position\" content=\"1\">\n      <span class=\"bc-separator\"> <i class=\"bc-icon\"><\/i> <\/span>\n    <\/li>\n    <li itemprop=\"itemListElement\" itemscope=\"\" itemtype=\"https:\/\/schema.org\/ListItem\">\n      <span itemprop=\"name\">Information Center<\/span>\n      <meta itemprop=\"position\" content=\"2\">\n      <span class=\"bc-separator\"> <i class=\"bc-icon\"><\/i>  <\/span>\n    <\/li>\n    <li itemprop=\"itemListElement\" itemscope=\"\" itemtype=\"https:\/\/schema.org\/ListItem\">\n      <span itemprop=\"name\">Blog<\/span>\n      <meta itemprop=\"position\" content=\"3\">\n    <\/li>\n  <\/ol>\n<\/nav>\t\t<\/div>\n\t\t\t\t<\/div>\n\t\t\t\t\t<\/div>\n\t\t\t\t<\/div>\n\t\t\t\t<\/div>\n\t\t<div class=\"elementor-element elementor-element-bf295b9 e-flex e-con-boxed sc_inner_width_none sc_layouts_column_icons_position_left e-con e-parent\" data-id=\"bf295b9\" data-element_type=\"container\">\n\t\t\t\t\t<div class=\"e-con-inner\">\n\t\t\t\t<div class=\"elementor-element elementor-element-fd5d2f2 premium-blog-align-left sc_fly_static elementor-widget elementor-widget-premium-addon-blog\" data-id=\"fd5d2f2\" data-element_type=\"widget\" data-settings=\"{&quot;premium_blog_columns_number&quot;:&quot;100%&quot;,&quot;premium_blog_grid&quot;:&quot;yes&quot;,&quot;premium_blog_layout&quot;:&quot;even&quot;,&quot;premium_blog_columns_number_tablet&quot;:&quot;50%&quot;,&quot;premium_blog_columns_number_mobile&quot;:&quot;100%&quot;}\" data-widget_type=\"premium-addon-blog.default\">\n\t\t\t\t<div class=\"elementor-widget-container\">\n\t\t\t\n\t\t\t\t<div class=\"premium-blog-wrap  premium-blog-even\" data-page=\"25731\">\n\t\t\t\t\t<div class=\"premium-blog-post-outer-container\" data-total=\"1\">\r\n\t\t\t<div class=\"premium-blog-post-container premium-blog-skin-side\">\r\n\t\t\t\t\t\t\t\t\t<div class=\"premium-blog-thumb-effect-wrapper\">\r\n\t\t\t\t\t\t<div class=\"premium-blog-thumbnail-container premium-blog-zoomout-effect\">\r\n\t\t\t\t\t\t\t<img fetchpriority=\"high\" decoding=\"async\" width=\"768\" height=\"432\" src=\"https:\/\/megaradar.com.tr\/wp-content\/uploads\/2025\/10\/7.-Trend-Gelecek_rev-768x432.jpg\" class=\"attachment-medium_large size-medium_large wp-image-27043\" alt=\"\" srcset=\"https:\/\/megaradar.com.tr\/wp-content\/uploads\/2025\/10\/7.-Trend-Gelecek_rev-768x432.jpg 768w, https:\/\/megaradar.com.tr\/wp-content\/uploads\/2025\/10\/7.-Trend-Gelecek_rev-300x169.jpg 300w, https:\/\/megaradar.com.tr\/wp-content\/uploads\/2025\/10\/7.-Trend-Gelecek_rev-1024x576.jpg 1024w, https:\/\/megaradar.com.tr\/wp-content\/uploads\/2025\/10\/7.-Trend-Gelecek_rev-1536x864.jpg 1536w, https:\/\/megaradar.com.tr\/wp-content\/uploads\/2025\/10\/7.-Trend-Gelecek_rev-370x208.jpg 370w, https:\/\/megaradar.com.tr\/wp-content\/uploads\/2025\/10\/7.-Trend-Gelecek_rev-1290x725.jpg 1290w, https:\/\/megaradar.com.tr\/wp-content\/uploads\/2025\/10\/7.-Trend-Gelecek_rev-840x473.jpg 840w, https:\/\/megaradar.com.tr\/wp-content\/uploads\/2025\/10\/7.-Trend-Gelecek_rev-410x231.jpg 410w, https:\/\/megaradar.com.tr\/wp-content\/uploads\/2025\/10\/7.-Trend-Gelecek_rev-270x152.jpg 270w, https:\/\/megaradar.com.tr\/wp-content\/uploads\/2025\/10\/7.-Trend-Gelecek_rev.jpg 1920w\" sizes=\"(max-width: 768px) 100vw, 768px\" \/>\t\t\t\t\t\t<\/div>\r\n\t\t\t\t\t\t\t\t\t\t\t\t\t<div class=\"premium-blog-thumbnail-overlay\">\r\n\t\t\t\t\t\t\t\t<a class=\"elementor-icon\" href=\"https:\/\/megaradar.com.tr\/en\/terminal-blocks-in-2026-at-the-intersection-of-miniaturization-push-in-and-digital-product-passport\/\" target=\"_self\" aria-hidden=\"true\"><span>Terminal Blocks in 2026: At the Intersection of Miniaturization, Push-in and Digital Product Passport<\/span><\/a>\r\n\t\t\t\t\t\t\t<\/div>\r\n\r\n\t\t\t\t\t\t\t\t\t\t\t\t\t\t\t\t\t\t<\/div>\r\n\t\t\t\t\t\t\t\t\t\t\t\t<div class=\"premium-blog-content-wrapper \">\r\n\r\n\t\t\t\t\t<div class=\"premium-blog-inner-container\">\r\n\r\n\t\t\t\t\t\t\t\t\t\t\t\t\t\t<h2 class=\"premium-blog-entry-title\">\r\n\t\t\t<a href=\"https:\/\/megaradar.com.tr\/en\/terminal-blocks-in-2026-at-the-intersection-of-miniaturization-push-in-and-digital-product-passport\/\" target=\"_self\">\r\n\t\t\t\tTerminal Blocks in 2026: At the Intersection of Miniaturization, Push-in and Digital Product Passport\t\t\t<\/a>\r\n\t\t<\/h2>\r\n\t\t\t\t<div class=\"premium-blog-entry-meta\">\r\n\t\t\t\r\n\t\t\t\r\n\t\t\t\r\n\t\t\t\t\t<\/div>\r\n\t\t\r\n\t\t\t\t\t<\/div>\r\n\r\n\t\t\t\t\t\t\t<div class=\"premium-blog-content-inner-wrapper\">\r\n\t\t<p class=\"premium-blog-post-content\">Terminal blocks are more than just a product family: they are the invisible backbone of industrial automation, in-device electronics and energy infrastructure. Heading into 2026, the agenda revolving around these&hellip;<\/p><div class=\"premium-blog-excerpt-link-wrap\"><a href=\"https:\/\/megaradar.com.tr\/en\/terminal-blocks-in-2026-at-the-intersection-of-miniaturization-push-in-and-digital-product-passport\/\" target=\"_self\" class=\"premium-blog-excerpt-link elementor-button\">Read More<\/a><\/div>\t\t<\/div>\r\n\t\t\t\t\t\t\t\r\n\t\t\t\t<\/div>\r\n\t\t\t<\/div>\r\n\t\t<\/div>\r\n\r\n\t\t\t\t<div class=\"premium-blog-post-outer-container\" data-total=\"1\">\r\n\t\t\t<div class=\"premium-blog-post-container premium-blog-skin-side\">\r\n\t\t\t\t\t\t\t\t\t<div class=\"premium-blog-thumb-effect-wrapper\">\r\n\t\t\t\t\t\t<div class=\"premium-blog-thumbnail-container premium-blog-zoomout-effect\">\r\n\t\t\t\t\t\t\t<img decoding=\"async\" width=\"768\" height=\"432\" src=\"https:\/\/megaradar.com.tr\/wp-content\/uploads\/2025\/10\/ozel-uretim-klemens-768x432.jpg\" class=\"attachment-medium_large size-medium_large wp-image-25711\" alt=\"\" srcset=\"https:\/\/megaradar.com.tr\/wp-content\/uploads\/2025\/10\/ozel-uretim-klemens-768x432.jpg 768w, https:\/\/megaradar.com.tr\/wp-content\/uploads\/2025\/10\/ozel-uretim-klemens-300x169.jpg 300w, https:\/\/megaradar.com.tr\/wp-content\/uploads\/2025\/10\/ozel-uretim-klemens-1024x576.jpg 1024w, https:\/\/megaradar.com.tr\/wp-content\/uploads\/2025\/10\/ozel-uretim-klemens-1536x864.jpg 1536w, https:\/\/megaradar.com.tr\/wp-content\/uploads\/2025\/10\/ozel-uretim-klemens-370x208.jpg 370w, https:\/\/megaradar.com.tr\/wp-content\/uploads\/2025\/10\/ozel-uretim-klemens-1290x725.jpg 1290w, https:\/\/megaradar.com.tr\/wp-content\/uploads\/2025\/10\/ozel-uretim-klemens-840x473.jpg 840w, https:\/\/megaradar.com.tr\/wp-content\/uploads\/2025\/10\/ozel-uretim-klemens-410x231.jpg 410w, https:\/\/megaradar.com.tr\/wp-content\/uploads\/2025\/10\/ozel-uretim-klemens-270x152.jpg 270w, https:\/\/megaradar.com.tr\/wp-content\/uploads\/2025\/10\/ozel-uretim-klemens.jpg 1920w\" sizes=\"(max-width: 768px) 100vw, 768px\" \/>\t\t\t\t\t\t<\/div>\r\n\t\t\t\t\t\t\t\t\t\t\t\t\t<div class=\"premium-blog-thumbnail-overlay\">\r\n\t\t\t\t\t\t\t\t<a class=\"elementor-icon\" href=\"https:\/\/megaradar.com.tr\/en\/industrial-solutions-with-special-design-terminal-blocks\/\" target=\"_self\" aria-hidden=\"true\"><span>Industrial Solutions with Special Design Terminal Blocks<\/span><\/a>\r\n\t\t\t\t\t\t\t<\/div>\r\n\r\n\t\t\t\t\t\t\t\t\t\t\t\t\t\t\t\t\t\t<\/div>\r\n\t\t\t\t\t\t\t\t\t\t\t\t<div class=\"premium-blog-content-wrapper \">\r\n\r\n\t\t\t\t\t<div class=\"premium-blog-inner-container\">\r\n\r\n\t\t\t\t\t\t\t\t\t\t\t\t\t\t<h2 class=\"premium-blog-entry-title\">\r\n\t\t\t<a href=\"https:\/\/megaradar.com.tr\/en\/industrial-solutions-with-special-design-terminal-blocks\/\" target=\"_self\">\r\n\t\t\t\tIndustrial Solutions with Special Design Terminal Blocks\t\t\t<\/a>\r\n\t\t<\/h2>\r\n\t\t\t\t<div class=\"premium-blog-entry-meta\">\r\n\t\t\t\r\n\t\t\t\r\n\t\t\t\r\n\t\t\t\t\t<\/div>\r\n\t\t\r\n\t\t\t\t\t<\/div>\r\n\r\n\t\t\t\t\t\t\t<div class=\"premium-blog-content-inner-wrapper\">\r\n\t\t<p class=\"premium-blog-post-content\">Special Production Capacity When standard products are insufficient to meet the special needs of your project, it is necessary to produce tailor-made solutions. As Mega Radar, we attach great importance&hellip;<\/p><div class=\"premium-blog-excerpt-link-wrap\"><a href=\"https:\/\/megaradar.com.tr\/en\/industrial-solutions-with-special-design-terminal-blocks\/\" target=\"_self\" class=\"premium-blog-excerpt-link elementor-button\">Read More<\/a><\/div>\t\t<\/div>\r\n\t\t\t\t\t\t\t\r\n\t\t\t\t<\/div>\r\n\t\t\t<\/div>\r\n\t\t<\/div>\r\n\r\n\t\t\t\t<div class=\"premium-blog-post-outer-container\" data-total=\"1\">\r\n\t\t\t<div class=\"premium-blog-post-container premium-blog-skin-side\">\r\n\t\t\t\t\t\t\t\t\t<div class=\"premium-blog-thumb-effect-wrapper\">\r\n\t\t\t\t\t\t<div class=\"premium-blog-thumbnail-container premium-blog-zoomout-effect\">\r\n\t\t\t\t\t\t\t<img decoding=\"async\" width=\"768\" height=\"432\" src=\"https:\/\/megaradar.com.tr\/wp-content\/uploads\/2025\/10\/inovasyon-768x432.jpg\" class=\"attachment-medium_large size-medium_large wp-image-25717\" alt=\"\" srcset=\"https:\/\/megaradar.com.tr\/wp-content\/uploads\/2025\/10\/inovasyon-768x432.jpg 768w, https:\/\/megaradar.com.tr\/wp-content\/uploads\/2025\/10\/inovasyon-300x169.jpg 300w, https:\/\/megaradar.com.tr\/wp-content\/uploads\/2025\/10\/inovasyon-1024x576.jpg 1024w, https:\/\/megaradar.com.tr\/wp-content\/uploads\/2025\/10\/inovasyon-1536x864.jpg 1536w, https:\/\/megaradar.com.tr\/wp-content\/uploads\/2025\/10\/inovasyon-370x208.jpg 370w, https:\/\/megaradar.com.tr\/wp-content\/uploads\/2025\/10\/inovasyon-1290x725.jpg 1290w, https:\/\/megaradar.com.tr\/wp-content\/uploads\/2025\/10\/inovasyon-840x473.jpg 840w, https:\/\/megaradar.com.tr\/wp-content\/uploads\/2025\/10\/inovasyon-410x231.jpg 410w, https:\/\/megaradar.com.tr\/wp-content\/uploads\/2025\/10\/inovasyon-270x152.jpg 270w, https:\/\/megaradar.com.tr\/wp-content\/uploads\/2025\/10\/inovasyon.jpg 1920w\" sizes=\"(max-width: 768px) 100vw, 768px\" \/>\t\t\t\t\t\t<\/div>\r\n\t\t\t\t\t\t\t\t\t\t\t\t\t<div class=\"premium-blog-thumbnail-overlay\">\r\n\t\t\t\t\t\t\t\t<a class=\"elementor-icon\" href=\"https:\/\/megaradar.com.tr\/en\/innovation-in-multiple-cable-distribution-5-08mm-rail-type-folded-socket-terminal-block\/\" target=\"_self\" aria-hidden=\"true\"><span>Innovation in Multiple Cable Distribution: 5.08mm Rail Type Folded Socket Terminal Block<\/span><\/a>\r\n\t\t\t\t\t\t\t<\/div>\r\n\r\n\t\t\t\t\t\t\t\t\t\t\t\t\t\t\t\t\t\t<\/div>\r\n\t\t\t\t\t\t\t\t\t\t\t\t<div class=\"premium-blog-content-wrapper \">\r\n\r\n\t\t\t\t\t<div class=\"premium-blog-inner-container\">\r\n\r\n\t\t\t\t\t\t\t\t\t\t\t\t\t\t<h2 class=\"premium-blog-entry-title\">\r\n\t\t\t<a href=\"https:\/\/megaradar.com.tr\/en\/innovation-in-multiple-cable-distribution-5-08mm-rail-type-folded-socket-terminal-block\/\" target=\"_self\">\r\n\t\t\t\tInnovation in Multiple Cable Distribution: 5.08mm Rail Type Folded Socket Terminal Block\t\t\t<\/a>\r\n\t\t<\/h2>\r\n\t\t\t\t<div class=\"premium-blog-entry-meta\">\r\n\t\t\t\r\n\t\t\t\r\n\t\t\t\r\n\t\t\t\t\t<\/div>\r\n\t\t\r\n\t\t\t\t\t<\/div>\r\n\r\n\t\t\t\t\t\t\t<div class=\"premium-blog-content-inner-wrapper\">\r\n\t\t<p class=\"premium-blog-post-content\">Mega Radar offers a revolutionary solution for industrial panel applications: 5.08mm Rail Type Folded Socket Terminal Block. This innovation not only saves space by facilitating multi-cable distribution, but also speeds&hellip;<\/p><div class=\"premium-blog-excerpt-link-wrap\"><a href=\"https:\/\/megaradar.com.tr\/en\/innovation-in-multiple-cable-distribution-5-08mm-rail-type-folded-socket-terminal-block\/\" target=\"_self\" class=\"premium-blog-excerpt-link elementor-button\">Read More<\/a><\/div>\t\t<\/div>\r\n\t\t\t\t\t\t\t\r\n\t\t\t\t<\/div>\r\n\t\t\t<\/div>\r\n\t\t<\/div>\r\n\r\n\t\t\t\t<div class=\"premium-blog-post-outer-container\" data-total=\"1\">\r\n\t\t\t<div class=\"premium-blog-post-container premium-blog-skin-side\">\r\n\t\t\t\t\t\t\t\t\t<div class=\"premium-blog-thumb-effect-wrapper\">\r\n\t\t\t\t\t\t<div class=\"premium-blog-thumbnail-container premium-blog-zoomout-effect\">\r\n\t\t\t\t\t\t\t<img loading=\"lazy\" decoding=\"async\" width=\"768\" height=\"432\" src=\"https:\/\/megaradar.com.tr\/wp-content\/uploads\/2025\/10\/guvenilirlik-768x432.jpg\" class=\"attachment-medium_large size-medium_large wp-image-25703\" alt=\"\" srcset=\"https:\/\/megaradar.com.tr\/wp-content\/uploads\/2025\/10\/guvenilirlik-768x432.jpg 768w, https:\/\/megaradar.com.tr\/wp-content\/uploads\/2025\/10\/guvenilirlik-300x169.jpg 300w, https:\/\/megaradar.com.tr\/wp-content\/uploads\/2025\/10\/guvenilirlik-1024x576.jpg 1024w, https:\/\/megaradar.com.tr\/wp-content\/uploads\/2025\/10\/guvenilirlik-1536x864.jpg 1536w, https:\/\/megaradar.com.tr\/wp-content\/uploads\/2025\/10\/guvenilirlik-370x208.jpg 370w, https:\/\/megaradar.com.tr\/wp-content\/uploads\/2025\/10\/guvenilirlik-1290x725.jpg 1290w, https:\/\/megaradar.com.tr\/wp-content\/uploads\/2025\/10\/guvenilirlik-840x473.jpg 840w, https:\/\/megaradar.com.tr\/wp-content\/uploads\/2025\/10\/guvenilirlik-410x231.jpg 410w, https:\/\/megaradar.com.tr\/wp-content\/uploads\/2025\/10\/guvenilirlik-270x152.jpg 270w, https:\/\/megaradar.com.tr\/wp-content\/uploads\/2025\/10\/guvenilirlik.jpg 1920w\" sizes=\"(max-width: 768px) 100vw, 768px\" \/>\t\t\t\t\t\t<\/div>\r\n\t\t\t\t\t\t\t\t\t\t\t\t\t<div class=\"premium-blog-thumbnail-overlay\">\r\n\t\t\t\t\t\t\t\t<a class=\"elementor-icon\" href=\"https:\/\/megaradar.com.tr\/en\/why-mega-radar-terminals-are-so-safe\/\" target=\"_self\" aria-hidden=\"true\"><span>Why Mega Radar Terminals Are So Safe?<\/span><\/a>\r\n\t\t\t\t\t\t\t<\/div>\r\n\r\n\t\t\t\t\t\t\t\t\t\t\t\t\t\t\t\t\t\t<\/div>\r\n\t\t\t\t\t\t\t\t\t\t\t\t<div class=\"premium-blog-content-wrapper \">\r\n\r\n\t\t\t\t\t<div class=\"premium-blog-inner-container\">\r\n\r\n\t\t\t\t\t\t\t\t\t\t\t\t\t\t<h2 class=\"premium-blog-entry-title\">\r\n\t\t\t<a href=\"https:\/\/megaradar.com.tr\/en\/why-mega-radar-terminals-are-so-safe\/\" target=\"_self\">\r\n\t\t\t\tWhy Mega Radar Terminals Are So Safe?\t\t\t<\/a>\r\n\t\t<\/h2>\r\n\t\t\t\t<div class=\"premium-blog-entry-meta\">\r\n\t\t\t\r\n\t\t\t\r\n\t\t\t\r\n\t\t\t\t\t<\/div>\r\n\t\t\r\n\t\t\t\t\t<\/div>\r\n\r\n\t\t\t\t\t\t\t<div class=\"premium-blog-content-inner-wrapper\">\r\n\t\t<p class=\"premium-blog-post-content\">Mega Radar is a leader in the electrical and electronics industry, providing high quality and reliable terminal block solutions. So, what makes Mega Radar terminal blocks so safe? Here are&hellip;<\/p><div class=\"premium-blog-excerpt-link-wrap\"><a href=\"https:\/\/megaradar.com.tr\/en\/why-mega-radar-terminals-are-so-safe\/\" target=\"_self\" class=\"premium-blog-excerpt-link elementor-button\">Read More<\/a><\/div>\t\t<\/div>\r\n\t\t\t\t\t\t\t\r\n\t\t\t\t<\/div>\r\n\t\t\t<\/div>\r\n\t\t<\/div>\r\n\r\n\t\t\t\t<div class=\"premium-blog-post-outer-container\" data-total=\"1\">\r\n\t\t\t<div class=\"premium-blog-post-container premium-blog-skin-side\">\r\n\t\t\t\t\t\t\t\t\t<div class=\"premium-blog-thumb-effect-wrapper\">\r\n\t\t\t\t\t\t<div class=\"premium-blog-thumbnail-container premium-blog-zoomout-effect\">\r\n\t\t\t\t\t\t\t<img loading=\"lazy\" decoding=\"async\" width=\"768\" height=\"432\" src=\"https:\/\/megaradar.com.tr\/wp-content\/uploads\/2025\/10\/klemens-nedir-768x432.jpg\" class=\"attachment-medium_large size-medium_large wp-image-25704\" alt=\"\" srcset=\"https:\/\/megaradar.com.tr\/wp-content\/uploads\/2025\/10\/klemens-nedir-768x432.jpg 768w, https:\/\/megaradar.com.tr\/wp-content\/uploads\/2025\/10\/klemens-nedir-300x169.jpg 300w, https:\/\/megaradar.com.tr\/wp-content\/uploads\/2025\/10\/klemens-nedir-1024x576.jpg 1024w, https:\/\/megaradar.com.tr\/wp-content\/uploads\/2025\/10\/klemens-nedir-1536x864.jpg 1536w, https:\/\/megaradar.com.tr\/wp-content\/uploads\/2025\/10\/klemens-nedir-370x208.jpg 370w, https:\/\/megaradar.com.tr\/wp-content\/uploads\/2025\/10\/klemens-nedir-1290x725.jpg 1290w, https:\/\/megaradar.com.tr\/wp-content\/uploads\/2025\/10\/klemens-nedir-840x473.jpg 840w, https:\/\/megaradar.com.tr\/wp-content\/uploads\/2025\/10\/klemens-nedir-410x231.jpg 410w, https:\/\/megaradar.com.tr\/wp-content\/uploads\/2025\/10\/klemens-nedir-270x152.jpg 270w, https:\/\/megaradar.com.tr\/wp-content\/uploads\/2025\/10\/klemens-nedir.jpg 1920w\" sizes=\"(max-width: 768px) 100vw, 768px\" \/>\t\t\t\t\t\t<\/div>\r\n\t\t\t\t\t\t\t\t\t\t\t\t\t<div class=\"premium-blog-thumbnail-overlay\">\r\n\t\t\t\t\t\t\t\t<a class=\"elementor-icon\" href=\"https:\/\/megaradar.com.tr\/en\/what-is-a-terminal-block-where-and-how-is-it-used\/\" target=\"_self\" aria-hidden=\"true\"><span>What is a Terminal Block? Where and How is it Used?<\/span><\/a>\r\n\t\t\t\t\t\t\t<\/div>\r\n\r\n\t\t\t\t\t\t\t\t\t\t\t\t\t\t\t\t\t\t<\/div>\r\n\t\t\t\t\t\t\t\t\t\t\t\t<div class=\"premium-blog-content-wrapper \">\r\n\r\n\t\t\t\t\t<div class=\"premium-blog-inner-container\">\r\n\r\n\t\t\t\t\t\t\t\t\t\t\t\t\t\t<h2 class=\"premium-blog-entry-title\">\r\n\t\t\t<a href=\"https:\/\/megaradar.com.tr\/en\/what-is-a-terminal-block-where-and-how-is-it-used\/\" target=\"_self\">\r\n\t\t\t\tWhat is a Terminal Block? Where and How is it Used?\t\t\t<\/a>\r\n\t\t<\/h2>\r\n\t\t\t\t<div class=\"premium-blog-entry-meta\">\r\n\t\t\t\r\n\t\t\t\r\n\t\t\t\r\n\t\t\t\t\t<\/div>\r\n\t\t\r\n\t\t\t\t\t<\/div>\r\n\r\n\t\t\t\t\t\t\t<div class=\"premium-blog-content-inner-wrapper\">\r\n\t\t<p class=\"premium-blog-post-content\">Safe and efficient connection solutions are vital in the electrical and electronics industry. Mega Radar is a leader in the sector with its high quality and innovative terminal block products.&hellip;<\/p><div class=\"premium-blog-excerpt-link-wrap\"><a href=\"https:\/\/megaradar.com.tr\/en\/what-is-a-terminal-block-where-and-how-is-it-used\/\" target=\"_self\" class=\"premium-blog-excerpt-link elementor-button\">Read More<\/a><\/div>\t\t<\/div>\r\n\t\t\t\t\t\t\t\r\n\t\t\t\t<\/div>\r\n\t\t\t<\/div>\r\n\t\t<\/div>\r\n\r\n\t\t\t\t<\/div>\n\n\t\t\t\t<\/div>\n\t\t\t\t<\/div>\n\t\t\t\t\t<\/div>\n\t\t\t\t<\/div>\n\t\t\t\t<\/div>\n\t\t","protected":false},"excerpt":{"rendered":"<p>Mega Radar Information Center Blog 2026&#8217;da Klemensler: Minyat\u00fcrle\u015fmenin, Push-in&#8217;in ve Dijital \u00dcr\u00fcn Pasaportunun Kesi\u015fti\u011fi Yer 2026&#8217;da Klemensler: Minyat\u00fcrle\u015fmenin, Push-in&#8217;in ve Dijital \u00dcr\u00fcn Pasaportunun Kesi\u015fti\u011fi Yer Klemensler, yani terminal bloklar, bir&hellip;<\/p>\n","protected":false},"author":1,"featured_media":0,"parent":0,"menu_order":0,"comment_status":"closed","ping_status":"closed","template":"","meta":{"footnotes":""},"class_list":["post-25731","page","type-page","status-publish","hentry"],"_links":{"self":[{"href":"https:\/\/megaradar.com.tr\/en\/wp-json\/wp\/v2\/pages\/25731","targetHints":{"allow":["GET"]}}],"collection":[{"href":"https:\/\/megaradar.com.tr\/en\/wp-json\/wp\/v2\/pages"}],"about":[{"href":"https:\/\/megaradar.com.tr\/en\/wp-json\/wp\/v2\/types\/page"}],"author":[{"embeddable":true,"href":"https:\/\/megaradar.com.tr\/en\/wp-json\/wp\/v2\/users\/1"}],"replies":[{"embeddable":true,"href":"https:\/\/megaradar.com.tr\/en\/wp-json\/wp\/v2\/comments?post=25731"}],"version-history":[{"count":10,"href":"https:\/\/megaradar.com.tr\/en\/wp-json\/wp\/v2\/pages\/25731\/revisions"}],"predecessor-version":[{"id":27504,"href":"https:\/\/megaradar.com.tr\/en\/wp-json\/wp\/v2\/pages\/25731\/revisions\/27504"}],"wp:attachment":[{"href":"https:\/\/megaradar.com.tr\/en\/wp-json\/wp\/v2\/media?parent=25731"}],"curies":[{"name":"wp","href":"https:\/\/api.w.org\/{rel}","templated":true}]}}