{"id":24232,"date":"2024-05-30T15:54:16","date_gmt":"2024-05-30T12:54:16","guid":{"rendered":"https:\/\/megaradar.com.tr\/procesos-de-suministro-y-distribuidores\/"},"modified":"2026-03-24T22:57:52","modified_gmt":"2026-03-24T19:57:52","slug":"procesos-de-suministro-y-distribuidores","status":"publish","type":"page","link":"https:\/\/megaradar.com.tr\/es\/procesos-de-suministro-y-distribuidores\/","title":{"rendered":"Procesos de suministro y distribuidores"},"content":{"rendered":"\t\t<div data-elementor-type=\"wp-page\" data-elementor-id=\"24232\" class=\"elementor elementor-24232 elementor-21800\">\n\t\t\t\t\t\t<section class=\"elementor-section-with-custom-width elementor-section elementor-top-section elementor-element elementor-element-f03f415 elementor-section-stretched elementor-section-boxed elementor-section-height-default elementor-section-height-default sc_fly_static\" data-id=\"f03f415\" data-element_type=\"section\" data-settings=\"{&quot;stretch_section&quot;:&quot;section-stretched&quot;,&quot;background_background&quot;:&quot;classic&quot;}\">\n\t\t\t\t\t\t<div class=\"elementor-container elementor-column-gap-extended\">\n\t\t\t\t\t<div class=\"elementor-column elementor-col-100 elementor-top-column elementor-element elementor-element-4968d6ad sc_inner_width_none sc_content_align_inherit sc_layouts_column_icons_position_left sc_fly_static\" data-id=\"4968d6ad\" data-element_type=\"column\">\n\t\t\t<div class=\"elementor-widget-wrap elementor-element-populated\">\n\t\t\t\t\t\t<div class=\"elementor-element elementor-element-7cb93b84 sc_fly_static elementor-widget elementor-widget-spacer\" data-id=\"7cb93b84\" data-element_type=\"widget\" data-widget_type=\"spacer.default\">\n\t\t\t\t<div class=\"elementor-widget-container\">\n\t\t\t\t\t<div class=\"elementor-spacer\">\n\t\t\t<div class=\"elementor-spacer-inner\"><\/div>\n\t\t<\/div>\n\t\t\t\t<\/div>\n\t\t\t\t<\/div>\n\t\t\t\t\t<\/div>\n\t\t<\/div>\n\t\t\t\t\t<\/div>\n\t\t<\/section>\n\t\t\t\t<section class=\"elementor-section elementor-top-section elementor-element elementor-element-edee76d elementor-section-full_width elementor-section-height-default elementor-section-height-default sc_fly_static\" data-id=\"edee76d\" data-element_type=\"section\" data-settings=\"{&quot;background_background&quot;:&quot;classic&quot;}\">\n\t\t\t\t\t\t<div class=\"elementor-container elementor-column-gap-default\">\n\t\t\t\t\t<div class=\"elementor-column elementor-col-100 elementor-top-column elementor-element elementor-element-1cc63be6 sc-mobile_inner_width_none sc-mobile_content_align_inherit sc_inner_width_none sc_content_align_inherit sc_layouts_column_icons_position_left sc_fly_static\" data-id=\"1cc63be6\" data-element_type=\"column\">\n\t\t\t<div class=\"elementor-widget-wrap elementor-element-populated\">\n\t\t\t\t\t\t<div class=\"elementor-element elementor-element-483be3a elementor-widget-divider--view-line_text elementor-widget-divider--element-align-center sc_fly_static elementor-widget elementor-widget-divider\" data-id=\"483be3a\" data-element_type=\"widget\" data-widget_type=\"divider.default\">\n\t\t\t\t<div class=\"elementor-widget-container\">\n\t\t\t\t\t<div class=\"elementor-divider\">\n\t\t\t<span class=\"elementor-divider-separator\">\n\t\t\t\t\t\t\t<span class=\"elementor-divider__text elementor-divider__element\">\n\t\t\t\tProcesos de suministro y distribuidores\t\t\t\t<\/span>\n\t\t\t\t\t\t<\/span>\n\t\t<\/div>\n\t\t\t\t<\/div>\n\t\t\t\t<\/div>\n\t\t\t\t\t<\/div>\n\t\t<\/div>\n\t\t\t\t\t<\/div>\n\t\t<\/section>\n\t\t<div class=\"elementor-element elementor-element-e6cf586 e-con-full e-flex sc_inner_width_none sc_layouts_column_icons_position_left e-con e-parent\" data-id=\"e6cf586\" data-element_type=\"container\" data-settings=\"{&quot;background_background&quot;:&quot;classic&quot;}\">\n\t\t<div class=\"elementor-element elementor-element-95fc856 e-flex e-con-boxed sc_inner_width_none sc_layouts_column_icons_position_left e-con e-child\" data-id=\"95fc856\" data-element_type=\"container\">\n\t\t\t\t\t<div class=\"e-con-inner\">\n\t\t\t\t<div class=\"elementor-element elementor-element-e2ccda8 sc_fly_static elementor-widget elementor-widget-html\" data-id=\"e2ccda8\" data-element_type=\"widget\" data-widget_type=\"html.default\">\n\t\t\t\t<div class=\"elementor-widget-container\">\n\t\t\t<nav aria-label=\"Breadcrumb\" class=\"mg-breadcrumbs\">\n  <ol itemscope=\"\" itemtype=\"https:\/\/schema.org\/BreadcrumbList\">\n    <li itemprop=\"itemListElement\" itemscope=\"\" itemtype=\"https:\/\/schema.org\/ListItem\">\n      <a itemprop=\"item\" href=\"\/es\/\"><span itemprop=\"name\">Mega Radar<\/span><\/a>\n      <meta itemprop=\"position\" content=\"1\">\n      <span class=\"bc-separator\"> <i class=\"bc-icon\"><\/i> <\/span>\n    <\/li>\n    <li itemprop=\"itemListElement\" itemscope=\"\" itemtype=\"https:\/\/schema.org\/ListItem\">\n      <span itemprop=\"name\">Empresa<\/span>\n      <meta itemprop=\"position\" content=\"2\">\n      <span class=\"bc-separator\"> <i class=\"bc-icon\"><\/i>  <\/span>\n    <\/li>\n    <li itemprop=\"itemListElement\" itemscope=\"\" itemtype=\"https:\/\/schema.org\/ListItem\">\n      <span itemprop=\"name\">Procesos de suministro y distribuidores<\/span>\n      <meta itemprop=\"position\" content=\"3\">\n    <\/li>\n  <\/ol>\n<\/nav>\t\t<\/div>\n\t\t\t\t<\/div>\n\t\t\t\t\t<\/div>\n\t\t\t\t<\/div>\n\t\t\t\t<\/div>\n\t\t\t\t<section class=\"elementor-section elementor-top-section elementor-element elementor-element-063e840 elementor-section-boxed elementor-section-height-default elementor-section-height-default sc_fly_static\" data-id=\"063e840\" data-element_type=\"section\" data-settings=\"{&quot;background_background&quot;:&quot;classic&quot;}\">\n\t\t\t\t\t\t<div class=\"elementor-container elementor-column-gap-extended\">\n\t\t\t\t\t<div class=\"elementor-column elementor-col-66 elementor-top-column elementor-element elementor-element-51146c54 sc_inner_width_none sc_content_align_inherit sc_layouts_column_icons_position_left sc_fly_static\" data-id=\"51146c54\" data-element_type=\"column\">\n\t\t\t<div class=\"elementor-widget-wrap elementor-element-populated\">\n\t\t\t\t\t\t<div class=\"elementor-element elementor-element-79532c33 elementor-widget__width-inherit sc_fly_static elementor-widget elementor-widget-image\" data-id=\"79532c33\" data-element_type=\"widget\" data-widget_type=\"image.default\">\n\t\t\t\t<div class=\"elementor-widget-container\">\n\t\t\t\t\t\t\t\t\t\t\t\t\t<img fetchpriority=\"high\" decoding=\"async\" width=\"1024\" height=\"576\" src=\"https:\/\/megaradar.com.tr\/wp-content\/uploads\/2024\/07\/tedarik_su\u0308reci_foto-1024x576.jpg\" class=\"attachment-large size-large wp-image-24234\" alt=\"\" srcset=\"https:\/\/megaradar.com.tr\/wp-content\/uploads\/2024\/07\/tedarik_su\u0308reci_foto-1024x576.jpg 1024w, https:\/\/megaradar.com.tr\/wp-content\/uploads\/2024\/07\/tedarik_su\u0308reci_foto-300x169.jpg 300w, https:\/\/megaradar.com.tr\/wp-content\/uploads\/2024\/07\/tedarik_su\u0308reci_foto-768x432.jpg 768w, https:\/\/megaradar.com.tr\/wp-content\/uploads\/2024\/07\/tedarik_su\u0308reci_foto-1536x864.jpg 1536w, https:\/\/megaradar.com.tr\/wp-content\/uploads\/2024\/07\/tedarik_su\u0308reci_foto-370x208.jpg 370w, https:\/\/megaradar.com.tr\/wp-content\/uploads\/2024\/07\/tedarik_su\u0308reci_foto-1290x725.jpg 1290w, https:\/\/megaradar.com.tr\/wp-content\/uploads\/2024\/07\/tedarik_su\u0308reci_foto-840x473.jpg 840w, https:\/\/megaradar.com.tr\/wp-content\/uploads\/2024\/07\/tedarik_su\u0308reci_foto-410x231.jpg 410w, https:\/\/megaradar.com.tr\/wp-content\/uploads\/2024\/07\/tedarik_su\u0308reci_foto-270x152.jpg 270w, https:\/\/megaradar.com.tr\/wp-content\/uploads\/2024\/07\/tedarik_su\u0308reci_foto.jpg 1920w\" sizes=\"(max-width: 1024px) 100vw, 1024px\" \/>\t\t\t\t\t\t\t\t\t\t\t\t\t<\/div>\n\t\t\t\t<\/div>\n\t\t\t\t\t<\/div>\n\t\t<\/div>\n\t\t\t\t<div class=\"elementor-column elementor-col-33 elementor-top-column elementor-element elementor-element-5a55c490 sc_inner_width_none sc_content_align_inherit sc_layouts_column_icons_position_left sc_fly_static\" data-id=\"5a55c490\" data-element_type=\"column\">\n\t\t\t<div class=\"elementor-widget-wrap elementor-element-populated\">\n\t\t\t\t\t\t<div class=\"elementor-element elementor-element-67def9c0 sc_fly_static elementor-widget elementor-widget-heading\" data-id=\"67def9c0\" data-element_type=\"widget\" data-widget_type=\"heading.default\">\n\t\t\t\t<div class=\"elementor-widget-container\">\n\t\t\t<h4 class=\"elementor-heading-title elementor-size-default\">Procesos de contrataci\u00f3n<\/h4>\t\t<\/div>\n\t\t\t\t<\/div>\n\t\t\t\t<div class=\"elementor-element elementor-element-2a65f259 sc_fly_static elementor-widget elementor-widget-spacer\" data-id=\"2a65f259\" data-element_type=\"widget\" data-widget_type=\"spacer.default\">\n\t\t\t\t<div class=\"elementor-widget-container\">\n\t\t\t\t\t<div class=\"elementor-spacer\">\n\t\t\t<div class=\"elementor-spacer-inner\"><\/div>\n\t\t<\/div>\n\t\t\t\t<\/div>\n\t\t\t\t<\/div>\n\t\t\t\t<div class=\"elementor-element elementor-element-15840b4d sc_fly_static elementor-widget elementor-widget-text-editor\" data-id=\"15840b4d\" data-element_type=\"widget\" data-widget_type=\"text-editor.default\">\n\t\t\t\t<div class=\"elementor-widget-container\">\n\t\t\t\t\t\t\t<p class=\"p1\">  Las compras son el primer paso de la producci\u00f3n y los materiales de alta calidad son la base de nuestros productos. Por tanto, nuestra estrategia de compras se basa en establecer relaciones sostenibles con nuestros socios comerciales y mejorar continuamente el rendimiento empresarial dando prioridad a la calidad. La rentabilidad, la seguridad y la innovaci\u00f3n son factores importantes en los que se basa nuestra estrategia de compras.  <br><br> \nSi crees que puedes ser nuestro socio comercial de confianza y a largo plazo, que estar\u00e1 con nosotros manteniendo los altos niveles de calidad de nuestros productos, puedes ponerte en contacto con nosotros rellenando el formulario que aparece a continuaci\u00f3n.  <\/p>\t\t\t\t\t\t<\/div>\n\t\t\t\t<\/div>\n\t\t\t\t<div class=\"elementor-element elementor-element-428c47ae sc_fly_static elementor-widget elementor-widget-spacer\" data-id=\"428c47ae\" data-element_type=\"widget\" data-widget_type=\"spacer.default\">\n\t\t\t\t<div class=\"elementor-widget-container\">\n\t\t\t\t\t<div class=\"elementor-spacer\">\n\t\t\t<div class=\"elementor-spacer-inner\"><\/div>\n\t\t<\/div>\n\t\t\t\t<\/div>\n\t\t\t\t<\/div>\n\t\t\t\t<div class=\"elementor-element elementor-element-1b8e228 explore-button elementor-align-left elementor-mobile-align-left sc_fly_static elementor-widget elementor-widget-button\" data-id=\"1b8e228\" data-element_type=\"widget\" data-widget_type=\"button.default\">\n\t\t\t\t<div class=\"elementor-widget-container\">\n\t\t\t\t\t\t\t<div class=\"elementor-button-wrapper\">\n\t\t\t\t\t<a class=\"elementor-button elementor-button-link elementor-size-sm\" href=\"#supplier-app-form\">\n\t\t\t\t\t\t<span class=\"elementor-button-content-wrapper\">\n\t\t\t\t\t\t<span class=\"elementor-button-icon\">\n\t\t\t\t<svg aria-hidden=\"true\" class=\"e-font-icon-svg e-fas-caret-down\" viewBox=\"0 0 320 512\" xmlns=\"http:\/\/www.w3.org\/2000\/svg\"><path d=\"M31.3 192h257.3c17.8 0 26.7 21.5 14.1 34.1L174.1 354.8c-7.8 7.8-20.5 7.8-28.3 0L17.2 226.1C4.6 213.5 13.5 192 31.3 192z\"><\/path><\/svg>\t\t\t<\/span>\n\t\t\t\t\t\t\t\t\t<span class=\"elementor-button-text\">Formulario de solicitud para proveedores<\/span>\n\t\t\t\t\t<\/span>\n\t\t\t\t\t<\/a>\n\t\t\t\t<\/div>\n\t\t\t\t\t\t<\/div>\n\t\t\t\t<\/div>\n\t\t\t\t\t<\/div>\n\t\t<\/div>\n\t\t\t\t\t<\/div>\n\t\t<\/section>\n\t\t\t\t<section class=\"elementor-section elementor-top-section elementor-element elementor-element-188ab1b elementor-reverse-mobile elementor-section-boxed elementor-section-height-default elementor-section-height-default sc_fly_static\" data-id=\"188ab1b\" data-element_type=\"section\" data-settings=\"{&quot;background_background&quot;:&quot;classic&quot;}\">\n\t\t\t\t\t\t<div class=\"elementor-container elementor-column-gap-extended\">\n\t\t\t\t\t<div class=\"elementor-column elementor-col-33 elementor-top-column elementor-element elementor-element-6b58b13b sc_inner_width_none sc_content_align_inherit sc_layouts_column_icons_position_left sc_fly_static\" data-id=\"6b58b13b\" data-element_type=\"column\">\n\t\t\t<div class=\"elementor-widget-wrap elementor-element-populated\">\n\t\t\t\t\t\t<div class=\"elementor-element elementor-element-bedaba5 sc_fly_static elementor-widget elementor-widget-heading\" data-id=\"bedaba5\" data-element_type=\"widget\" data-widget_type=\"heading.default\">\n\t\t\t\t<div class=\"elementor-widget-container\">\n\t\t\t<h4 class=\"elementor-heading-title elementor-size-default\">Distribuidores<\/h4>\t\t<\/div>\n\t\t\t\t<\/div>\n\t\t\t\t<div class=\"elementor-element elementor-element-3780cee0 sc_fly_static elementor-widget elementor-widget-spacer\" data-id=\"3780cee0\" data-element_type=\"widget\" data-widget_type=\"spacer.default\">\n\t\t\t\t<div class=\"elementor-widget-container\">\n\t\t\t\t\t<div class=\"elementor-spacer\">\n\t\t\t<div class=\"elementor-spacer-inner\"><\/div>\n\t\t<\/div>\n\t\t\t\t<\/div>\n\t\t\t\t<\/div>\n\t\t\t\t<div class=\"elementor-element elementor-element-5c845913 sc_fly_static elementor-widget elementor-widget-text-editor\" data-id=\"5c845913\" data-element_type=\"widget\" data-widget_type=\"text-editor.default\">\n\t\t\t\t<div class=\"elementor-widget-container\">\n\t\t\t\t\t\t\t<p class=\"p1\">Los productos de MEGA RADAR est\u00e1n disponibles en los mercados de Europa y Am\u00e9rica Latina a trav\u00e9s de nuestros distribuidores de confianza.<\/p>\n<p class=\"p1\">Nuestros socios estrat\u00e9gicos representan los valores de nuestra marca al ofrecer soporte t\u00e9cnico local, entregas r\u00e1pidas y relaciones s\u00f3lidas con los clientes.<\/p>\n<p class=\"p1\">Actualmente, nuestros distribuidores se encuentran en las siguientes regiones:<\/p>\n<ul class=\"ul1\" style=\"padding-left: 12px;\">\n<li class=\"li1\">Europa: Polonia<\/li>\n<li class=\"li1\">Am\u00e9rica Latina: M\u00e9xico, Colombia<\/li>\n<\/ul>\n<p class=\"p1\">Para acceder a nuestros productos o ponerse en contacto con nuestros distribuidores locales, no dude en comunicarse con nosotros.<\/p>\t\t\t\t\t\t<\/div>\n\t\t\t\t<\/div>\n\t\t\t\t<div class=\"elementor-element elementor-element-46828bc explore-button sc_fly_static elementor-widget elementor-widget-button\" data-id=\"46828bc\" data-element_type=\"widget\" data-widget_type=\"button.default\">\n\t\t\t\t<div class=\"elementor-widget-container\">\n\t\t\t\t\t\t\t<div class=\"elementor-button-wrapper\">\n\t\t\t\t\t<a class=\"elementor-button elementor-button-link elementor-size-sm\" href=\"mailto:elif@megaradar.com.tr\">\n\t\t\t\t\t\t<span class=\"elementor-button-content-wrapper\">\n\t\t\t\t\t\t<span class=\"elementor-button-icon\">\n\t\t\t\t<svg xmlns=\"http:\/\/www.w3.org\/2000\/svg\" clip-rule=\"evenodd\" fill-rule=\"evenodd\" stroke-linejoin=\"round\" stroke-miterlimit=\"2\" viewBox=\"0 0 24 24\"><path d=\"m12.012 1.995c-5.518 0-9.998 4.48-9.998 9.998s4.48 9.998 9.998 9.998 9.997-4.48 9.997-9.998-4.479-9.998-9.997-9.998zm0 1.5c4.69 0 8.497 3.808 8.497 8.498s-3.807 8.498-8.497 8.498-8.498-3.808-8.498-8.498 3.808-8.498 8.498-8.498zm1.528 4.715s1.502 1.505 3.255 3.259c.146.147.219.339.219.531s-.073.383-.219.53c-1.753 1.754-3.254 3.258-3.254 3.258-.145.145-.336.217-.527.217-.191-.001-.383-.074-.53-.221-.293-.293-.295-.766-.004-1.057l1.978-1.977h-6.694c-.414 0-.75-.336-.75-.75s.336-.75.75-.75h6.694l-1.979-1.979c-.289-.289-.286-.762.006-1.054.147-.147.339-.221.531-.222.19 0 .38.071.524.215z\" fill-rule=\"nonzero\"><\/path><\/svg>\t\t\t<\/span>\n\t\t\t\t\t\t\t\t\t<span class=\"elementor-button-text\">Contacta con nosotros<\/span>\n\t\t\t\t\t<\/span>\n\t\t\t\t\t<\/a>\n\t\t\t\t<\/div>\n\t\t\t\t\t\t<\/div>\n\t\t\t\t<\/div>\n\t\t\t\t\t<\/div>\n\t\t<\/div>\n\t\t\t\t<div class=\"elementor-column elementor-col-66 elementor-top-column elementor-element elementor-element-232a7cf3 sc_inner_width_none sc_content_align_inherit sc_layouts_column_icons_position_left sc_fly_static\" data-id=\"232a7cf3\" data-element_type=\"column\">\n\t\t\t<div class=\"elementor-widget-wrap elementor-element-populated\">\n\t\t\t\t\t\t<div class=\"elementor-element elementor-element-190578b6 sc_fly_static elementor-widget elementor-widget-image\" data-id=\"190578b6\" data-element_type=\"widget\" data-widget_type=\"image.default\">\n\t\t\t\t<div class=\"elementor-widget-container\">\n\t\t\t\t\t\t\t\t\t\t\t\t\t<img decoding=\"async\" width=\"1024\" height=\"576\" src=\"https:\/\/megaradar.com.tr\/wp-content\/uploads\/2024\/07\/distrbutors-1024x576.jpg\" class=\"attachment-large size-large wp-image-24236\" alt=\"\" srcset=\"https:\/\/megaradar.com.tr\/wp-content\/uploads\/2024\/07\/distrbutors-1024x576.jpg 1024w, https:\/\/megaradar.com.tr\/wp-content\/uploads\/2024\/07\/distrbutors-300x169.jpg 300w, https:\/\/megaradar.com.tr\/wp-content\/uploads\/2024\/07\/distrbutors-768x432.jpg 768w, https:\/\/megaradar.com.tr\/wp-content\/uploads\/2024\/07\/distrbutors-1536x864.jpg 1536w, https:\/\/megaradar.com.tr\/wp-content\/uploads\/2024\/07\/distrbutors-370x208.jpg 370w, https:\/\/megaradar.com.tr\/wp-content\/uploads\/2024\/07\/distrbutors-1290x725.jpg 1290w, https:\/\/megaradar.com.tr\/wp-content\/uploads\/2024\/07\/distrbutors-840x473.jpg 840w, https:\/\/megaradar.com.tr\/wp-content\/uploads\/2024\/07\/distrbutors-410x231.jpg 410w, https:\/\/megaradar.com.tr\/wp-content\/uploads\/2024\/07\/distrbutors-270x152.jpg 270w, https:\/\/megaradar.com.tr\/wp-content\/uploads\/2024\/07\/distrbutors.jpg 1920w\" sizes=\"(max-width: 1024px) 100vw, 1024px\" \/>\t\t\t\t\t\t\t\t\t\t\t\t\t<\/div>\n\t\t\t\t<\/div>\n\t\t\t\t\t<\/div>\n\t\t<\/div>\n\t\t\t\t\t<\/div>\n\t\t<\/section>\n\t\t\t\t<section class=\"elementor-section elementor-top-section elementor-element elementor-element-c919518 elementor-section-boxed elementor-section-height-default elementor-section-height-default sc_fly_static\" data-id=\"c919518\" data-element_type=\"section\" id=\"supplier-app-form\" data-settings=\"{&quot;background_background&quot;:&quot;classic&quot;}\">\n\t\t\t\t\t\t<div class=\"elementor-container elementor-column-gap-extended\">\n\t\t\t\t\t<div class=\"elementor-column elementor-col-66 elementor-top-column elementor-element elementor-element-5e3daa48 sc_inner_width_none sc_content_align_inherit sc_layouts_column_icons_position_left sc_fly_static\" data-id=\"5e3daa48\" data-element_type=\"column\">\n\t\t\t<div class=\"elementor-widget-wrap elementor-element-populated\">\n\t\t\t\t\t\t<div class=\"elementor-element elementor-element-71ef1a28 sc_fly_static elementor-widget elementor-widget-trx_sc_title\" data-id=\"71ef1a28\" data-element_type=\"widget\" data-widget_type=\"trx_sc_title.default\">\n\t\t\t\t<div class=\"elementor-widget-container\">\n\t\t\t<div\t\tclass=\"sc_title sc_title_default\" ><h1 class=\"sc_item_title sc_title_title sc_item_title_style_default sc_item_title_tag\"\n\t\t\t><span class=\"sc_item_title_text\">Formulario de solicitud para proveedores<\/span><\/h1><\/div>\t\t<\/div>\n\t\t\t\t<\/div>\n\t\t\t\t<div class=\"elementor-element elementor-element-3f2482c elementor-widget__width-inherit premium-cf7-button-fwidth-yes sc_fly_static elementor-widget elementor-widget-premium-contact-form\" data-id=\"3f2482c\" data-element_type=\"widget\" data-widget_type=\"premium-contact-form.default\">\n\t\t\t\t<div class=\"elementor-widget-container\">\n\t\t\t\r\n\t\t\t\r\n\t\t\t<div class=\"premium-cf7-container\">\r\n\t\t\t\t\n<div class=\"wpcf7 no-js\" id=\"wpcf7-f24968-o1\" lang=\"es-ES\" dir=\"ltr\" data-wpcf7-id=\"24968\">\n<div class=\"screen-reader-response\"><p role=\"status\" aria-live=\"polite\" aria-atomic=\"true\"><\/p> <ul><\/ul><\/div>\n<form action=\"\/es\/wp-json\/wp\/v2\/pages\/24232#wpcf7-f24968-o1\" method=\"post\" class=\"wpcf7-form init\" aria-label=\"Formulario de contacto\" novalidate=\"novalidate\" data-status=\"init\">\n<div style=\"display: none;\">\n<input type=\"hidden\" name=\"_wpcf7\" value=\"24968\" \/>\n<input type=\"hidden\" name=\"_wpcf7_version\" value=\"6.0.3\" \/>\n<input type=\"hidden\" name=\"_wpcf7_locale\" value=\"es_ES\" \/>\n<input type=\"hidden\" name=\"_wpcf7_unit_tag\" value=\"wpcf7-f24968-o1\" \/>\n<input type=\"hidden\" name=\"_wpcf7_container_post\" value=\"0\" \/>\n<input type=\"hidden\" name=\"_wpcf7_posted_data_hash\" value=\"\" \/>\n<\/div>\n<p><label>Nombre\/Apellidos * <span class=\"wpcf7-form-control-wrap\" data-name=\"your-name\"><input size=\"40\" maxlength=\"400\" class=\"wpcf7-form-control wpcf7-text wpcf7-validates-as-required\" aria-required=\"true\" aria-invalid=\"false\" value=\"\" type=\"text\" name=\"your-name\" \/><\/span><\/label><br \/>\n<label>Env\u00eda un correo electr\u00f3nico a <span class=\"wpcf7-form-control-wrap\" data-name=\"your-email\"><input size=\"40\" maxlength=\"400\" class=\"wpcf7-form-control wpcf7-email wpcf7-validates-as-required wpcf7-text wpcf7-validates-as-email\" aria-required=\"true\" aria-invalid=\"false\" value=\"\" type=\"email\" name=\"your-email\" \/><\/span><\/label><br \/>\n<label>N\u00famero de tel\u00e9fono * <span class=\"wpcf7-form-control-wrap\" data-name=\"your-tel\"><input size=\"40\" maxlength=\"400\" class=\"wpcf7-form-control wpcf7-tel wpcf7-validates-as-required wpcf7-text wpcf7-validates-as-tel\" aria-required=\"true\" aria-invalid=\"false\" value=\"\" type=\"tel\" name=\"your-tel\" \/><\/span><\/label><br \/>\n<label>Nombre de la empresa * <span class=\"wpcf7-form-control-wrap\" data-name=\"your-company\"><input size=\"40\" maxlength=\"400\" class=\"wpcf7-form-control wpcf7-text wpcf7-validates-as-required\" aria-required=\"true\" aria-invalid=\"false\" value=\"\" type=\"text\" name=\"your-company\" \/><\/span><\/label><br \/>\n<label>Adelante * <span class=\"wpcf7-form-control-wrap\" data-name=\"your-message\"><textarea cols=\"40\" rows=\"10\" maxlength=\"2000\" class=\"wpcf7-form-control wpcf7-textarea wpcf7-validates-as-required\" aria-required=\"true\" aria-invalid=\"false\" name=\"your-message\"><\/textarea><\/span><\/label>\n<\/p>\n<p><input class=\"wpcf7-form-control wpcf7-submit has-spinner\" type=\"submit\" value=\"Env\u00eda\" \/>\n<\/p><div class=\"wpcf7-response-output\" aria-hidden=\"true\"><\/div>\n<\/form>\n<\/div>\n\t\t\t<\/div>\r\n\r\n\t\t\t\t\t<\/div>\n\t\t\t\t<\/div>\n\t\t\t\t\t<\/div>\n\t\t<\/div>\n\t\t\t\t<div class=\"elementor-column elementor-col-33 elementor-top-column elementor-element elementor-element-68e5757f sc_inner_width_none sc_content_align_inherit sc_layouts_column_icons_position_left sc_fly_static\" data-id=\"68e5757f\" data-element_type=\"column\">\n\t\t\t<div class=\"elementor-widget-wrap\">\n\t\t\t\t\t\t\t<\/div>\n\t\t<\/div>\n\t\t\t\t\t<\/div>\n\t\t<\/section>\n\t\t\t\t<\/div>\n\t\t","protected":false},"excerpt":{"rendered":"<p>Procesos de suministro y distribuidores Mega Radar Empresa Procesos de suministro y distribuidores Procesos de contrataci\u00f3n Las compras son el primer paso de la producci\u00f3n y los materiales de alta&hellip;<\/p>\n","protected":false},"author":1,"featured_media":0,"parent":0,"menu_order":0,"comment_status":"closed","ping_status":"closed","template":"","meta":{"footnotes":""},"class_list":["post-24232","page","type-page","status-publish","hentry"],"_links":{"self":[{"href":"https:\/\/megaradar.com.tr\/es\/wp-json\/wp\/v2\/pages\/24232","targetHints":{"allow":["GET"]}}],"collection":[{"href":"https:\/\/megaradar.com.tr\/es\/wp-json\/wp\/v2\/pages"}],"about":[{"href":"https:\/\/megaradar.com.tr\/es\/wp-json\/wp\/v2\/types\/page"}],"author":[{"embeddable":true,"href":"https:\/\/megaradar.com.tr\/es\/wp-json\/wp\/v2\/users\/1"}],"replies":[{"embeddable":true,"href":"https:\/\/megaradar.com.tr\/es\/wp-json\/wp\/v2\/comments?post=24232"}],"version-history":[{"count":12,"href":"https:\/\/megaradar.com.tr\/es\/wp-json\/wp\/v2\/pages\/24232\/revisions"}],"predecessor-version":[{"id":27390,"href":"https:\/\/megaradar.com.tr\/es\/wp-json\/wp\/v2\/pages\/24232\/revisions\/27390"}],"wp:attachment":[{"href":"https:\/\/megaradar.com.tr\/es\/wp-json\/wp\/v2\/media?parent=24232"}],"curies":[{"name":"wp","href":"https:\/\/api.w.org\/{rel}","templated":true}]}}