{"id":24929,"date":"2024-02-05T23:06:59","date_gmt":"2024-02-05T20:06:59","guid":{"rendered":"https:\/\/megaradar.com.tr\/formulario-de-devolucion-de-llamada\/"},"modified":"2025-12-21T03:47:07","modified_gmt":"2025-12-21T00:47:07","slug":"formulario-de-devolucion-de-llamada","status":"publish","type":"page","link":"https:\/\/megaradar.com.tr\/es\/formulario-de-devolucion-de-llamada\/","title":{"rendered":"Formulario de devoluci\u00f3n de llamada"},"content":{"rendered":"\t\t<div data-elementor-type=\"wp-page\" data-elementor-id=\"24929\" class=\"elementor elementor-24929 elementor-20388\">\n\t\t\t\t\t\t<section class=\"elementor-section elementor-top-section elementor-element elementor-element-9615546 hikayemiz elementor-section-boxed elementor-section-height-default elementor-section-height-default sc_fly_static\" data-id=\"9615546\" data-element_type=\"section\" id=\"hikayemiz\">\n\t\t\t\t\t\t<div class=\"elementor-container elementor-column-gap-extended\">\n\t\t\t\t\t<div class=\"elementor-column elementor-col-66 elementor-top-column elementor-element elementor-element-40dd174d sc_inner_width_none sc_content_align_inherit sc_layouts_column_icons_position_left sc_fly_static\" data-id=\"40dd174d\" data-element_type=\"column\">\n\t\t\t<div class=\"elementor-widget-wrap elementor-element-populated\">\n\t\t\t\t\t\t<div class=\"elementor-element elementor-element-2b323438 sc_fly_static elementor-widget elementor-widget-trx_sc_title\" data-id=\"2b323438\" data-element_type=\"widget\" data-widget_type=\"trx_sc_title.default\">\n\t\t\t\t<div class=\"elementor-widget-container\">\n\t\t\t<div\t\tclass=\"sc_title sc_title_default\" ><h1 class=\"sc_item_title sc_title_title sc_item_title_style_default sc_item_title_tag\"\n\t\t\t><span class=\"sc_item_title_text\">Solicitud de devoluci\u00f3n de llamada<\/span><\/h1><\/div>\t\t<\/div>\n\t\t\t\t<\/div>\n\t\t\t\t<div class=\"elementor-element elementor-element-9d2896b elementor-widget__width-inherit premium-cf7-button-fwidth-yes sc_fly_static elementor-widget elementor-widget-premium-contact-form\" data-id=\"9d2896b\" data-element_type=\"widget\" data-widget_type=\"premium-contact-form.default\">\n\t\t\t\t<div class=\"elementor-widget-container\">\n\t\t\t\r\n\t\t\t\r\n\t\t\t<div class=\"premium-cf7-container\">\r\n\t\t\t\t\n<div class=\"wpcf7 no-js\" id=\"wpcf7-f24966-o1\" lang=\"es-ES\" dir=\"ltr\" data-wpcf7-id=\"24966\">\n<div class=\"screen-reader-response\"><p role=\"status\" aria-live=\"polite\" aria-atomic=\"true\"><\/p> <ul><\/ul><\/div>\n<form action=\"\/es\/wp-json\/wp\/v2\/pages\/24929#wpcf7-f24966-o1\" method=\"post\" class=\"wpcf7-form init\" aria-label=\"Formulario de contacto\" novalidate=\"novalidate\" data-status=\"init\">\n<div style=\"display: none;\">\n<input type=\"hidden\" name=\"_wpcf7\" value=\"24966\" \/>\n<input type=\"hidden\" name=\"_wpcf7_version\" value=\"6.0.3\" \/>\n<input type=\"hidden\" name=\"_wpcf7_locale\" value=\"es_ES\" \/>\n<input type=\"hidden\" name=\"_wpcf7_unit_tag\" value=\"wpcf7-f24966-o1\" \/>\n<input type=\"hidden\" name=\"_wpcf7_container_post\" value=\"0\" \/>\n<input type=\"hidden\" name=\"_wpcf7_posted_data_hash\" value=\"\" \/>\n<\/div>\n<p><label>Nombre\/Apellidos * <span class=\"wpcf7-form-control-wrap\" data-name=\"your-name\"><input size=\"40\" maxlength=\"400\" class=\"wpcf7-form-control wpcf7-text wpcf7-validates-as-required\" aria-required=\"true\" aria-invalid=\"false\" value=\"\" type=\"text\" name=\"your-name\" \/><\/span><\/label><br \/>\n<label>Env\u00eda un correo electr\u00f3nico a <span class=\"wpcf7-form-control-wrap\" data-name=\"your-email\"><input size=\"40\" maxlength=\"400\" class=\"wpcf7-form-control wpcf7-email wpcf7-validates-as-required wpcf7-text wpcf7-validates-as-email\" aria-required=\"true\" aria-invalid=\"false\" value=\"\" type=\"email\" name=\"your-email\" \/><\/span><\/label><br \/>\n<label>N\u00famero de tel\u00e9fono * <span class=\"wpcf7-form-control-wrap\" data-name=\"your-tel\"><input size=\"40\" maxlength=\"400\" class=\"wpcf7-form-control wpcf7-tel wpcf7-validates-as-required wpcf7-text wpcf7-validates-as-tel\" aria-required=\"true\" aria-invalid=\"false\" value=\"\" type=\"tel\" name=\"your-tel\" \/><\/span><\/label><br \/>\n<label>Tu mensaje * <span class=\"wpcf7-form-control-wrap\" data-name=\"your-message\"><textarea cols=\"40\" rows=\"10\" maxlength=\"2000\" class=\"wpcf7-form-control wpcf7-textarea wpcf7-validates-as-required\" aria-required=\"true\" aria-invalid=\"false\" placeholder=\"Por favor, describe detalladamente tu consulta para que podamos ofrecerte el mejor servicio posible. Si tienes una persona de contacto concreta, ind\u00edcanos su nombre.\" name=\"your-message\"><\/textarea><\/span><\/label><br \/>\n<label>\u00bfCu\u00e1ndo prefieres que nos pongamos en contacto contigo? * <span class=\"wpcf7-form-control-wrap\" data-name=\"menu-dia\"><select class=\"wpcf7-form-control wpcf7-select wpcf7-validates-as-required\" aria-required=\"true\" aria-invalid=\"false\" name=\"menu-dia\"><option value=\"Lunes\">Lunes<\/option><option value=\"Martes\">Martes<\/option><option value=\"Mi\u00e9rcoles\">Mi\u00e9rcoles<\/option><option value=\"Jueves\">Jueves<\/option><option value=\"Viernes\">Viernes<\/option><\/select><\/span><\/label><br \/>\n<label>\u00bfCu\u00e1l es la mejor franja horaria para nuestra b\u00fasqueda? * <span class=\"wpcf7-form-control-wrap\" data-name=\"menu-time\"><select class=\"wpcf7-form-control wpcf7-select wpcf7-validates-as-required\" aria-required=\"true\" aria-invalid=\"false\" name=\"menu-time\"><option value=\"08:00 - 10:00\">08:00 - 10:00<\/option><option value=\"10:00 - 12:00\">10:00 - 12:00<\/option><option value=\"12:00 - 14:00\">12:00 - 14:00<\/option><option value=\"14:00 - 16:00\">14:00 - 16:00<\/option><option value=\"16:00 - 18:00\">16:00 - 18:00<\/option><\/select><\/span><\/label>\n<\/p>\n<p><input class=\"wpcf7-form-control wpcf7-submit has-spinner\" type=\"submit\" value=\"Env\u00eda\" \/>\n<\/p><div class=\"wpcf7-response-output\" aria-hidden=\"true\"><\/div>\n<\/form>\n<\/div>\n\t\t\t<\/div>\r\n\r\n\t\t\t\t\t<\/div>\n\t\t\t\t<\/div>\n\t\t\t\t\t<\/div>\n\t\t<\/div>\n\t\t\t\t<div class=\"elementor-column elementor-col-33 elementor-top-column elementor-element elementor-element-6615aa3b sc_inner_width_none sc_content_align_inherit sc_layouts_column_icons_position_left sc_fly_static\" data-id=\"6615aa3b\" data-element_type=\"column\">\n\t\t\t<div class=\"elementor-widget-wrap\">\n\t\t\t\t\t\t\t<\/div>\n\t\t<\/div>\n\t\t\t\t\t<\/div>\n\t\t<\/section>\n\t\t\t\t<\/div>\n\t\t","protected":false},"excerpt":{"rendered":"<p>Solicitud de devoluci\u00f3n de llamada Ad\/Soyad * E-posta * Telefon Numaras\u0131 * \u0130letiniz * Size ne zaman ula\u015fmam\u0131z\u0131 tercih edersiniz? * PazartesiSal\u0131\u00c7ar\u015fambaPer\u015fembeCuma Aramam\u0131z i\u00e7in en uygun saat aral\u0131\u011f\u0131n\u0131z nedir? *&hellip;<\/p>\n","protected":false},"author":1,"featured_media":0,"parent":0,"menu_order":0,"comment_status":"closed","ping_status":"closed","template":"","meta":{"footnotes":""},"class_list":["post-24929","page","type-page","status-publish","hentry"],"_links":{"self":[{"href":"https:\/\/megaradar.com.tr\/es\/wp-json\/wp\/v2\/pages\/24929","targetHints":{"allow":["GET"]}}],"collection":[{"href":"https:\/\/megaradar.com.tr\/es\/wp-json\/wp\/v2\/pages"}],"about":[{"href":"https:\/\/megaradar.com.tr\/es\/wp-json\/wp\/v2\/types\/page"}],"author":[{"embeddable":true,"href":"https:\/\/megaradar.com.tr\/es\/wp-json\/wp\/v2\/users\/1"}],"replies":[{"embeddable":true,"href":"https:\/\/megaradar.com.tr\/es\/wp-json\/wp\/v2\/comments?post=24929"}],"version-history":[{"count":5,"href":"https:\/\/megaradar.com.tr\/es\/wp-json\/wp\/v2\/pages\/24929\/revisions"}],"predecessor-version":[{"id":27040,"href":"https:\/\/megaradar.com.tr\/es\/wp-json\/wp\/v2\/pages\/24929\/revisions\/27040"}],"wp:attachment":[{"href":"https:\/\/megaradar.com.tr\/es\/wp-json\/wp\/v2\/media?parent=24929"}],"curies":[{"name":"wp","href":"https:\/\/api.w.org\/{rel}","templated":true}]}}