{"id":25433,"date":"2024-09-30T18:26:22","date_gmt":"2024-09-30T15:26:22","guid":{"rendered":"https:\/\/megaradar.com.tr\/productos-complementarios\/"},"modified":"2025-12-21T01:34:50","modified_gmt":"2025-12-20T22:34:50","slug":"productos-complementarios","status":"publish","type":"page","link":"https:\/\/megaradar.com.tr\/es\/productos-complementarios\/","title":{"rendered":"Productos complementarios"},"content":{"rendered":"\t\t<div data-elementor-type=\"wp-page\" data-elementor-id=\"25433\" class=\"elementor elementor-25433 elementor-22870\">\n\t\t\t\t<div class=\"elementor-element elementor-element-2d0d326 e-con-full e-flex sc_inner_width_none sc_layouts_column_icons_position_left e-con e-parent\" data-id=\"2d0d326\" data-element_type=\"container\" data-settings=\"{&quot;background_background&quot;:&quot;classic&quot;}\">\n\t\t<div class=\"elementor-element elementor-element-57b109a e-flex e-con-boxed sc_inner_width_none sc_layouts_column_icons_position_left e-con e-child\" data-id=\"57b109a\" data-element_type=\"container\">\n\t\t\t\t\t<div class=\"e-con-inner\">\n\t\t\t\t<div class=\"elementor-element elementor-element-c518ae9 sc_fly_static elementor-widget elementor-widget-html\" data-id=\"c518ae9\" data-element_type=\"widget\" data-widget_type=\"html.default\">\n\t\t\t\t<div class=\"elementor-widget-container\">\n\t\t\t<nav aria-label=\"Breadcrumb\" class=\"mg-breadcrumbs\">\n  <ol itemscope=\"\" itemtype=\"https:\/\/schema.org\/BreadcrumbList\">\n    <li itemprop=\"itemListElement\" itemscope=\"\" itemtype=\"https:\/\/schema.org\/ListItem\">\n      <a itemprop=\"item\" href=\"\/es\/\"><span itemprop=\"name\">Mega Radar<\/span><\/a>\n      <meta itemprop=\"position\" content=\"1\">\n      <span class=\"bc-separator\"> <i class=\"bc-icon\"><\/i> <\/span>\n    <\/li>\n    <li itemprop=\"itemListElement\" itemscope=\"\" itemtype=\"https:\/\/schema.org\/ListItem\">\n      <a itemprop=\"item\" href=\"\/es\/productos\/\"><span itemprop=\"name\">Productos<\/span><\/a>\n      <meta itemprop=\"position\" content=\"2\">\n      <span class=\"bc-separator\"> <i class=\"bc-icon\"><\/i>  <\/span>\n    <\/li>\n    <li itemprop=\"itemListElement\" itemscope=\"\" itemtype=\"https:\/\/schema.org\/ListItem\">\n      <span itemprop=\"name\">Productos complementarios<\/span>\n      <meta itemprop=\"position\" content=\"3\">\n    <\/li>\n  <\/ol>\n<\/nav>\t\t<\/div>\n\t\t\t\t<\/div>\n\t\t\t\t\t<\/div>\n\t\t\t\t<\/div>\n\t\t\t\t<\/div>\n\t\t\t\t<section class=\"elementor-section-with-custom-width elementor-section elementor-top-section elementor-element elementor-element-78ab699 scheme_default elementor-section-stretched elementor-section-boxed elementor-section-height-default elementor-section-height-default sc_fly_static\" data-id=\"78ab699\" data-element_type=\"section\" data-settings=\"{&quot;background_background&quot;:&quot;classic&quot;,&quot;stretch_section&quot;:&quot;section-stretched&quot;}\">\n\t\t\t\t\t\t<div class=\"elementor-container elementor-column-gap-extended\">\n\t\t\t\t\t<div class=\"elementor-column elementor-col-100 elementor-top-column elementor-element elementor-element-275e6797 sc_inner_width_none sc_content_align_inherit sc_layouts_column_icons_position_left sc_fly_static\" data-id=\"275e6797\" data-element_type=\"column\">\n\t\t\t<div class=\"elementor-widget-wrap elementor-element-populated\">\n\t\t\t\t\t\t<div class=\"elementor-element elementor-element-72b27881 sc_height_medium sc_fly_static elementor-widget elementor-widget-spacer\" data-id=\"72b27881\" data-element_type=\"widget\" data-widget_type=\"spacer.default\">\n\t\t\t\t<div class=\"elementor-widget-container\">\n\t\t\t\t\t<div class=\"elementor-spacer\">\n\t\t\t<div class=\"elementor-spacer-inner\"><\/div>\n\t\t<\/div>\n\t\t\t\t<\/div>\n\t\t\t\t<\/div>\n\t\t\t\t<section class=\"elementor-section elementor-inner-section elementor-element elementor-element-5b9e4c9 elementor-section-boxed elementor-section-height-default elementor-section-height-default sc_fly_static\" data-id=\"5b9e4c9\" data-element_type=\"section\">\n\t\t\t\t\t\t<div class=\"elementor-container elementor-column-gap-no\">\n\t\t\t\t\t<div class=\"elementor-column elementor-col-50 elementor-inner-column elementor-element elementor-element-a8c8577 sc_inner_width_none sc_content_align_inherit sc_layouts_column_icons_position_left sc_fly_static\" data-id=\"a8c8577\" data-element_type=\"column\">\n\t\t\t<div class=\"elementor-widget-wrap elementor-element-populated\">\n\t\t\t\t\t\t<div class=\"elementor-element elementor-element-3e44fd4b sc_fly_static elementor-widget elementor-widget-image\" data-id=\"3e44fd4b\" data-element_type=\"widget\" data-widget_type=\"image.default\">\n\t\t\t\t<div class=\"elementor-widget-container\">\n\t\t\t\t\t\t\t\t\t\t\t\t\t<img decoding=\"async\" src=\"https:\/\/megaradar.com.tr\/wp-content\/uploads\/2025\/08\/Tamamlayiici-Urunler0054.png\" title=\"\" alt=\"\" loading=\"lazy\" \/>\t\t\t\t\t\t\t\t\t\t\t\t\t<\/div>\n\t\t\t\t<\/div>\n\t\t\t\t\t<\/div>\n\t\t<\/div>\n\t\t\t\t<div class=\"elementor-column elementor-col-50 elementor-inner-column elementor-element elementor-element-3cf05ec sc_inner_width_none sc_content_align_inherit sc_layouts_column_icons_position_left sc_fly_static\" data-id=\"3cf05ec\" data-element_type=\"column\">\n\t\t\t<div class=\"elementor-widget-wrap elementor-element-populated\">\n\t\t\t\t\t\t<div class=\"elementor-element elementor-element-1afefcb3 sc_fly_static elementor-widget elementor-widget-heading\" data-id=\"1afefcb3\" data-element_type=\"widget\" data-widget_type=\"heading.default\">\n\t\t\t\t<div class=\"elementor-widget-container\">\n\t\t\t<h2 class=\"elementor-heading-title elementor-size-default\">Productos <span style=\"color:#23A1D1\">complementarios<\/span> \n<\/h2>\t\t<\/div>\n\t\t\t\t<\/div>\n\t\t\t\t<div class=\"elementor-element elementor-element-60dbf48e elementor-widget-divider--view-line sc_fly_static elementor-widget elementor-widget-divider\" data-id=\"60dbf48e\" data-element_type=\"widget\" data-widget_type=\"divider.default\">\n\t\t\t\t<div class=\"elementor-widget-container\">\n\t\t\t\t\t<div class=\"elementor-divider\">\n\t\t\t<span class=\"elementor-divider-separator\">\n\t\t\t\t\t\t<\/span>\n\t\t<\/div>\n\t\t\t\t<\/div>\n\t\t\t\t<\/div>\n\t\t\t\t<div class=\"elementor-element elementor-element-3980b409 sc_fly_static elementor-widget elementor-widget-text-editor\" data-id=\"3980b409\" data-element_type=\"widget\" data-widget_type=\"text-editor.default\">\n\t\t\t\t<div class=\"elementor-widget-container\">\n\t\t\t\t\t\t\t<p class=\"p1\">Productos complementarios adecuados para un uso eficaz, funcional y seguro:<\/p><p class=\"p1\">Termostatos electr\u00f3nicos de panel, portafusibles, clavija cegadora del bloque de terminales, puente de enchufe, tornillo conector del cable, tap\u00f3n roscado.<\/p>\t\t\t\t\t\t<\/div>\n\t\t\t\t<\/div>\n\t\t\t\t<div class=\"elementor-element elementor-element-4bea6ce3 sc_fly_static elementor-widget elementor-widget-sina_dynamic_button\" data-id=\"4bea6ce3\" data-element_type=\"widget\" data-widget_type=\"sina_dynamic_button.default\">\n\t\t\t\t<div class=\"elementor-widget-container\">\n\t\t\t\t\t<div class=\"sina-dynamic-button\">\r\n\t\t\t<a  class=\"sina-dynamic-btn   sina-hv-slide-t\" href=\"\/shop\/en\/products\/filtre\/product-group\/complementary-products\/\"\r\n\t\t\t\t\t\t\t\t\t\t\t\t\ttarget=\"_blank\" \r\n\t\t\t\t\t\t\t\t>\r\n\t\t\t\t\t\t\tMostrar lista de productos\t\t\t\t\t<i class=\"icofont icofont-simple-right sina-icon-right\"><\/i>\r\n\t\t\t\t\t\t<\/a>\r\n\t\t<\/div><!-- .sina-dynamic-button -->\r\n\t\t\t\t<\/div>\n\t\t\t\t<\/div>\n\t\t\t\t\t<\/div>\n\t\t<\/div>\n\t\t\t\t\t<\/div>\n\t\t<\/section>\n\t\t\t\t<div class=\"elementor-element elementor-element-63d392ad sc_height_medium sc_fly_static elementor-widget elementor-widget-spacer\" data-id=\"63d392ad\" data-element_type=\"widget\" data-widget_type=\"spacer.default\">\n\t\t\t\t<div class=\"elementor-widget-container\">\n\t\t\t\t\t<div class=\"elementor-spacer\">\n\t\t\t<div class=\"elementor-spacer-inner\"><\/div>\n\t\t<\/div>\n\t\t\t\t<\/div>\n\t\t\t\t<\/div>\n\t\t\t\t\t<\/div>\n\t\t<\/div>\n\t\t\t\t\t<\/div>\n\t\t<\/section>\n\t\t\t\t<section class=\"elementor-section-with-custom-width elementor-section elementor-top-section elementor-element elementor-element-96e9225 scheme_light elementor-section-boxed elementor-section-height-default elementor-section-height-default sc_fly_static\" data-id=\"96e9225\" data-element_type=\"section\" id=\"iletisim\" data-settings=\"{&quot;background_background&quot;:&quot;classic&quot;}\">\n\t\t\t\t\t\t<div class=\"elementor-container elementor-column-gap-extended\">\n\t\t\t\t\t<div class=\"elementor-column elementor-col-50 elementor-top-column elementor-element elementor-element-4621baf0 remove-inline-padding sc_inner_width_none sc_content_align_inherit sc_layouts_column_icons_position_left sc_fly_static\" data-id=\"4621baf0\" data-element_type=\"column\">\n\t\t\t<div class=\"elementor-widget-wrap elementor-element-populated\">\n\t\t\t\t\t\t<div class=\"elementor-element elementor-element-516f4332 sc_fly_static elementor-widget elementor-widget-image\" data-id=\"516f4332\" data-element_type=\"widget\" data-widget_type=\"image.default\">\n\t\t\t\t<div class=\"elementor-widget-container\">\n\t\t\t\t\t\t\t\t\t\t\t\t\t<img fetchpriority=\"high\" decoding=\"async\" width=\"1024\" height=\"683\" src=\"https:\/\/megaradar.com.tr\/wp-content\/uploads\/2024\/09\/1-copy-1024x683.jpg\" class=\"attachment-large size-large wp-image-24152\" alt=\"\" srcset=\"https:\/\/megaradar.com.tr\/wp-content\/uploads\/2024\/09\/1-copy-1024x683.jpg 1024w, https:\/\/megaradar.com.tr\/wp-content\/uploads\/2024\/09\/1-copy-300x200.jpg 300w, https:\/\/megaradar.com.tr\/wp-content\/uploads\/2024\/09\/1-copy-768x512.jpg 768w, https:\/\/megaradar.com.tr\/wp-content\/uploads\/2024\/09\/1-copy-370x247.jpg 370w, https:\/\/megaradar.com.tr\/wp-content\/uploads\/2024\/09\/1-copy-840x560.jpg 840w, https:\/\/megaradar.com.tr\/wp-content\/uploads\/2024\/09\/1-copy-410x273.jpg 410w, https:\/\/megaradar.com.tr\/wp-content\/uploads\/2024\/09\/1-copy.jpg 1050w\" sizes=\"(max-width: 1024px) 100vw, 1024px\" \/>\t\t\t\t\t\t\t\t\t\t\t\t\t<\/div>\n\t\t\t\t<\/div>\n\t\t\t\t\t<\/div>\n\t\t<\/div>\n\t\t\t\t<div class=\"elementor-column elementor-col-50 elementor-top-column elementor-element elementor-element-3d5be704 sc_inner_width_none sc_content_align_inherit sc_layouts_column_icons_position_left sc_fly_static\" data-id=\"3d5be704\" data-element_type=\"column\" data-settings=\"{&quot;background_background&quot;:&quot;classic&quot;}\">\n\t\t\t<div class=\"elementor-widget-wrap elementor-element-populated\">\n\t\t\t\t\t\t<section class=\"elementor-section elementor-inner-section elementor-element elementor-element-3f4f0e95 elementor-section-content-middle elementor-section-boxed elementor-section-height-default elementor-section-height-default sc_fly_static\" data-id=\"3f4f0e95\" data-element_type=\"section\">\n\t\t\t\t\t\t<div class=\"elementor-container elementor-column-gap-no\">\n\t\t\t\t\t<div class=\"elementor-column elementor-col-100 elementor-inner-column elementor-element elementor-element-758c3382 sc_inner_width_none sc_content_align_inherit sc_layouts_column_icons_position_left sc_fly_static\" data-id=\"758c3382\" data-element_type=\"column\">\n\t\t\t<div class=\"elementor-widget-wrap elementor-element-populated\">\n\t\t\t\t\t\t<div class=\"elementor-element elementor-element-67c25c6 sc_fly_static elementor-widget elementor-widget-heading\" data-id=\"67c25c6\" data-element_type=\"widget\" data-widget_type=\"heading.default\">\n\t\t\t\t<div class=\"elementor-widget-container\">\n\t\t\t<h4 class=\"elementor-heading-title elementor-size-default\">\u00bfNecesitas una soluci\u00f3n a medida?<\/h4>\t\t<\/div>\n\t\t\t\t<\/div>\n\t\t\t\t<div class=\"elementor-element elementor-element-4f5fca00 sc_fly_static elementor-widget elementor-widget-text-editor\" data-id=\"4f5fca00\" data-element_type=\"widget\" data-widget_type=\"text-editor.default\">\n\t\t\t\t<div class=\"elementor-widget-container\">\n\t\t\t\t\t\t\t<p class=\"p1\" style=\"margin-bottom: 10px;\">Ponte en contacto con nuestros expertos.\n<\/p>\t\t\t\t\t\t<\/div>\n\t\t\t\t<\/div>\n\t\t\t\t<div class=\"elementor-element elementor-element-2238b6ef explore-button sc_fly_static elementor-widget elementor-widget-button\" data-id=\"2238b6ef\" data-element_type=\"widget\" data-widget_type=\"button.default\">\n\t\t\t\t<div class=\"elementor-widget-container\">\n\t\t\t\t\t\t\t<div class=\"elementor-button-wrapper\">\n\t\t\t\t\t<a class=\"elementor-button elementor-button-link elementor-size-sm\" href=\"\/es\/contacto\/\">\n\t\t\t\t\t\t<span class=\"elementor-button-content-wrapper\">\n\t\t\t\t\t\t<span class=\"elementor-button-icon\">\n\t\t\t\t<svg xmlns=\"http:\/\/www.w3.org\/2000\/svg\" clip-rule=\"evenodd\" fill-rule=\"evenodd\" stroke-linejoin=\"round\" stroke-miterlimit=\"2\" viewBox=\"0 0 24 24\"><path d=\"m12.012 1.995c-5.518 0-9.998 4.48-9.998 9.998s4.48 9.998 9.998 9.998 9.997-4.48 9.997-9.998-4.479-9.998-9.997-9.998zm0 1.5c4.69 0 8.497 3.808 8.497 8.498s-3.807 8.498-8.497 8.498-8.498-3.808-8.498-8.498 3.808-8.498 8.498-8.498zm1.528 4.715s1.502 1.505 3.255 3.259c.146.147.219.339.219.531s-.073.383-.219.53c-1.753 1.754-3.254 3.258-3.254 3.258-.145.145-.336.217-.527.217-.191-.001-.383-.074-.53-.221-.293-.293-.295-.766-.004-1.057l1.978-1.977h-6.694c-.414 0-.75-.336-.75-.75s.336-.75.75-.75h6.694l-1.979-1.979c-.289-.289-.286-.762.006-1.054.147-.147.339-.221.531-.222.19 0 .38.071.524.215z\" fill-rule=\"nonzero\"><\/path><\/svg>\t\t\t<\/span>\n\t\t\t\t\t\t\t\t\t<span class=\"elementor-button-text\">Contacta con nosotros<\/span>\n\t\t\t\t\t<\/span>\n\t\t\t\t\t<\/a>\n\t\t\t\t<\/div>\n\t\t\t\t\t\t<\/div>\n\t\t\t\t<\/div>\n\t\t\t\t\t<\/div>\n\t\t<\/div>\n\t\t\t\t\t<\/div>\n\t\t<\/section>\n\t\t\t\t\t<\/div>\n\t\t<\/div>\n\t\t\t\t\t<\/div>\n\t\t<\/section>\n\t\t<div class=\"elementor-element elementor-element-99d47c9 e-flex e-con-boxed sc_inner_width_none sc_layouts_column_icons_position_left e-con e-parent\" data-id=\"99d47c9\" data-element_type=\"container\" data-settings=\"{&quot;background_background&quot;:&quot;classic&quot;}\">\n\t\t\t\t\t<div class=\"e-con-inner\">\n\t\t\t\t<div class=\"elementor-element elementor-element-7fd66b5 sc_fly_static elementor-widget elementor-widget-heading\" data-id=\"7fd66b5\" data-element_type=\"widget\" data-widget_type=\"heading.default\">\n\t\t\t\t<div class=\"elementor-widget-container\">\n\t\t\t<h4 class=\"elementor-heading-title elementor-size-default\">Tambi\u00e9n te puede interesar<\/h4>\t\t<\/div>\n\t\t\t\t<\/div>\n\t\t\t\t\t<\/div>\n\t\t\t\t<\/div>\n\t\t<div class=\"e-con-gap-no elementor-element elementor-element-9686ea8 e-flex e-con-boxed sc_inner_width_none sc_layouts_column_icons_position_left e-con e-parent\" data-id=\"9686ea8\" data-element_type=\"container\" data-settings=\"{&quot;background_background&quot;:&quot;classic&quot;}\">\n\t\t\t\t\t<div class=\"e-con-inner\">\n\t\t<div class=\"elementor-element elementor-element-1aff0ee e-con-full remove-inline-padding e-flex sc_inner_width_none sc_layouts_column_icons_position_left e-con e-child\" data-id=\"1aff0ee\" data-element_type=\"container\" data-settings=\"{&quot;background_background&quot;:&quot;classic&quot;}\">\n\t\t\t\t<div class=\"elementor-element elementor-element-5d7c8dd0 sc_fly_static elementor-widget elementor-widget-image\" data-id=\"5d7c8dd0\" data-element_type=\"widget\" data-widget_type=\"image.default\">\n\t\t\t\t<div class=\"elementor-widget-container\">\n\t\t\t\t\t\t\t\t\t\t\t\t\t<img decoding=\"async\" src=\"https:\/\/megaradar.com.tr\/wp-content\/uploads\/2025\/08\/Tamamlayiici-Urunler0054.png\" title=\"\" alt=\"\" loading=\"lazy\" \/>\t\t\t\t\t\t\t\t\t\t\t\t\t<\/div>\n\t\t\t\t<\/div>\n\t\t\t\t<div class=\"elementor-element elementor-element-4ebbab7c sc_fly_static elementor-widget elementor-widget-heading\" data-id=\"4ebbab7c\" data-element_type=\"widget\" data-widget_type=\"heading.default\">\n\t\t\t\t<div class=\"elementor-widget-container\">\n\t\t\t<h5 class=\"elementor-heading-title elementor-size-default\">Productos a medida<\/h5>\t\t<\/div>\n\t\t\t\t<\/div>\n\t\t\t\t<div class=\"elementor-element elementor-element-15e39695 sc_fly_static elementor-widget elementor-widget-text-editor\" data-id=\"15e39695\" data-element_type=\"widget\" data-widget_type=\"text-editor.default\">\n\t\t\t\t<div class=\"elementor-widget-container\">\n\t\t\t\t\t\t\t<p class=\"p1\">Cuando los productos est\u00e1ndar no satisfacen tus necesidades, nuestro equipo de I+D proporciona soluciones a medida. No nos vemos s\u00f3lo como un proveedor de productos, sino como un socio de sistemas y servicios, que te ayuda a planificar y cumplir los requisitos espec\u00edficos del cliente. <\/p>\t\t\t\t\t\t<\/div>\n\t\t\t\t<\/div>\n\t\t\t\t<div class=\"elementor-element elementor-element-41dfb96b explore-button elementor-align-center elementor-widget__width-inherit elementor-absolute sc_fly_static elementor-widget elementor-widget-button\" data-id=\"41dfb96b\" data-element_type=\"widget\" data-settings=\"{&quot;_position&quot;:&quot;absolute&quot;}\" data-widget_type=\"button.default\">\n\t\t\t\t<div class=\"elementor-widget-container\">\n\t\t\t\t\t\t\t<div class=\"elementor-button-wrapper\">\n\t\t\t\t\t<a class=\"elementor-button elementor-button-link elementor-size-sm\" href=\"\/es\/productos-a-medida\/\">\n\t\t\t\t\t\t<span class=\"elementor-button-content-wrapper\">\n\t\t\t\t\t\t<span class=\"elementor-button-icon\">\n\t\t\t\t<svg xmlns=\"http:\/\/www.w3.org\/2000\/svg\" clip-rule=\"evenodd\" fill-rule=\"evenodd\" stroke-linejoin=\"round\" stroke-miterlimit=\"2\" viewBox=\"0 0 24 24\"><path d=\"m12.012 1.995c-5.518 0-9.998 4.48-9.998 9.998s4.48 9.998 9.998 9.998 9.997-4.48 9.997-9.998-4.479-9.998-9.997-9.998zm0 1.5c4.69 0 8.497 3.808 8.497 8.498s-3.807 8.498-8.497 8.498-8.498-3.808-8.498-8.498 3.808-8.498 8.498-8.498zm1.528 4.715s1.502 1.505 3.255 3.259c.146.147.219.339.219.531s-.073.383-.219.53c-1.753 1.754-3.254 3.258-3.254 3.258-.145.145-.336.217-.527.217-.191-.001-.383-.074-.53-.221-.293-.293-.295-.766-.004-1.057l1.978-1.977h-6.694c-.414 0-.75-.336-.75-.75s.336-.75.75-.75h6.694l-1.979-1.979c-.289-.289-.286-.762.006-1.054.147-.147.339-.221.531-.222.19 0 .38.071.524.215z\" fill-rule=\"nonzero\"><\/path><\/svg>\t\t\t<\/span>\n\t\t\t\t\t\t\t\t\t<span class=\"elementor-button-text\">M\u00e1s informaci\u00f3n<\/span>\n\t\t\t\t\t<\/span>\n\t\t\t\t\t<\/a>\n\t\t\t\t<\/div>\n\t\t\t\t\t\t<\/div>\n\t\t\t\t<\/div>\n\t\t\t\t<\/div>\n\t\t<div class=\"elementor-element elementor-element-b2b2bdf e-con-full remove-inline-padding e-flex sc_inner_width_none sc_layouts_column_icons_position_left e-con e-child\" data-id=\"b2b2bdf\" data-element_type=\"container\" data-settings=\"{&quot;background_background&quot;:&quot;classic&quot;}\">\n\t\t\t\t<div class=\"elementor-element elementor-element-402af6de sc_fly_static elementor-widget elementor-widget-image\" data-id=\"402af6de\" data-element_type=\"widget\" data-widget_type=\"image.default\">\n\t\t\t\t<div class=\"elementor-widget-container\">\n\t\t\t\t\t\t\t\t\t\t\t\t\t<img decoding=\"async\" src=\"https:\/\/megaradar.com.tr\/wp-content\/uploads\/2025\/08\/Soketli-PCB-klemensleri0054.png\" title=\"\" alt=\"\" loading=\"lazy\" \/>\t\t\t\t\t\t\t\t\t\t\t\t\t<\/div>\n\t\t\t\t<\/div>\n\t\t\t\t<div class=\"elementor-element elementor-element-723ad24a sc_fly_static elementor-widget elementor-widget-heading\" data-id=\"723ad24a\" data-element_type=\"widget\" data-widget_type=\"heading.default\">\n\t\t\t\t<div class=\"elementor-widget-container\">\n\t\t\t<h5 class=\"elementor-heading-title elementor-size-default\">Bornas de tarjeta enchufables<\/h5>\t\t<\/div>\n\t\t\t\t<\/div>\n\t\t\t\t<div class=\"elementor-element elementor-element-471ede12 sc_fly_static elementor-widget elementor-widget-text-editor\" data-id=\"471ede12\" data-element_type=\"widget\" data-widget_type=\"text-editor.default\">\n\t\t\t\t<div class=\"elementor-widget-container\">\n\t\t\t\t\t\t\t<p class=\"p1\">Los conectores enchufables Mega Radar marcan una gran diferencia gracias a sus vers\u00e1tiles funciones.\n<\/p><p class=\"p1\">\nSon ideales para aplicaciones r\u00e1pidas, pr\u00e1cticas y seguras, y ofrecen tres opciones de uso diferentes: conexi\u00f3n de cable a cable, montaje en carril y montaje en superficie.<\/p>\t\t\t\t\t\t<\/div>\n\t\t\t\t<\/div>\n\t\t\t\t<div class=\"elementor-element elementor-element-1aa8139a explore-button elementor-align-center elementor-widget__width-inherit elementor-absolute sc_fly_static elementor-widget elementor-widget-button\" data-id=\"1aa8139a\" data-element_type=\"widget\" data-settings=\"{&quot;_position&quot;:&quot;absolute&quot;}\" data-widget_type=\"button.default\">\n\t\t\t\t<div class=\"elementor-widget-container\">\n\t\t\t\t\t\t\t<div class=\"elementor-button-wrapper\">\n\t\t\t\t\t<a class=\"elementor-button elementor-button-link elementor-size-sm\" href=\"\/es\/bornas-de-tarjeta-enchufables\/\">\n\t\t\t\t\t\t<span class=\"elementor-button-content-wrapper\">\n\t\t\t\t\t\t<span class=\"elementor-button-icon\">\n\t\t\t\t<svg xmlns=\"http:\/\/www.w3.org\/2000\/svg\" clip-rule=\"evenodd\" fill-rule=\"evenodd\" stroke-linejoin=\"round\" stroke-miterlimit=\"2\" viewBox=\"0 0 24 24\"><path d=\"m12.012 1.995c-5.518 0-9.998 4.48-9.998 9.998s4.48 9.998 9.998 9.998 9.997-4.48 9.997-9.998-4.479-9.998-9.997-9.998zm0 1.5c4.69 0 8.497 3.808 8.497 8.498s-3.807 8.498-8.497 8.498-8.498-3.808-8.498-8.498 3.808-8.498 8.498-8.498zm1.528 4.715s1.502 1.505 3.255 3.259c.146.147.219.339.219.531s-.073.383-.219.53c-1.753 1.754-3.254 3.258-3.254 3.258-.145.145-.336.217-.527.217-.191-.001-.383-.074-.53-.221-.293-.293-.295-.766-.004-1.057l1.978-1.977h-6.694c-.414 0-.75-.336-.75-.75s.336-.75.75-.75h6.694l-1.979-1.979c-.289-.289-.286-.762.006-1.054.147-.147.339-.221.531-.222.19 0 .38.071.524.215z\" fill-rule=\"nonzero\"><\/path><\/svg>\t\t\t<\/span>\n\t\t\t\t\t\t\t\t\t<span class=\"elementor-button-text\">M\u00e1s informaci\u00f3n<\/span>\n\t\t\t\t\t<\/span>\n\t\t\t\t\t<\/a>\n\t\t\t\t<\/div>\n\t\t\t\t\t\t<\/div>\n\t\t\t\t<\/div>\n\t\t\t\t<\/div>\n\t\t<div class=\"elementor-element elementor-element-77064c6b e-con-full remove-inline-padding e-flex sc_inner_width_none sc_layouts_column_icons_position_left e-con e-child\" data-id=\"77064c6b\" data-element_type=\"container\" data-settings=\"{&quot;background_background&quot;:&quot;classic&quot;}\">\n\t\t\t\t<div class=\"elementor-element elementor-element-7bdf2f11 sc_fly_static elementor-widget elementor-widget-image\" data-id=\"7bdf2f11\" data-element_type=\"widget\" data-widget_type=\"image.default\">\n\t\t\t\t<div class=\"elementor-widget-container\">\n\t\t\t\t\t\t\t\t\t\t\t\t\t<img decoding=\"async\" src=\"https:\/\/megaradar.com.tr\/wp-content\/uploads\/2025\/08\/ModulerPCBKlemensleri0054.png\" title=\"\" alt=\"\" loading=\"lazy\" \/>\t\t\t\t\t\t\t\t\t\t\t\t\t<\/div>\n\t\t\t\t<\/div>\n\t\t\t\t<div class=\"elementor-element elementor-element-3b5fb3a4 sc_fly_static elementor-widget elementor-widget-heading\" data-id=\"3b5fb3a4\" data-element_type=\"widget\" data-widget_type=\"heading.default\">\n\t\t\t\t<div class=\"elementor-widget-container\">\n\t\t\t<h5 class=\"elementor-heading-title elementor-size-default\">Bornas para tarjetas de circuito impreso modulares<\/h5>\t\t<\/div>\n\t\t\t\t<\/div>\n\t\t\t\t<div class=\"elementor-element elementor-element-6cef2df7 sc_fly_static elementor-widget elementor-widget-text-editor\" data-id=\"6cef2df7\" data-element_type=\"widget\" data-widget_type=\"text-editor.default\">\n\t\t\t\t<div class=\"elementor-widget-container\">\n\t\t\t\t\t\t\t<p class=\"p1\">Las regletas de bornes para tarjeta modulares tienen una estructura modular en la que puedes aumentar el n\u00famero de polos interconect\u00e1ndolos y disminuirlos separ\u00e1ndolos entre s\u00ed.<\/p><p class=\"p1\">Puedes adaptar f\u00e1cilmente la regleta a tus necesidades alarg\u00e1ndola y acort\u00e1ndola.<\/p>\t\t\t\t\t\t<\/div>\n\t\t\t\t<\/div>\n\t\t\t\t<div class=\"elementor-element elementor-element-23410d04 explore-button elementor-align-center elementor-widget__width-inherit elementor-absolute sc_fly_static elementor-widget elementor-widget-button\" data-id=\"23410d04\" data-element_type=\"widget\" data-settings=\"{&quot;_position&quot;:&quot;absolute&quot;}\" data-widget_type=\"button.default\">\n\t\t\t\t<div class=\"elementor-widget-container\">\n\t\t\t\t\t\t\t<div class=\"elementor-button-wrapper\">\n\t\t\t\t\t<a class=\"elementor-button elementor-button-link elementor-size-sm\" href=\"\/es\/bornas-para-tarjetas-de-circuito-impreso-modulares\/\">\n\t\t\t\t\t\t<span class=\"elementor-button-content-wrapper\">\n\t\t\t\t\t\t<span class=\"elementor-button-icon\">\n\t\t\t\t<svg xmlns=\"http:\/\/www.w3.org\/2000\/svg\" clip-rule=\"evenodd\" fill-rule=\"evenodd\" stroke-linejoin=\"round\" stroke-miterlimit=\"2\" viewBox=\"0 0 24 24\"><path d=\"m12.012 1.995c-5.518 0-9.998 4.48-9.998 9.998s4.48 9.998 9.998 9.998 9.997-4.48 9.997-9.998-4.479-9.998-9.997-9.998zm0 1.5c4.69 0 8.497 3.808 8.497 8.498s-3.807 8.498-8.497 8.498-8.498-3.808-8.498-8.498 3.808-8.498 8.498-8.498zm1.528 4.715s1.502 1.505 3.255 3.259c.146.147.219.339.219.531s-.073.383-.219.53c-1.753 1.754-3.254 3.258-3.254 3.258-.145.145-.336.217-.527.217-.191-.001-.383-.074-.53-.221-.293-.293-.295-.766-.004-1.057l1.978-1.977h-6.694c-.414 0-.75-.336-.75-.75s.336-.75.75-.75h6.694l-1.979-1.979c-.289-.289-.286-.762.006-1.054.147-.147.339-.221.531-.222.19 0 .38.071.524.215z\" fill-rule=\"nonzero\"><\/path><\/svg>\t\t\t<\/span>\n\t\t\t\t\t\t\t\t\t<span class=\"elementor-button-text\">M\u00e1s informaci\u00f3n<\/span>\n\t\t\t\t\t<\/span>\n\t\t\t\t\t<\/a>\n\t\t\t\t<\/div>\n\t\t\t\t\t\t<\/div>\n\t\t\t\t<\/div>\n\t\t\t\t<\/div>\n\t\t\t\t\t<\/div>\n\t\t\t\t<\/div>\n\t\t\t\t<\/div>\n\t\t","protected":false},"excerpt":{"rendered":"<p>Mega Radar Productos Productos complementarios Productos complementarios Productos complementarios adecuados para un uso eficaz, funcional y seguro: Termostatos electr\u00f3nicos de panel, portafusibles, clavija cegadora del bloque de terminales, puente de&hellip;<\/p>\n","protected":false},"author":1,"featured_media":0,"parent":0,"menu_order":0,"comment_status":"closed","ping_status":"closed","template":"","meta":{"footnotes":""},"class_list":["post-25433","page","type-page","status-publish","hentry"],"_links":{"self":[{"href":"https:\/\/megaradar.com.tr\/es\/wp-json\/wp\/v2\/pages\/25433","targetHints":{"allow":["GET"]}}],"collection":[{"href":"https:\/\/megaradar.com.tr\/es\/wp-json\/wp\/v2\/pages"}],"about":[{"href":"https:\/\/megaradar.com.tr\/es\/wp-json\/wp\/v2\/types\/page"}],"author":[{"embeddable":true,"href":"https:\/\/megaradar.com.tr\/es\/wp-json\/wp\/v2\/users\/1"}],"replies":[{"embeddable":true,"href":"https:\/\/megaradar.com.tr\/es\/wp-json\/wp\/v2\/comments?post=25433"}],"version-history":[{"count":13,"href":"https:\/\/megaradar.com.tr\/es\/wp-json\/wp\/v2\/pages\/25433\/revisions"}],"predecessor-version":[{"id":26962,"href":"https:\/\/megaradar.com.tr\/es\/wp-json\/wp\/v2\/pages\/25433\/revisions\/26962"}],"wp:attachment":[{"href":"https:\/\/megaradar.com.tr\/es\/wp-json\/wp\/v2\/media?parent=25433"}],"curies":[{"name":"wp","href":"https:\/\/api.w.org\/{rel}","templated":true}]}}