{"id":25719,"date":"2025-10-20T03:19:26","date_gmt":"2025-10-20T00:19:26","guid":{"rendered":"https:\/\/megaradar.com.tr\/libro-blanco\/"},"modified":"2026-04-07T23:53:36","modified_gmt":"2026-04-07T20:53:36","slug":"libro-blanco","status":"publish","type":"page","link":"https:\/\/megaradar.com.tr\/es\/libro-blanco\/","title":{"rendered":"Libro Blanco"},"content":{"rendered":"\t\t<div data-elementor-type=\"wp-page\" data-elementor-id=\"25719\" class=\"elementor elementor-25719 elementor-25655\">\n\t\t\t\t<div class=\"elementor-element elementor-element-8bc718c e-con-full e-flex sc_inner_width_none sc_layouts_column_icons_position_left e-con e-parent\" data-id=\"8bc718c\" data-element_type=\"container\" data-settings=\"{&quot;background_background&quot;:&quot;classic&quot;}\">\n\t\t<div class=\"elementor-element elementor-element-8c87334 e-flex e-con-boxed sc_inner_width_none sc_layouts_column_icons_position_left e-con e-child\" data-id=\"8c87334\" data-element_type=\"container\">\n\t\t\t\t\t<div class=\"e-con-inner\">\n\t\t\t\t<div class=\"elementor-element elementor-element-4f399cc sc_fly_static elementor-widget elementor-widget-html\" data-id=\"4f399cc\" data-element_type=\"widget\" data-widget_type=\"html.default\">\n\t\t\t\t<div class=\"elementor-widget-container\">\n\t\t\t<nav aria-label=\"Breadcrumb\" class=\"mg-breadcrumbs\">\n  <ol itemscope=\"\" itemtype=\"https:\/\/schema.org\/BreadcrumbList\">\n    <li itemprop=\"itemListElement\" itemscope=\"\" itemtype=\"https:\/\/schema.org\/ListItem\">\n      <a itemprop=\"item\" href=\"\/es\/\"><span itemprop=\"name\">Mega Radar<\/span><\/a>\n      <meta itemprop=\"position\" content=\"1\">\n      <span class=\"bc-separator\"> <i class=\"bc-icon\"><\/i> <\/span>\n    <\/li>\n    <li itemprop=\"itemListElement\" itemscope=\"\" itemtype=\"https:\/\/schema.org\/ListItem\">\n      <span itemprop=\"name\">Centro de Informaci\u00f3n<\/span>\n      <meta itemprop=\"position\" content=\"2\">\n      <span class=\"bc-separator\"> <i class=\"bc-icon\"><\/i>  <\/span>\n    <\/li>\n    <li itemprop=\"itemListElement\" itemscope=\"\" itemtype=\"https:\/\/schema.org\/ListItem\">\n      <span itemprop=\"name\">Libro Blanco<\/span>\n      <meta itemprop=\"position\" content=\"3\">\n    <\/li>\n  <\/ol>\n<\/nav>\t\t<\/div>\n\t\t\t\t<\/div>\n\t\t\t\t\t<\/div>\n\t\t\t\t<\/div>\n\t\t\t\t<\/div>\n\t\t<div class=\"elementor-element elementor-element-bf295b9 e-flex e-con-boxed sc_inner_width_none sc_layouts_column_icons_position_left e-con e-parent\" data-id=\"bf295b9\" data-element_type=\"container\">\n\t\t\t\t\t<div class=\"e-con-inner\">\n\t\t\t\t<div class=\"elementor-element elementor-element-9792655 premium-blog-align-left sc_fly_static elementor-widget elementor-widget-premium-addon-blog\" data-id=\"9792655\" data-element_type=\"widget\" data-settings=\"{&quot;premium_blog_columns_number&quot;:&quot;100%&quot;,&quot;premium_blog_grid&quot;:&quot;yes&quot;,&quot;premium_blog_layout&quot;:&quot;even&quot;,&quot;premium_blog_columns_number_tablet&quot;:&quot;50%&quot;,&quot;premium_blog_columns_number_mobile&quot;:&quot;100%&quot;}\" data-widget_type=\"premium-addon-blog.default\">\n\t\t\t\t<div class=\"elementor-widget-container\">\n\t\t\t\n\t\t\t\t<div class=\"premium-blog-wrap  premium-blog-even\" data-page=\"25719\">\n\t\t\t\t\t<div class=\"premium-blog-post-outer-container\" data-total=\"1\">\r\n\t\t\t<div class=\"premium-blog-post-container premium-blog-skin-side\">\r\n\t\t\t\t\t\t\t\t\t<div class=\"premium-blog-thumb-effect-wrapper\">\r\n\t\t\t\t\t\t<div class=\"premium-blog-thumbnail-container premium-blog-zoomout-effect\">\r\n\t\t\t\t\t\t\t<img fetchpriority=\"high\" decoding=\"async\" width=\"768\" height=\"432\" src=\"https:\/\/megaradar.com.tr\/wp-content\/uploads\/2025\/10\/savunma-sanayi-768x432.jpg\" class=\"attachment-medium_large size-medium_large wp-image-26812\" alt=\"\" srcset=\"https:\/\/megaradar.com.tr\/wp-content\/uploads\/2025\/10\/savunma-sanayi-768x432.jpg 768w, https:\/\/megaradar.com.tr\/wp-content\/uploads\/2025\/10\/savunma-sanayi-300x169.jpg 300w, https:\/\/megaradar.com.tr\/wp-content\/uploads\/2025\/10\/savunma-sanayi-1024x576.jpg 1024w, https:\/\/megaradar.com.tr\/wp-content\/uploads\/2025\/10\/savunma-sanayi-1536x864.jpg 1536w, https:\/\/megaradar.com.tr\/wp-content\/uploads\/2025\/10\/savunma-sanayi-370x208.jpg 370w, https:\/\/megaradar.com.tr\/wp-content\/uploads\/2025\/10\/savunma-sanayi-1290x725.jpg 1290w, https:\/\/megaradar.com.tr\/wp-content\/uploads\/2025\/10\/savunma-sanayi-840x473.jpg 840w, https:\/\/megaradar.com.tr\/wp-content\/uploads\/2025\/10\/savunma-sanayi-410x231.jpg 410w, https:\/\/megaradar.com.tr\/wp-content\/uploads\/2025\/10\/savunma-sanayi-270x152.jpg 270w, https:\/\/megaradar.com.tr\/wp-content\/uploads\/2025\/10\/savunma-sanayi.jpg 1920w\" sizes=\"(max-width: 768px) 100vw, 768px\" \/>\t\t\t\t\t\t<\/div>\r\n\t\t\t\t\t\t\t\t\t\t\t\t\t<div class=\"premium-blog-thumbnail-overlay\">\r\n\t\t\t\t\t\t\t\t<a class=\"elementor-icon\" href=\"https:\/\/megaradar.com.tr\/es\/por-que-la-durabilidad-de-las-conexiones-electronicas-es-critica-en-las-aplicaciones-de-la-industria-de-defensa\/\" target=\"_self\" aria-hidden=\"true\"><span>\u00bfPor qu\u00e9 la durabilidad de las conexiones electr\u00f3nicas es cr\u00edtica en las aplicaciones de la industria de defensa?<\/span><\/a>\r\n\t\t\t\t\t\t\t<\/div>\r\n\r\n\t\t\t\t\t\t\t\t\t\t\t\t\t\t\t\t\t\t<\/div>\r\n\t\t\t\t\t\t\t\t\t\t\t\t<div class=\"premium-blog-content-wrapper \">\r\n\r\n\t\t\t\t\t<div class=\"premium-blog-inner-container\">\r\n\r\n\t\t\t\t\t\t\t\t\t\t\t\t\t\t<h2 class=\"premium-blog-entry-title\">\r\n\t\t\t<a href=\"https:\/\/megaradar.com.tr\/es\/por-que-la-durabilidad-de-las-conexiones-electronicas-es-critica-en-las-aplicaciones-de-la-industria-de-defensa\/\" target=\"_self\">\r\n\t\t\t\t\u00bfPor qu\u00e9 la durabilidad de las conexiones electr\u00f3nicas es cr\u00edtica en las aplicaciones de la industria de defensa?\t\t\t<\/a>\r\n\t\t<\/h2>\r\n\t\t\t\t<div class=\"premium-blog-entry-meta\">\r\n\t\t\t\r\n\t\t\t\r\n\t\t\t\r\n\t\t\t\t\t<\/div>\r\n\t\t\r\n\t\t\t\t\t<\/div>\r\n\r\n\t\t\t\t\t\t\t<div class=\"premium-blog-content-inner-wrapper\">\r\n\t\t<p class=\"premium-blog-post-content\">Los sistemas electr\u00f3nicos utilizados en la industria de defensa deben funcionar ininterrumpidamente incluso en las condiciones m\u00e1s duras. La temperatura extrema, las altas vibraciones, la humedad intensa o los efectos&hellip;<\/p><div class=\"premium-blog-excerpt-link-wrap\"><a href=\"https:\/\/megaradar.com.tr\/es\/por-que-la-durabilidad-de-las-conexiones-electronicas-es-critica-en-las-aplicaciones-de-la-industria-de-defensa\/\" target=\"_self\" class=\"premium-blog-excerpt-link elementor-button\">Leer m\u00e1s<\/a><\/div>\t\t<\/div>\r\n\t\t\t\t\t\t\t\r\n\t\t\t\t<\/div>\r\n\t\t\t<\/div>\r\n\t\t<\/div>\r\n\r\n\t\t\t\t<div class=\"premium-blog-post-outer-container\" data-total=\"1\">\r\n\t\t\t<div class=\"premium-blog-post-container premium-blog-skin-side\">\r\n\t\t\t\t\t\t\t\t\t<div class=\"premium-blog-thumb-effect-wrapper\">\r\n\t\t\t\t\t\t<div class=\"premium-blog-thumbnail-container premium-blog-zoomout-effect\">\r\n\t\t\t\t\t\t\t<img decoding=\"async\" width=\"768\" height=\"432\" src=\"https:\/\/megaradar.com.tr\/wp-content\/uploads\/2025\/10\/nemli-ortam-768x432.jpg\" class=\"attachment-medium_large size-medium_large wp-image-26813\" alt=\"\" srcset=\"https:\/\/megaradar.com.tr\/wp-content\/uploads\/2025\/10\/nemli-ortam-768x432.jpg 768w, https:\/\/megaradar.com.tr\/wp-content\/uploads\/2025\/10\/nemli-ortam-300x169.jpg 300w, https:\/\/megaradar.com.tr\/wp-content\/uploads\/2025\/10\/nemli-ortam-1024x576.jpg 1024w, https:\/\/megaradar.com.tr\/wp-content\/uploads\/2025\/10\/nemli-ortam-1536x864.jpg 1536w, https:\/\/megaradar.com.tr\/wp-content\/uploads\/2025\/10\/nemli-ortam-370x208.jpg 370w, https:\/\/megaradar.com.tr\/wp-content\/uploads\/2025\/10\/nemli-ortam-1290x725.jpg 1290w, https:\/\/megaradar.com.tr\/wp-content\/uploads\/2025\/10\/nemli-ortam-840x473.jpg 840w, https:\/\/megaradar.com.tr\/wp-content\/uploads\/2025\/10\/nemli-ortam-410x231.jpg 410w, https:\/\/megaradar.com.tr\/wp-content\/uploads\/2025\/10\/nemli-ortam-270x152.jpg 270w, https:\/\/megaradar.com.tr\/wp-content\/uploads\/2025\/10\/nemli-ortam.jpg 1920w\" sizes=\"(max-width: 768px) 100vw, 768px\" \/>\t\t\t\t\t\t<\/div>\r\n\t\t\t\t\t\t\t\t\t\t\t\t\t<div class=\"premium-blog-thumbnail-overlay\">\r\n\t\t\t\t\t\t\t\t<a class=\"elementor-icon\" href=\"https:\/\/megaradar.com.tr\/es\/puntos-a-tener-en-cuenta-en-las-conexiones-electricas-en-ambientes-humedos-y-salinos\/\" target=\"_self\" aria-hidden=\"true\"><span>Puntos a tener en cuenta en las conexiones el\u00e9ctricas en ambientes h\u00famedos y salinos<\/span><\/a>\r\n\t\t\t\t\t\t\t<\/div>\r\n\r\n\t\t\t\t\t\t\t\t\t\t\t\t\t\t\t\t\t\t<\/div>\r\n\t\t\t\t\t\t\t\t\t\t\t\t<div class=\"premium-blog-content-wrapper \">\r\n\r\n\t\t\t\t\t<div class=\"premium-blog-inner-container\">\r\n\r\n\t\t\t\t\t\t\t\t\t\t\t\t\t\t<h2 class=\"premium-blog-entry-title\">\r\n\t\t\t<a href=\"https:\/\/megaradar.com.tr\/es\/puntos-a-tener-en-cuenta-en-las-conexiones-electricas-en-ambientes-humedos-y-salinos\/\" target=\"_self\">\r\n\t\t\t\tPuntos a tener en cuenta en las conexiones el\u00e9ctricas en ambientes h\u00famedos y salinos\t\t\t<\/a>\r\n\t\t<\/h2>\r\n\t\t\t\t<div class=\"premium-blog-entry-meta\">\r\n\t\t\t\r\n\t\t\t\r\n\t\t\t\r\n\t\t\t\t\t<\/div>\r\n\t\t\r\n\t\t\t\t\t<\/div>\r\n\r\n\t\t\t\t\t\t\t<div class=\"premium-blog-content-inner-wrapper\">\r\n\t\t<p class=\"premium-blog-post-content\">La industria naval es un entorno duro dominado por la humedad, la sal y unas condiciones meteorol\u00f3gicas en constante cambio. Estas condiciones aumentan el riesgo de corrosi\u00f3n y fallo de&hellip;<\/p><div class=\"premium-blog-excerpt-link-wrap\"><a href=\"https:\/\/megaradar.com.tr\/es\/puntos-a-tener-en-cuenta-en-las-conexiones-electricas-en-ambientes-humedos-y-salinos\/\" target=\"_self\" class=\"premium-blog-excerpt-link elementor-button\">Leer m\u00e1s<\/a><\/div>\t\t<\/div>\r\n\t\t\t\t\t\t\t\r\n\t\t\t\t<\/div>\r\n\t\t\t<\/div>\r\n\t\t<\/div>\r\n\r\n\t\t\t\t<div class=\"premium-blog-post-outer-container\" data-total=\"1\">\r\n\t\t\t<div class=\"premium-blog-post-container premium-blog-skin-side\">\r\n\t\t\t\t\t\t\t\t\t<div class=\"premium-blog-thumb-effect-wrapper\">\r\n\t\t\t\t\t\t<div class=\"premium-blog-thumbnail-container premium-blog-zoomout-effect\">\r\n\t\t\t\t\t\t\t<img decoding=\"async\" width=\"768\" height=\"432\" src=\"https:\/\/megaradar.com.tr\/wp-content\/uploads\/2025\/10\/yuksek-akim-768x432.jpg\" class=\"attachment-medium_large size-medium_large wp-image-26989\" alt=\"\" srcset=\"https:\/\/megaradar.com.tr\/wp-content\/uploads\/2025\/10\/yuksek-akim-768x432.jpg 768w, https:\/\/megaradar.com.tr\/wp-content\/uploads\/2025\/10\/yuksek-akim-300x169.jpg 300w, https:\/\/megaradar.com.tr\/wp-content\/uploads\/2025\/10\/yuksek-akim-1024x576.jpg 1024w, https:\/\/megaradar.com.tr\/wp-content\/uploads\/2025\/10\/yuksek-akim-1536x864.jpg 1536w, https:\/\/megaradar.com.tr\/wp-content\/uploads\/2025\/10\/yuksek-akim-370x208.jpg 370w, https:\/\/megaradar.com.tr\/wp-content\/uploads\/2025\/10\/yuksek-akim-1290x725.jpg 1290w, https:\/\/megaradar.com.tr\/wp-content\/uploads\/2025\/10\/yuksek-akim-840x473.jpg 840w, https:\/\/megaradar.com.tr\/wp-content\/uploads\/2025\/10\/yuksek-akim-410x231.jpg 410w, https:\/\/megaradar.com.tr\/wp-content\/uploads\/2025\/10\/yuksek-akim-270x152.jpg 270w, https:\/\/megaradar.com.tr\/wp-content\/uploads\/2025\/10\/yuksek-akim.jpg 1920w\" sizes=\"(max-width: 768px) 100vw, 768px\" \/>\t\t\t\t\t\t<\/div>\r\n\t\t\t\t\t\t\t\t\t\t\t\t\t<div class=\"premium-blog-thumbnail-overlay\">\r\n\t\t\t\t\t\t\t\t<a class=\"elementor-icon\" href=\"https:\/\/megaradar.com.tr\/es\/5-consejos-para-una-conexion-segura-en-circuitos-de-alta-corriente\/\" target=\"_self\" aria-hidden=\"true\"><span>5 Consejos para una Conexi\u00f3n Segura en Circuitos de Alta Corriente<\/span><\/a>\r\n\t\t\t\t\t\t\t<\/div>\r\n\r\n\t\t\t\t\t\t\t\t\t\t\t\t\t\t\t\t\t\t<\/div>\r\n\t\t\t\t\t\t\t\t\t\t\t\t<div class=\"premium-blog-content-wrapper \">\r\n\r\n\t\t\t\t\t<div class=\"premium-blog-inner-container\">\r\n\r\n\t\t\t\t\t\t\t\t\t\t\t\t\t\t<h2 class=\"premium-blog-entry-title\">\r\n\t\t\t<a href=\"https:\/\/megaradar.com.tr\/es\/5-consejos-para-una-conexion-segura-en-circuitos-de-alta-corriente\/\" target=\"_self\">\r\n\t\t\t\t5 Consejos para una Conexi\u00f3n Segura en Circuitos de Alta Corriente\t\t\t<\/a>\r\n\t\t<\/h2>\r\n\t\t\t\t<div class=\"premium-blog-entry-meta\">\r\n\t\t\t\r\n\t\t\t\r\n\t\t\t\r\n\t\t\t\t\t<\/div>\r\n\t\t\r\n\t\t\t\t\t<\/div>\r\n\r\n\t\t\t\t\t\t\t<div class=\"premium-blog-content-inner-wrapper\">\r\n\t\t<p class=\"premium-blog-post-content\">El m\u00e1s m\u00ednimo error en los circuitos de alta corriente puede afectar directamente a la seguridad y eficacia del sistema. El sobrecalentamiento, el riesgo de incendio o los fallos de&hellip;<\/p><div class=\"premium-blog-excerpt-link-wrap\"><a href=\"https:\/\/megaradar.com.tr\/es\/5-consejos-para-una-conexion-segura-en-circuitos-de-alta-corriente\/\" target=\"_self\" class=\"premium-blog-excerpt-link elementor-button\">Leer m\u00e1s<\/a><\/div>\t\t<\/div>\r\n\t\t\t\t\t\t\t\r\n\t\t\t\t<\/div>\r\n\t\t\t<\/div>\r\n\t\t<\/div>\r\n\r\n\t\t\t\t<div class=\"premium-blog-post-outer-container\" data-total=\"1\">\r\n\t\t\t<div class=\"premium-blog-post-container premium-blog-skin-side\">\r\n\t\t\t\t\t\t\t\t\t<div class=\"premium-blog-thumb-effect-wrapper\">\r\n\t\t\t\t\t\t<div class=\"premium-blog-thumbnail-container premium-blog-zoomout-effect\">\r\n\t\t\t\t\t\t\t<img loading=\"lazy\" decoding=\"async\" width=\"768\" height=\"432\" src=\"https:\/\/megaradar.com.tr\/wp-content\/uploads\/2025\/10\/asansor-768x432.jpg\" class=\"attachment-medium_large size-medium_large wp-image-26814\" alt=\"\" srcset=\"https:\/\/megaradar.com.tr\/wp-content\/uploads\/2025\/10\/asansor-768x432.jpg 768w, https:\/\/megaradar.com.tr\/wp-content\/uploads\/2025\/10\/asansor-300x169.jpg 300w, https:\/\/megaradar.com.tr\/wp-content\/uploads\/2025\/10\/asansor-1024x576.jpg 1024w, https:\/\/megaradar.com.tr\/wp-content\/uploads\/2025\/10\/asansor-1536x864.jpg 1536w, https:\/\/megaradar.com.tr\/wp-content\/uploads\/2025\/10\/asansor-370x208.jpg 370w, https:\/\/megaradar.com.tr\/wp-content\/uploads\/2025\/10\/asansor-1290x725.jpg 1290w, https:\/\/megaradar.com.tr\/wp-content\/uploads\/2025\/10\/asansor-840x473.jpg 840w, https:\/\/megaradar.com.tr\/wp-content\/uploads\/2025\/10\/asansor-410x231.jpg 410w, https:\/\/megaradar.com.tr\/wp-content\/uploads\/2025\/10\/asansor-270x152.jpg 270w, https:\/\/megaradar.com.tr\/wp-content\/uploads\/2025\/10\/asansor.jpg 1920w\" sizes=\"(max-width: 768px) 100vw, 768px\" \/>\t\t\t\t\t\t<\/div>\r\n\t\t\t\t\t\t\t\t\t\t\t\t\t<div class=\"premium-blog-thumbnail-overlay\">\r\n\t\t\t\t\t\t\t\t<a class=\"elementor-icon\" href=\"https:\/\/megaradar.com.tr\/es\/3-puntos-criticos-en-las-conexiones-electricas-de-los-ascensores\/\" target=\"_self\" aria-hidden=\"true\"><span>3 Puntos Cr\u00edticos en las Conexiones El\u00e9ctricas de los Ascensores<\/span><\/a>\r\n\t\t\t\t\t\t\t<\/div>\r\n\r\n\t\t\t\t\t\t\t\t\t\t\t\t\t\t\t\t\t\t<\/div>\r\n\t\t\t\t\t\t\t\t\t\t\t\t<div class=\"premium-blog-content-wrapper \">\r\n\r\n\t\t\t\t\t<div class=\"premium-blog-inner-container\">\r\n\r\n\t\t\t\t\t\t\t\t\t\t\t\t\t\t<h2 class=\"premium-blog-entry-title\">\r\n\t\t\t<a href=\"https:\/\/megaradar.com.tr\/es\/3-puntos-criticos-en-las-conexiones-electricas-de-los-ascensores\/\" target=\"_self\">\r\n\t\t\t\t3 Puntos Cr\u00edticos en las Conexiones El\u00e9ctricas de los Ascensores\t\t\t<\/a>\r\n\t\t<\/h2>\r\n\t\t\t\t<div class=\"premium-blog-entry-meta\">\r\n\t\t\t\r\n\t\t\t\r\n\t\t\t\r\n\t\t\t\t\t<\/div>\r\n\t\t\r\n\t\t\t\t\t<\/div>\r\n\r\n\t\t\t\t\t\t\t<div class=\"premium-blog-content-inner-wrapper\">\r\n\t\t<p class=\"premium-blog-post-content\">Los sistemas de ascensores son partes indispensables tanto de la vida cotidiana como de las zonas industriales. Uno de los elementos m\u00e1s cr\u00edticos de estos sistemas, que utilizan con seguridad&hellip;<\/p><div class=\"premium-blog-excerpt-link-wrap\"><a href=\"https:\/\/megaradar.com.tr\/es\/3-puntos-criticos-en-las-conexiones-electricas-de-los-ascensores\/\" target=\"_self\" class=\"premium-blog-excerpt-link elementor-button\">Leer m\u00e1s<\/a><\/div>\t\t<\/div>\r\n\t\t\t\t\t\t\t\r\n\t\t\t\t<\/div>\r\n\t\t\t<\/div>\r\n\t\t<\/div>\r\n\r\n\t\t\t\t<div class=\"premium-blog-post-outer-container\" data-total=\"1\">\r\n\t\t\t<div class=\"premium-blog-post-container premium-blog-skin-side\">\r\n\t\t\t\t\t\t\t\t\t<div class=\"premium-blog-thumb-effect-wrapper\">\r\n\t\t\t\t\t\t<div class=\"premium-blog-thumbnail-container premium-blog-zoomout-effect\">\r\n\t\t\t\t\t\t\t<img loading=\"lazy\" decoding=\"async\" width=\"768\" height=\"432\" src=\"https:\/\/megaradar.com.tr\/wp-content\/uploads\/2025\/10\/akilli-ev-768x432.jpg\" class=\"attachment-medium_large size-medium_large wp-image-26815\" alt=\"\" srcset=\"https:\/\/megaradar.com.tr\/wp-content\/uploads\/2025\/10\/akilli-ev-768x432.jpg 768w, https:\/\/megaradar.com.tr\/wp-content\/uploads\/2025\/10\/akilli-ev-300x169.jpg 300w, https:\/\/megaradar.com.tr\/wp-content\/uploads\/2025\/10\/akilli-ev-1024x576.jpg 1024w, https:\/\/megaradar.com.tr\/wp-content\/uploads\/2025\/10\/akilli-ev-1536x864.jpg 1536w, https:\/\/megaradar.com.tr\/wp-content\/uploads\/2025\/10\/akilli-ev-370x208.jpg 370w, https:\/\/megaradar.com.tr\/wp-content\/uploads\/2025\/10\/akilli-ev-1290x725.jpg 1290w, https:\/\/megaradar.com.tr\/wp-content\/uploads\/2025\/10\/akilli-ev-840x473.jpg 840w, https:\/\/megaradar.com.tr\/wp-content\/uploads\/2025\/10\/akilli-ev-410x231.jpg 410w, https:\/\/megaradar.com.tr\/wp-content\/uploads\/2025\/10\/akilli-ev-270x152.jpg 270w, https:\/\/megaradar.com.tr\/wp-content\/uploads\/2025\/10\/akilli-ev.jpg 1920w\" sizes=\"(max-width: 768px) 100vw, 768px\" \/>\t\t\t\t\t\t<\/div>\r\n\t\t\t\t\t\t\t\t\t\t\t\t\t<div class=\"premium-blog-thumbnail-overlay\">\r\n\t\t\t\t\t\t\t\t<a class=\"elementor-icon\" href=\"https:\/\/megaradar.com.tr\/es\/el-papel-de-las-fijaciones-en-los-sistemas-domesticos-inteligentes\/\" target=\"_self\" aria-hidden=\"true\"><span>El papel de las fijaciones en los sistemas dom\u00e9sticos inteligentes<\/span><\/a>\r\n\t\t\t\t\t\t\t<\/div>\r\n\r\n\t\t\t\t\t\t\t\t\t\t\t\t\t\t\t\t\t\t<\/div>\r\n\t\t\t\t\t\t\t\t\t\t\t\t<div class=\"premium-blog-content-wrapper \">\r\n\r\n\t\t\t\t\t<div class=\"premium-blog-inner-container\">\r\n\r\n\t\t\t\t\t\t\t\t\t\t\t\t\t\t<h2 class=\"premium-blog-entry-title\">\r\n\t\t\t<a href=\"https:\/\/megaradar.com.tr\/es\/el-papel-de-las-fijaciones-en-los-sistemas-domesticos-inteligentes\/\" target=\"_self\">\r\n\t\t\t\tEl papel de las fijaciones en los sistemas dom\u00e9sticos inteligentes\t\t\t<\/a>\r\n\t\t<\/h2>\r\n\t\t\t\t<div class=\"premium-blog-entry-meta\">\r\n\t\t\t\r\n\t\t\t\r\n\t\t\t\r\n\t\t\t\t\t<\/div>\r\n\t\t\r\n\t\t\t\t\t<\/div>\r\n\r\n\t\t\t\t\t\t\t<div class=\"premium-blog-content-inner-wrapper\">\r\n\t\t<p class=\"premium-blog-post-content\">En el mundo del IoT, se necesitan conexiones el\u00e9ctricas y de datos fiables para que millones de dispositivos, sensores y sistemas funcionen sin problemas. El rendimiento de cada dispositivo utilizado&hellip;<\/p><div class=\"premium-blog-excerpt-link-wrap\"><a href=\"https:\/\/megaradar.com.tr\/es\/el-papel-de-las-fijaciones-en-los-sistemas-domesticos-inteligentes\/\" target=\"_self\" class=\"premium-blog-excerpt-link elementor-button\">Leer m\u00e1s<\/a><\/div>\t\t<\/div>\r\n\t\t\t\t\t\t\t\r\n\t\t\t\t<\/div>\r\n\t\t\t<\/div>\r\n\t\t<\/div>\r\n\r\n\t\t\t\t<\/div>\n\n\t\t\t\t<\/div>\n\t\t\t\t<\/div>\n\t\t\t\t\t<\/div>\n\t\t\t\t<\/div>\n\t\t\t\t<\/div>\n\t\t","protected":false},"excerpt":{"rendered":"<p>Mega Radar Centro de Informaci\u00f3n Libro Blanco Savunma Sanayi Uygulamalar\u0131nda Elektronik Ba\u011flant\u0131larda Dayan\u0131kl\u0131l\u0131k Neden Kritik? Savunma Sanayi Uygulamalar\u0131nda Elektronik Ba\u011flant\u0131larda Dayan\u0131kl\u0131l\u0131k Neden Kritik? Savunma sanayiinde kullan\u0131lan elektronik sistemler, en zorlu&hellip;<\/p>\n","protected":false},"author":1,"featured_media":0,"parent":0,"menu_order":0,"comment_status":"closed","ping_status":"closed","template":"","meta":{"footnotes":""},"class_list":["post-25719","page","type-page","status-publish","hentry"],"_links":{"self":[{"href":"https:\/\/megaradar.com.tr\/es\/wp-json\/wp\/v2\/pages\/25719","targetHints":{"allow":["GET"]}}],"collection":[{"href":"https:\/\/megaradar.com.tr\/es\/wp-json\/wp\/v2\/pages"}],"about":[{"href":"https:\/\/megaradar.com.tr\/es\/wp-json\/wp\/v2\/types\/page"}],"author":[{"embeddable":true,"href":"https:\/\/megaradar.com.tr\/es\/wp-json\/wp\/v2\/users\/1"}],"replies":[{"embeddable":true,"href":"https:\/\/megaradar.com.tr\/es\/wp-json\/wp\/v2\/comments?post=25719"}],"version-history":[{"count":16,"href":"https:\/\/megaradar.com.tr\/es\/wp-json\/wp\/v2\/pages\/25719\/revisions"}],"predecessor-version":[{"id":27516,"href":"https:\/\/megaradar.com.tr\/es\/wp-json\/wp\/v2\/pages\/25719\/revisions\/27516"}],"wp:attachment":[{"href":"https:\/\/megaradar.com.tr\/es\/wp-json\/wp\/v2\/media?parent=25719"}],"curies":[{"name":"wp","href":"https:\/\/api.w.org\/{rel}","templated":true}]}}