{"id":25729,"date":"2025-10-19T16:29:41","date_gmt":"2025-10-19T13:29:41","guid":{"rendered":"https:\/\/megaradar.com.tr\/blog\/"},"modified":"2026-04-07T23:51:39","modified_gmt":"2026-04-07T20:51:39","slug":"blog","status":"publish","type":"page","link":"https:\/\/megaradar.com.tr\/es\/blog\/","title":{"rendered":"Blog"},"content":{"rendered":"\t\t<div data-elementor-type=\"wp-page\" data-elementor-id=\"25729\" class=\"elementor elementor-25729 elementor-25588\">\n\t\t\t\t<div class=\"elementor-element elementor-element-8bc718c e-con-full e-flex sc_inner_width_none sc_layouts_column_icons_position_left e-con e-parent\" data-id=\"8bc718c\" data-element_type=\"container\" data-settings=\"{&quot;background_background&quot;:&quot;classic&quot;}\">\n\t\t<div class=\"elementor-element elementor-element-8c87334 e-flex e-con-boxed sc_inner_width_none sc_layouts_column_icons_position_left e-con e-child\" data-id=\"8c87334\" data-element_type=\"container\">\n\t\t\t\t\t<div class=\"e-con-inner\">\n\t\t\t\t<div class=\"elementor-element elementor-element-4f399cc sc_fly_static elementor-widget elementor-widget-html\" data-id=\"4f399cc\" data-element_type=\"widget\" data-widget_type=\"html.default\">\n\t\t\t\t<div class=\"elementor-widget-container\">\n\t\t\t<nav aria-label=\"Breadcrumb\" class=\"mg-breadcrumbs\">\n  <ol itemscope=\"\" itemtype=\"https:\/\/schema.org\/BreadcrumbList\">\n    <li itemprop=\"itemListElement\" itemscope=\"\" itemtype=\"https:\/\/schema.org\/ListItem\">\n      <a itemprop=\"item\" href=\"\/es\/\"><span itemprop=\"name\">Mega Radar<\/span><\/a>\n      <meta itemprop=\"position\" content=\"1\">\n      <span class=\"bc-separator\"> <i class=\"bc-icon\"><\/i> <\/span>\n    <\/li>\n    <li itemprop=\"itemListElement\" itemscope=\"\" itemtype=\"https:\/\/schema.org\/ListItem\">\n      <span itemprop=\"name\">Centro de Informaci\u00f3n<\/span>\n      <meta itemprop=\"position\" content=\"2\">\n      <span class=\"bc-separator\"> <i class=\"bc-icon\"><\/i>  <\/span>\n    <\/li>\n    <li itemprop=\"itemListElement\" itemscope=\"\" itemtype=\"https:\/\/schema.org\/ListItem\">\n      <span itemprop=\"name\">Blog<\/span>\n      <meta itemprop=\"position\" content=\"3\">\n    <\/li>\n  <\/ol>\n<\/nav>\t\t<\/div>\n\t\t\t\t<\/div>\n\t\t\t\t\t<\/div>\n\t\t\t\t<\/div>\n\t\t\t\t<\/div>\n\t\t<div class=\"elementor-element elementor-element-bf295b9 e-flex e-con-boxed sc_inner_width_none sc_layouts_column_icons_position_left e-con e-parent\" data-id=\"bf295b9\" data-element_type=\"container\">\n\t\t\t\t\t<div class=\"e-con-inner\">\n\t\t\t\t<div class=\"elementor-element elementor-element-e5d790d premium-blog-align-left sc_fly_static elementor-widget elementor-widget-premium-addon-blog\" data-id=\"e5d790d\" data-element_type=\"widget\" data-settings=\"{&quot;premium_blog_columns_number&quot;:&quot;100%&quot;,&quot;premium_blog_grid&quot;:&quot;yes&quot;,&quot;premium_blog_layout&quot;:&quot;even&quot;,&quot;premium_blog_columns_number_tablet&quot;:&quot;50%&quot;,&quot;premium_blog_columns_number_mobile&quot;:&quot;100%&quot;}\" data-widget_type=\"premium-addon-blog.default\">\n\t\t\t\t<div class=\"elementor-widget-container\">\n\t\t\t\n\t\t\t\t<div class=\"premium-blog-wrap  premium-blog-even\" data-page=\"25729\">\n\t\t\t\t\t<div class=\"premium-blog-post-outer-container\" data-total=\"1\">\r\n\t\t\t<div class=\"premium-blog-post-container premium-blog-skin-side\">\r\n\t\t\t\t\t\t\t\t\t<div class=\"premium-blog-thumb-effect-wrapper\">\r\n\t\t\t\t\t\t<div class=\"premium-blog-thumbnail-container premium-blog-zoomout-effect\">\r\n\t\t\t\t\t\t\t<img fetchpriority=\"high\" decoding=\"async\" width=\"768\" height=\"432\" src=\"https:\/\/megaradar.com.tr\/wp-content\/uploads\/2025\/10\/7.-Trend-Gelecek_rev-768x432.jpg\" class=\"attachment-medium_large size-medium_large wp-image-27044\" alt=\"\" srcset=\"https:\/\/megaradar.com.tr\/wp-content\/uploads\/2025\/10\/7.-Trend-Gelecek_rev-768x432.jpg 768w, https:\/\/megaradar.com.tr\/wp-content\/uploads\/2025\/10\/7.-Trend-Gelecek_rev-300x169.jpg 300w, https:\/\/megaradar.com.tr\/wp-content\/uploads\/2025\/10\/7.-Trend-Gelecek_rev-1024x576.jpg 1024w, https:\/\/megaradar.com.tr\/wp-content\/uploads\/2025\/10\/7.-Trend-Gelecek_rev-1536x864.jpg 1536w, https:\/\/megaradar.com.tr\/wp-content\/uploads\/2025\/10\/7.-Trend-Gelecek_rev-370x208.jpg 370w, https:\/\/megaradar.com.tr\/wp-content\/uploads\/2025\/10\/7.-Trend-Gelecek_rev-1290x725.jpg 1290w, https:\/\/megaradar.com.tr\/wp-content\/uploads\/2025\/10\/7.-Trend-Gelecek_rev-840x473.jpg 840w, https:\/\/megaradar.com.tr\/wp-content\/uploads\/2025\/10\/7.-Trend-Gelecek_rev-410x231.jpg 410w, https:\/\/megaradar.com.tr\/wp-content\/uploads\/2025\/10\/7.-Trend-Gelecek_rev-270x152.jpg 270w, https:\/\/megaradar.com.tr\/wp-content\/uploads\/2025\/10\/7.-Trend-Gelecek_rev.jpg 1920w\" sizes=\"(max-width: 768px) 100vw, 768px\" \/>\t\t\t\t\t\t<\/div>\r\n\t\t\t\t\t\t\t\t\t\t\t\t\t<div class=\"premium-blog-thumbnail-overlay\">\r\n\t\t\t\t\t\t\t\t<a class=\"elementor-icon\" href=\"https:\/\/megaradar.com.tr\/es\/las-bornas-en-2026-en-la-interseccion-de-la-miniaturizacion-el-push-in-y-el-pasaporte-digital-de-productos\/\" target=\"_self\" aria-hidden=\"true\"><span>Las Bornas en 2026: En la intersecci\u00f3n de la miniaturizaci\u00f3n, el Push-in y el pasaporte digital de productos<\/span><\/a>\r\n\t\t\t\t\t\t\t<\/div>\r\n\r\n\t\t\t\t\t\t\t\t\t\t\t\t\t\t\t\t\t\t<\/div>\r\n\t\t\t\t\t\t\t\t\t\t\t\t<div class=\"premium-blog-content-wrapper \">\r\n\r\n\t\t\t\t\t<div class=\"premium-blog-inner-container\">\r\n\r\n\t\t\t\t\t\t\t\t\t\t\t\t\t\t<h2 class=\"premium-blog-entry-title\">\r\n\t\t\t<a href=\"https:\/\/megaradar.com.tr\/es\/las-bornas-en-2026-en-la-interseccion-de-la-miniaturizacion-el-push-in-y-el-pasaporte-digital-de-productos\/\" target=\"_self\">\r\n\t\t\t\tLas Bornas en 2026: En la intersecci\u00f3n de la miniaturizaci\u00f3n, el Push-in y el pasaporte digital de productos\t\t\t<\/a>\r\n\t\t<\/h2>\r\n\t\t\t\t<div class=\"premium-blog-entry-meta\">\r\n\t\t\t\r\n\t\t\t\r\n\t\t\t\r\n\t\t\t\t\t<\/div>\r\n\t\t\r\n\t\t\t\t\t<\/div>\r\n\r\n\t\t\t\t\t\t\t<div class=\"premium-blog-content-inner-wrapper\">\r\n\t\t<p class=\"premium-blog-post-content\">Las regletas de bornes son algo m\u00e1s que una familia de productos: son la espina dorsal invisible de la automatizaci\u00f3n industrial, la electr\u00f3nica integrada en los dispositivos y la infraestructura&hellip;<\/p><div class=\"premium-blog-excerpt-link-wrap\"><a href=\"https:\/\/megaradar.com.tr\/es\/las-bornas-en-2026-en-la-interseccion-de-la-miniaturizacion-el-push-in-y-el-pasaporte-digital-de-productos\/\" target=\"_self\" class=\"premium-blog-excerpt-link elementor-button\">Leer m\u00e1s<\/a><\/div>\t\t<\/div>\r\n\t\t\t\t\t\t\t\r\n\t\t\t\t<\/div>\r\n\t\t\t<\/div>\r\n\t\t<\/div>\r\n\r\n\t\t\t\t<div class=\"premium-blog-post-outer-container\" data-total=\"1\">\r\n\t\t\t<div class=\"premium-blog-post-container premium-blog-skin-side\">\r\n\t\t\t\t\t\t\t\t\t<div class=\"premium-blog-thumb-effect-wrapper\">\r\n\t\t\t\t\t\t<div class=\"premium-blog-thumbnail-container premium-blog-zoomout-effect\">\r\n\t\t\t\t\t\t\t<img decoding=\"async\" width=\"768\" height=\"432\" src=\"https:\/\/megaradar.com.tr\/wp-content\/uploads\/2025\/10\/ozel-uretim-klemens-768x432.jpg\" class=\"attachment-medium_large size-medium_large wp-image-25708\" alt=\"\" srcset=\"https:\/\/megaradar.com.tr\/wp-content\/uploads\/2025\/10\/ozel-uretim-klemens-768x432.jpg 768w, https:\/\/megaradar.com.tr\/wp-content\/uploads\/2025\/10\/ozel-uretim-klemens-300x169.jpg 300w, https:\/\/megaradar.com.tr\/wp-content\/uploads\/2025\/10\/ozel-uretim-klemens-1024x576.jpg 1024w, https:\/\/megaradar.com.tr\/wp-content\/uploads\/2025\/10\/ozel-uretim-klemens-1536x864.jpg 1536w, https:\/\/megaradar.com.tr\/wp-content\/uploads\/2025\/10\/ozel-uretim-klemens-370x208.jpg 370w, https:\/\/megaradar.com.tr\/wp-content\/uploads\/2025\/10\/ozel-uretim-klemens-1290x725.jpg 1290w, https:\/\/megaradar.com.tr\/wp-content\/uploads\/2025\/10\/ozel-uretim-klemens-840x473.jpg 840w, https:\/\/megaradar.com.tr\/wp-content\/uploads\/2025\/10\/ozel-uretim-klemens-410x231.jpg 410w, https:\/\/megaradar.com.tr\/wp-content\/uploads\/2025\/10\/ozel-uretim-klemens-270x152.jpg 270w, https:\/\/megaradar.com.tr\/wp-content\/uploads\/2025\/10\/ozel-uretim-klemens.jpg 1920w\" sizes=\"(max-width: 768px) 100vw, 768px\" \/>\t\t\t\t\t\t<\/div>\r\n\t\t\t\t\t\t\t\t\t\t\t\t\t<div class=\"premium-blog-thumbnail-overlay\">\r\n\t\t\t\t\t\t\t\t<a class=\"elementor-icon\" href=\"https:\/\/megaradar.com.tr\/es\/soluciones-industriales-con-regletas-de-diseno-especial\/\" target=\"_self\" aria-hidden=\"true\"><span>Soluciones industriales con regletas de dise\u00f1o especial<\/span><\/a>\r\n\t\t\t\t\t\t\t<\/div>\r\n\r\n\t\t\t\t\t\t\t\t\t\t\t\t\t\t\t\t\t\t<\/div>\r\n\t\t\t\t\t\t\t\t\t\t\t\t<div class=\"premium-blog-content-wrapper \">\r\n\r\n\t\t\t\t\t<div class=\"premium-blog-inner-container\">\r\n\r\n\t\t\t\t\t\t\t\t\t\t\t\t\t\t<h2 class=\"premium-blog-entry-title\">\r\n\t\t\t<a href=\"https:\/\/megaradar.com.tr\/es\/soluciones-industriales-con-regletas-de-diseno-especial\/\" target=\"_self\">\r\n\t\t\t\tSoluciones industriales con regletas de dise\u00f1o especial\t\t\t<\/a>\r\n\t\t<\/h2>\r\n\t\t\t\t<div class=\"premium-blog-entry-meta\">\r\n\t\t\t\r\n\t\t\t\r\n\t\t\t\r\n\t\t\t\t\t<\/div>\r\n\t\t\r\n\t\t\t\t\t<\/div>\r\n\r\n\t\t\t\t\t\t\t<div class=\"premium-blog-content-inner-wrapper\">\r\n\t\t<p class=\"premium-blog-post-content\">Capacidad de producci\u00f3n especial Cuando los productos est\u00e1ndar son insuficientes para satisfacer las necesidades especiales de tu proyecto, es necesario fabricar soluciones a medida. Como Mega Radar, damos gran importancia&hellip;<\/p><div class=\"premium-blog-excerpt-link-wrap\"><a href=\"https:\/\/megaradar.com.tr\/es\/soluciones-industriales-con-regletas-de-diseno-especial\/\" target=\"_self\" class=\"premium-blog-excerpt-link elementor-button\">Leer m\u00e1s<\/a><\/div>\t\t<\/div>\r\n\t\t\t\t\t\t\t\r\n\t\t\t\t<\/div>\r\n\t\t\t<\/div>\r\n\t\t<\/div>\r\n\r\n\t\t\t\t<div class=\"premium-blog-post-outer-container\" data-total=\"1\">\r\n\t\t\t<div class=\"premium-blog-post-container premium-blog-skin-side\">\r\n\t\t\t\t\t\t\t\t\t<div class=\"premium-blog-thumb-effect-wrapper\">\r\n\t\t\t\t\t\t<div class=\"premium-blog-thumbnail-container premium-blog-zoomout-effect\">\r\n\t\t\t\t\t\t\t<img decoding=\"async\" width=\"768\" height=\"432\" src=\"https:\/\/megaradar.com.tr\/wp-content\/uploads\/2025\/10\/inovasyon-768x432.jpg\" class=\"attachment-medium_large size-medium_large wp-image-25714\" alt=\"\" srcset=\"https:\/\/megaradar.com.tr\/wp-content\/uploads\/2025\/10\/inovasyon-768x432.jpg 768w, https:\/\/megaradar.com.tr\/wp-content\/uploads\/2025\/10\/inovasyon-300x169.jpg 300w, https:\/\/megaradar.com.tr\/wp-content\/uploads\/2025\/10\/inovasyon-1024x576.jpg 1024w, https:\/\/megaradar.com.tr\/wp-content\/uploads\/2025\/10\/inovasyon-1536x864.jpg 1536w, https:\/\/megaradar.com.tr\/wp-content\/uploads\/2025\/10\/inovasyon-370x208.jpg 370w, https:\/\/megaradar.com.tr\/wp-content\/uploads\/2025\/10\/inovasyon-1290x725.jpg 1290w, https:\/\/megaradar.com.tr\/wp-content\/uploads\/2025\/10\/inovasyon-840x473.jpg 840w, https:\/\/megaradar.com.tr\/wp-content\/uploads\/2025\/10\/inovasyon-410x231.jpg 410w, https:\/\/megaradar.com.tr\/wp-content\/uploads\/2025\/10\/inovasyon-270x152.jpg 270w, https:\/\/megaradar.com.tr\/wp-content\/uploads\/2025\/10\/inovasyon.jpg 1920w\" sizes=\"(max-width: 768px) 100vw, 768px\" \/>\t\t\t\t\t\t<\/div>\r\n\t\t\t\t\t\t\t\t\t\t\t\t\t<div class=\"premium-blog-thumbnail-overlay\">\r\n\t\t\t\t\t\t\t\t<a class=\"elementor-icon\" href=\"https:\/\/megaradar.com.tr\/es\/innovacion-en-la-distribucion-multiple-de-cables-regleta-de-bornes-de-conexion-plegada-tipo-carril-de-508-mm\/\" target=\"_self\" aria-hidden=\"true\"><span>Innovaci\u00f3n en la distribuci\u00f3n m\u00faltiple de cables: Regleta de bornes de conexi\u00f3n plegada tipo carril de 5,08 mm<\/span><\/a>\r\n\t\t\t\t\t\t\t<\/div>\r\n\r\n\t\t\t\t\t\t\t\t\t\t\t\t\t\t\t\t\t\t<\/div>\r\n\t\t\t\t\t\t\t\t\t\t\t\t<div class=\"premium-blog-content-wrapper \">\r\n\r\n\t\t\t\t\t<div class=\"premium-blog-inner-container\">\r\n\r\n\t\t\t\t\t\t\t\t\t\t\t\t\t\t<h2 class=\"premium-blog-entry-title\">\r\n\t\t\t<a href=\"https:\/\/megaradar.com.tr\/es\/innovacion-en-la-distribucion-multiple-de-cables-regleta-de-bornes-de-conexion-plegada-tipo-carril-de-508-mm\/\" target=\"_self\">\r\n\t\t\t\tInnovaci\u00f3n en la distribuci\u00f3n m\u00faltiple de cables: Regleta de bornes de conexi\u00f3n plegada tipo carril de 5,08 mm\t\t\t<\/a>\r\n\t\t<\/h2>\r\n\t\t\t\t<div class=\"premium-blog-entry-meta\">\r\n\t\t\t\r\n\t\t\t\r\n\t\t\t\r\n\t\t\t\t\t<\/div>\r\n\t\t\r\n\t\t\t\t\t<\/div>\r\n\r\n\t\t\t\t\t\t\t<div class=\"premium-blog-content-inner-wrapper\">\r\n\t\t<p class=\"premium-blog-post-content\">Mega Radar ofrece una soluci\u00f3n revolucionaria en aplicaciones de paneles industriales: El bloque de terminales de z\u00f3calo plegado tipo carril de 5,08 mm. Esta innovaci\u00f3n no s\u00f3lo ahorra espacio al&hellip;<\/p><div class=\"premium-blog-excerpt-link-wrap\"><a href=\"https:\/\/megaradar.com.tr\/es\/innovacion-en-la-distribucion-multiple-de-cables-regleta-de-bornes-de-conexion-plegada-tipo-carril-de-508-mm\/\" target=\"_self\" class=\"premium-blog-excerpt-link elementor-button\">Leer m\u00e1s<\/a><\/div>\t\t<\/div>\r\n\t\t\t\t\t\t\t\r\n\t\t\t\t<\/div>\r\n\t\t\t<\/div>\r\n\t\t<\/div>\r\n\r\n\t\t\t\t<div class=\"premium-blog-post-outer-container\" data-total=\"1\">\r\n\t\t\t<div class=\"premium-blog-post-container premium-blog-skin-side\">\r\n\t\t\t\t\t\t\t\t\t<div class=\"premium-blog-thumb-effect-wrapper\">\r\n\t\t\t\t\t\t<div class=\"premium-blog-thumbnail-container premium-blog-zoomout-effect\">\r\n\t\t\t\t\t\t\t<img loading=\"lazy\" decoding=\"async\" width=\"768\" height=\"432\" src=\"https:\/\/megaradar.com.tr\/wp-content\/uploads\/2025\/10\/guvenilirlik-768x432.jpg\" class=\"attachment-medium_large size-medium_large wp-image-25698\" alt=\"\" srcset=\"https:\/\/megaradar.com.tr\/wp-content\/uploads\/2025\/10\/guvenilirlik-768x432.jpg 768w, https:\/\/megaradar.com.tr\/wp-content\/uploads\/2025\/10\/guvenilirlik-300x169.jpg 300w, https:\/\/megaradar.com.tr\/wp-content\/uploads\/2025\/10\/guvenilirlik-1024x576.jpg 1024w, https:\/\/megaradar.com.tr\/wp-content\/uploads\/2025\/10\/guvenilirlik-1536x864.jpg 1536w, https:\/\/megaradar.com.tr\/wp-content\/uploads\/2025\/10\/guvenilirlik-370x208.jpg 370w, https:\/\/megaradar.com.tr\/wp-content\/uploads\/2025\/10\/guvenilirlik-1290x725.jpg 1290w, https:\/\/megaradar.com.tr\/wp-content\/uploads\/2025\/10\/guvenilirlik-840x473.jpg 840w, https:\/\/megaradar.com.tr\/wp-content\/uploads\/2025\/10\/guvenilirlik-410x231.jpg 410w, https:\/\/megaradar.com.tr\/wp-content\/uploads\/2025\/10\/guvenilirlik-270x152.jpg 270w, https:\/\/megaradar.com.tr\/wp-content\/uploads\/2025\/10\/guvenilirlik.jpg 1920w\" sizes=\"(max-width: 768px) 100vw, 768px\" \/>\t\t\t\t\t\t<\/div>\r\n\t\t\t\t\t\t\t\t\t\t\t\t\t<div class=\"premium-blog-thumbnail-overlay\">\r\n\t\t\t\t\t\t\t\t<a class=\"elementor-icon\" href=\"https:\/\/megaradar.com.tr\/es\/por-que-los-terminales-mega-radar-son-tan-seguros\/\" target=\"_self\" aria-hidden=\"true\"><span>\u00bfPor qu\u00e9 los Terminales Mega Radar son tan seguros?<\/span><\/a>\r\n\t\t\t\t\t\t\t<\/div>\r\n\r\n\t\t\t\t\t\t\t\t\t\t\t\t\t\t\t\t\t\t<\/div>\r\n\t\t\t\t\t\t\t\t\t\t\t\t<div class=\"premium-blog-content-wrapper \">\r\n\r\n\t\t\t\t\t<div class=\"premium-blog-inner-container\">\r\n\r\n\t\t\t\t\t\t\t\t\t\t\t\t\t\t<h2 class=\"premium-blog-entry-title\">\r\n\t\t\t<a href=\"https:\/\/megaradar.com.tr\/es\/por-que-los-terminales-mega-radar-son-tan-seguros\/\" target=\"_self\">\r\n\t\t\t\t\u00bfPor qu\u00e9 los Terminales Mega Radar son tan seguros?\t\t\t<\/a>\r\n\t\t<\/h2>\r\n\t\t\t\t<div class=\"premium-blog-entry-meta\">\r\n\t\t\t\r\n\t\t\t\r\n\t\t\t\r\n\t\t\t\t\t<\/div>\r\n\t\t\r\n\t\t\t\t\t<\/div>\r\n\r\n\t\t\t\t\t\t\t<div class=\"premium-blog-content-inner-wrapper\">\r\n\t\t<p class=\"premium-blog-post-content\">Mega Radar es l\u00edder en la industria el\u00e9ctrica y electr\u00f3nica al proporcionar soluciones de bornas fiables y de alta calidad. Entonces, \u00bfcu\u00e1les son las caracter\u00edsticas que hacen que las regletas&hellip;<\/p><div class=\"premium-blog-excerpt-link-wrap\"><a href=\"https:\/\/megaradar.com.tr\/es\/por-que-los-terminales-mega-radar-son-tan-seguros\/\" target=\"_self\" class=\"premium-blog-excerpt-link elementor-button\">Leer m\u00e1s<\/a><\/div>\t\t<\/div>\r\n\t\t\t\t\t\t\t\r\n\t\t\t\t<\/div>\r\n\t\t\t<\/div>\r\n\t\t<\/div>\r\n\r\n\t\t\t\t<div class=\"premium-blog-post-outer-container\" data-total=\"1\">\r\n\t\t\t<div class=\"premium-blog-post-container premium-blog-skin-side\">\r\n\t\t\t\t\t\t\t\t\t<div class=\"premium-blog-thumb-effect-wrapper\">\r\n\t\t\t\t\t\t<div class=\"premium-blog-thumbnail-container premium-blog-zoomout-effect\">\r\n\t\t\t\t\t\t\t<img loading=\"lazy\" decoding=\"async\" width=\"768\" height=\"432\" src=\"https:\/\/megaradar.com.tr\/wp-content\/uploads\/2025\/10\/klemens-nedir-768x432.jpg\" class=\"attachment-medium_large size-medium_large wp-image-25694\" alt=\"\" srcset=\"https:\/\/megaradar.com.tr\/wp-content\/uploads\/2025\/10\/klemens-nedir-768x432.jpg 768w, https:\/\/megaradar.com.tr\/wp-content\/uploads\/2025\/10\/klemens-nedir-300x169.jpg 300w, https:\/\/megaradar.com.tr\/wp-content\/uploads\/2025\/10\/klemens-nedir-1024x576.jpg 1024w, https:\/\/megaradar.com.tr\/wp-content\/uploads\/2025\/10\/klemens-nedir-1536x864.jpg 1536w, https:\/\/megaradar.com.tr\/wp-content\/uploads\/2025\/10\/klemens-nedir-370x208.jpg 370w, https:\/\/megaradar.com.tr\/wp-content\/uploads\/2025\/10\/klemens-nedir-1290x725.jpg 1290w, https:\/\/megaradar.com.tr\/wp-content\/uploads\/2025\/10\/klemens-nedir-840x473.jpg 840w, https:\/\/megaradar.com.tr\/wp-content\/uploads\/2025\/10\/klemens-nedir-410x231.jpg 410w, https:\/\/megaradar.com.tr\/wp-content\/uploads\/2025\/10\/klemens-nedir-270x152.jpg 270w, https:\/\/megaradar.com.tr\/wp-content\/uploads\/2025\/10\/klemens-nedir.jpg 1920w\" sizes=\"(max-width: 768px) 100vw, 768px\" \/>\t\t\t\t\t\t<\/div>\r\n\t\t\t\t\t\t\t\t\t\t\t\t\t<div class=\"premium-blog-thumbnail-overlay\">\r\n\t\t\t\t\t\t\t\t<a class=\"elementor-icon\" href=\"https:\/\/megaradar.com.tr\/es\/que-es-un-bloque-de-terminales-donde-y-como-utilizarlo\/\" target=\"_self\" aria-hidden=\"true\"><span>\u00bfQu\u00e9 es un bloque de terminales? \u00bfD\u00f3nde y c\u00f3mo utilizarlo?<\/span><\/a>\r\n\t\t\t\t\t\t\t<\/div>\r\n\r\n\t\t\t\t\t\t\t\t\t\t\t\t\t\t\t\t\t\t<\/div>\r\n\t\t\t\t\t\t\t\t\t\t\t\t<div class=\"premium-blog-content-wrapper \">\r\n\r\n\t\t\t\t\t<div class=\"premium-blog-inner-container\">\r\n\r\n\t\t\t\t\t\t\t\t\t\t\t\t\t\t<h2 class=\"premium-blog-entry-title\">\r\n\t\t\t<a href=\"https:\/\/megaradar.com.tr\/es\/que-es-un-bloque-de-terminales-donde-y-como-utilizarlo\/\" target=\"_self\">\r\n\t\t\t\t\u00bfQu\u00e9 es un bloque de terminales? \u00bfD\u00f3nde y c\u00f3mo utilizarlo?\t\t\t<\/a>\r\n\t\t<\/h2>\r\n\t\t\t\t<div class=\"premium-blog-entry-meta\">\r\n\t\t\t\r\n\t\t\t\r\n\t\t\t\r\n\t\t\t\t\t<\/div>\r\n\t\t\r\n\t\t\t\t\t<\/div>\r\n\r\n\t\t\t\t\t\t\t<div class=\"premium-blog-content-inner-wrapper\">\r\n\t\t<p class=\"premium-blog-post-content\">Las soluciones de conexi\u00f3n seguras y eficaces son vitales en la industria el\u00e9ctrica y electr\u00f3nica. Mega Radar es l\u00edder del sector con sus productos de bornas innovadores y de alta&hellip;<\/p><div class=\"premium-blog-excerpt-link-wrap\"><a href=\"https:\/\/megaradar.com.tr\/es\/que-es-un-bloque-de-terminales-donde-y-como-utilizarlo\/\" target=\"_self\" class=\"premium-blog-excerpt-link elementor-button\">Leer m\u00e1s<\/a><\/div>\t\t<\/div>\r\n\t\t\t\t\t\t\t\r\n\t\t\t\t<\/div>\r\n\t\t\t<\/div>\r\n\t\t<\/div>\r\n\r\n\t\t\t\t<\/div>\n\n\t\t\t\t<\/div>\n\t\t\t\t<\/div>\n\t\t\t\t\t<\/div>\n\t\t\t\t<\/div>\n\t\t\t\t<\/div>\n\t\t","protected":false},"excerpt":{"rendered":"<p>Mega Radar Centro de Informaci\u00f3n Blog 2026&#8217;da Klemensler: Minyat\u00fcrle\u015fmenin, Push-in&#8217;in ve Dijital \u00dcr\u00fcn Pasaportunun Kesi\u015fti\u011fi Yer 2026&#8217;da Klemensler: Minyat\u00fcrle\u015fmenin, Push-in&#8217;in ve Dijital \u00dcr\u00fcn Pasaportunun Kesi\u015fti\u011fi Yer Klemensler, yani terminal bloklar,&hellip;<\/p>\n","protected":false},"author":1,"featured_media":0,"parent":0,"menu_order":0,"comment_status":"closed","ping_status":"closed","template":"","meta":{"footnotes":""},"class_list":["post-25729","page","type-page","status-publish","hentry"],"_links":{"self":[{"href":"https:\/\/megaradar.com.tr\/es\/wp-json\/wp\/v2\/pages\/25729","targetHints":{"allow":["GET"]}}],"collection":[{"href":"https:\/\/megaradar.com.tr\/es\/wp-json\/wp\/v2\/pages"}],"about":[{"href":"https:\/\/megaradar.com.tr\/es\/wp-json\/wp\/v2\/types\/page"}],"author":[{"embeddable":true,"href":"https:\/\/megaradar.com.tr\/es\/wp-json\/wp\/v2\/users\/1"}],"replies":[{"embeddable":true,"href":"https:\/\/megaradar.com.tr\/es\/wp-json\/wp\/v2\/comments?post=25729"}],"version-history":[{"count":13,"href":"https:\/\/megaradar.com.tr\/es\/wp-json\/wp\/v2\/pages\/25729\/revisions"}],"predecessor-version":[{"id":27507,"href":"https:\/\/megaradar.com.tr\/es\/wp-json\/wp\/v2\/pages\/25729\/revisions\/27507"}],"wp:attachment":[{"href":"https:\/\/megaradar.com.tr\/es\/wp-json\/wp\/v2\/media?parent=25729"}],"curies":[{"name":"wp","href":"https:\/\/api.w.org\/{rel}","templated":true}]}}