{"id":25772,"date":"2024-10-01T14:08:59","date_gmt":"2024-10-01T11:08:59","guid":{"rendered":"https:\/\/megaradar.com.tr\/odeme-teslimat-bilgileri\/"},"modified":"2025-12-21T01:43:55","modified_gmt":"2025-12-20T22:43:55","slug":"informacion-sobre-pagos-y-envios","status":"publish","type":"page","link":"https:\/\/megaradar.com.tr\/es\/informacion-sobre-pagos-y-envios\/","title":{"rendered":"Informaci\u00f3n sobre pagos y env\u00edos"},"content":{"rendered":"\t\t<div data-elementor-type=\"wp-page\" data-elementor-id=\"25772\" class=\"elementor elementor-25772 elementor-22948\">\n\t\t\t\t\t\t<section class=\"elementor-section elementor-top-section elementor-element elementor-element-ab4f3dc elementor-section-stretched elementor-section-boxed elementor-section-height-default elementor-section-height-default sc_fly_static\" data-id=\"ab4f3dc\" data-element_type=\"section\" data-settings=\"{&quot;stretch_section&quot;:&quot;section-stretched&quot;,&quot;background_background&quot;:&quot;classic&quot;}\">\n\t\t\t\t\t\t<div class=\"elementor-container elementor-column-gap-extended\">\n\t\t\t\t\t<div class=\"elementor-column elementor-col-100 elementor-top-column elementor-element elementor-element-6041e08 sc_inner_width_none sc_content_align_inherit sc_layouts_column_icons_position_left sc_fly_static\" data-id=\"6041e08\" data-element_type=\"column\">\n\t\t\t<div class=\"elementor-widget-wrap elementor-element-populated\">\n\t\t\t\t\t\t<div class=\"elementor-element elementor-element-9383111 sc_fly_static elementor-widget elementor-widget-heading\" data-id=\"9383111\" data-element_type=\"widget\" data-widget_type=\"heading.default\">\n\t\t\t\t<div class=\"elementor-widget-container\">\n\t\t\t<h4 class=\"elementor-heading-title elementor-size-default\">\u00d6deme &amp; Teslimat Bilgileri<\/h4>\t\t<\/div>\n\t\t\t\t<\/div>\n\t\t\t\t<div class=\"elementor-element elementor-element-914dca7 sc_fly_static elementor-widget elementor-widget-text-editor\" data-id=\"914dca7\" data-element_type=\"widget\" data-widget_type=\"text-editor.default\">\n\t\t\t\t<div class=\"elementor-widget-container\">\n\t\t\t\t\t\t\t<div class=\"nova-container\"><div class=\"grid-x\"><div class=\"cell small-12\"><div class=\"site-content\"><article id=\"post-5191\" class=\"post-5191 page type-page status-publish hentry\"><div class=\"entry-content\"><div><b>1) Banka Havalesi veya EFT (Elektronik Fon Transferi) yaparak<\/b><\/div><div>AKBANK bankas\u0131 hesab\u0131m\u0131za (TL) yapabilirsiniz.<\/div><div>\u00a0<\/div><div><b>2) Sitemiz \u00fczerinden kredi kartlar\u0131n\u0131z ile;<\/b><\/div><div>Online \u00f6demelerinizde sipari\u015finiz sonunda kredi kart\u0131n\u0131zdan tutar \u00e7ekim i\u015flemi ger\u00e7ekle\u015fecektir. Muhtemel sipari\u015f iptali veya stok sorunlar\u0131 nedeniyle sipari\u015f iptallerinde kredi kart\u0131n\u0131za para iadesi 3 i\u015f g\u00fcn\u00fc i\u00e7erisinde yap\u0131lacakt\u0131r.<\/div><div>\u00a0<\/div><div><b>3) Sipari\u015f Bedeli \u0130adesi\u00a0<\/b><\/div><div>Sipari\u015flerinizin olas\u0131 sebeplerle iptali durumunda; MEGA RADAR A.\u015e. \u00fc\u00e7 i\u015f g\u00fcn\u00fc i\u00e7erisinde \u00fcr\u00fcn bedelini hesab\u0131n\u0131za ve\/veya kredi kart\u0131n\u0131za iade eder. Ancak, banka hesap bilgilerinizi ve\/veya kredi kart\u0131 bilgilerinizi do\u011fru ve eksiksiz olarak \u015firketimiz finans yetkililerine bildirmeniz gerekmektedir.<\/div><div>\u00a0<\/div><div><b>4) Teslimat\u00a0<\/b><\/div><div>Sipari\u015f etmi\u015f oldu\u011funuz \u00fcr\u00fcnleri ayn\u0131 g\u00fcn kargoya teslim etmeye gayret ediyoruz. Temini zaman alan \u00fcr\u00fcnler i\u00e7in kargo teslim s\u00fcresi \u00fcr\u00fcn detay\u0131nda belirtildi\u011fi gibi 3 i\u015f g\u00fcn\u00fcd\u00fcr. Gecikmesi muhtemel teslimat durumunda size bilgi verilecektir.<\/div><div>\u00dcr\u00fcn teslimat\u0131n\u0131n aksamadan ger\u00e7ekle\u015ftirilebilmesi i\u00e7in l\u00fctfen g\u00fcn i\u00e7inde bulundu\u011funuz yerin adresini teslimat adresi olarak bildiriniz.<\/div><div>Talepleriniz sipari\u015f sonunda belirlemi\u015f oldu\u011funuz teslimat tipine g\u00f6re haz\u0131rlanmak \u00fczere i\u015fleme al\u0131nacakt\u0131r. \u0130stanbul merkezli \u015firketimizden \u00fcr\u00fcnler YURT\u0130\u00c7\u0130 kargo firmas\u0131yla g\u00f6nderilecektir. Sipari\u015fleriniz onayland\u0131ktan sonra en ge\u00e7 3 (\u00fc\u00e7) i\u015f g\u00fcn\u00fc sonunda Kargo firmas\u0131na teslim edilir.<\/div><div>M\u00fc\u015fteri temsilcimize dan\u0131\u015farak de\u011fi\u015fik teslimat \u015fartlar\u0131 konusunda g\u00f6r\u00fc\u015febilirsiniz. Ayr\u0131ca kargo teslimatlar\u0131 sadece T\u00fcrkiye i\u00e7in ge\u00e7erlidir.<\/div><div>\u00a0<\/div><div><b>5) \u00d6deme Takibi<\/b><\/div><div>S\u00f6z konusu sistem herhangi bir sorun nedeni ile i\u015flemi ger\u00e7ekle\u015ftiremiyorsa \u00f6deme sayfas\u0131 sonucunda ziyaret\u00e7imiz bu durumdan haberdar edilmektedir.<\/div><div>Belirtilen adreste herhangi bir hata durumunda teslimat\u0131 ger\u00e7ekle\u015femeyen sipari\u015f ile ilgili olarak sipari\u015fi veren ile ba\u011flant\u0131 kurulmaktad\u0131r.<\/div><div>Ziyaret\u00e7imiz taraf\u0131ndan belirtilen e-posta adresinin ge\u00e7erlili\u011fi sipari\u015fin aktar\u0131lmas\u0131n\u0131 takiben g\u00f6nderilen otomatik e-posta ile teyit edilmektedir.<\/div><div>Teslimat\u0131n ger\u00e7ekle\u015fmesi konusunda m\u00fc\u015fteri kadar kredi kart\u0131 sistemini kulland\u0131\u011f\u0131m\u0131z bankaya kar\u015f\u0131 da sorumlulu\u011fumuz s\u00f6z konusudur.<\/div><div><b>\u00a0<\/b><\/div><div><b>L\u00fctfen dikkat ediniz!<\/b><\/div><div>Sevkiyat s\u0131ras\u0131nda zarar g\u00f6rd\u00fc\u011f\u00fcn\u00fc d\u00fc\u015f\u00fcnd\u00fc\u011f\u00fcn\u00fcz paketleri, teslim ald\u0131\u011f\u0131n\u0131z firma yetkilisi \u00f6n\u00fcnde a\u00e7\u0131p kontrol ediniz. E\u011fer \u00fcr\u00fcnde herhangi bir zarar oldu\u011funu d\u00fc\u015f\u00fcn\u00fcyorsan\u0131z kargo firmas\u0131na tutanak tutturularak \u00fcr\u00fcn\u00fc teslim almay\u0131n\u0131z.<\/div><div>\u00dcr\u00fcn teslim al\u0131nd\u0131ktan sonra kargo firmas\u0131n\u0131n g\u00f6revini tam olarak yerine getirdi\u011fi kabul edilmektedir.<\/div><div>\u00dcr\u00fcn hasarl\u0131 ise: Haz\u0131rlam\u0131\u015f oldu\u011funuz tutana\u011f\u0131 en k\u0131sa zamanda 0216 632 89 31 numaral\u0131 fax\u2019a g\u00f6nderin ve durumu megaradar@megaradar.com.tr mail adresine bildiriniz.<\/div><div>Bu i\u015flemleri ger\u00e7ekle\u015ftirdi\u011finiz takdirde paketinizle ilgili \u00e7al\u0131\u015fmalara ba\u015flayarak, en k\u0131sa zamanda teslimat\u0131n tekrarlanmas\u0131n\u0131 sa\u011flayaca\u011f\u0131z.<\/div><div>Bu e-posta i\u00e7inde \u00fcr\u00fcn\u00fc neden iade etmek istedi\u011finizi k\u0131saca a\u00e7\u0131klarsan\u0131z \u00fcr\u00fcn ile ilgili \u00e7al\u0131\u015fmalar\u0131m\u0131zda bize yard\u0131mc\u0131 olmu\u015f olursunuz.<\/div><\/div><\/article><\/div><\/div><\/div><\/div>\t\t\t\t\t\t<\/div>\n\t\t\t\t<\/div>\n\t\t\t\t\t<\/div>\n\t\t<\/div>\n\t\t\t\t\t<\/div>\n\t\t<\/section>\n\t\t\t\t<\/div>\n\t\t","protected":false},"excerpt":{"rendered":"<p>\u00d6deme &amp; Teslimat Bilgileri 1) Banka Havalesi veya EFT (Elektronik Fon Transferi) yaparakAKBANK bankas\u0131 hesab\u0131m\u0131za (TL) yapabilirsiniz.\u00a02) Sitemiz \u00fczerinden kredi kartlar\u0131n\u0131z ile;Online \u00f6demelerinizde sipari\u015finiz sonunda kredi kart\u0131n\u0131zdan tutar \u00e7ekim i\u015flemi&hellip;<\/p>\n","protected":false},"author":1,"featured_media":0,"parent":0,"menu_order":0,"comment_status":"closed","ping_status":"closed","template":"","meta":{"footnotes":""},"class_list":["post-25772","page","type-page","status-publish","hentry"],"_links":{"self":[{"href":"https:\/\/megaradar.com.tr\/es\/wp-json\/wp\/v2\/pages\/25772","targetHints":{"allow":["GET"]}}],"collection":[{"href":"https:\/\/megaradar.com.tr\/es\/wp-json\/wp\/v2\/pages"}],"about":[{"href":"https:\/\/megaradar.com.tr\/es\/wp-json\/wp\/v2\/types\/page"}],"author":[{"embeddable":true,"href":"https:\/\/megaradar.com.tr\/es\/wp-json\/wp\/v2\/users\/1"}],"replies":[{"embeddable":true,"href":"https:\/\/megaradar.com.tr\/es\/wp-json\/wp\/v2\/comments?post=25772"}],"version-history":[{"count":4,"href":"https:\/\/megaradar.com.tr\/es\/wp-json\/wp\/v2\/pages\/25772\/revisions"}],"predecessor-version":[{"id":26986,"href":"https:\/\/megaradar.com.tr\/es\/wp-json\/wp\/v2\/pages\/25772\/revisions\/26986"}],"wp:attachment":[{"href":"https:\/\/megaradar.com.tr\/es\/wp-json\/wp\/v2\/media?parent=25772"}],"curies":[{"name":"wp","href":"https:\/\/api.w.org\/{rel}","templated":true}]}}