{"id":25778,"date":"2024-10-01T14:08:34","date_gmt":"2024-10-01T11:08:34","guid":{"rendered":"https:\/\/megaradar.com.tr\/kvkk-aydinlatma-metni\/"},"modified":"2025-12-21T01:43:11","modified_gmt":"2025-12-20T22:43:11","slug":"texto-informativo-de-kvkk","status":"publish","type":"page","link":"https:\/\/megaradar.com.tr\/es\/texto-informativo-de-kvkk\/","title":{"rendered":"Texto informativo de KVKK"},"content":{"rendered":"\t\t<div data-elementor-type=\"wp-page\" data-elementor-id=\"25778\" class=\"elementor elementor-25778 elementor-22945\">\n\t\t\t\t\t\t<section class=\"elementor-section elementor-top-section elementor-element elementor-element-ab4f3dc elementor-section-stretched elementor-section-boxed elementor-section-height-default elementor-section-height-default sc_fly_static\" data-id=\"ab4f3dc\" data-element_type=\"section\" data-settings=\"{&quot;stretch_section&quot;:&quot;section-stretched&quot;,&quot;background_background&quot;:&quot;classic&quot;}\">\n\t\t\t\t\t\t<div class=\"elementor-container elementor-column-gap-extended\">\n\t\t\t\t\t<div class=\"elementor-column elementor-col-100 elementor-top-column elementor-element elementor-element-6041e08 sc_inner_width_none sc_content_align_inherit sc_layouts_column_icons_position_left sc_fly_static\" data-id=\"6041e08\" data-element_type=\"column\">\n\t\t\t<div class=\"elementor-widget-wrap elementor-element-populated\">\n\t\t\t\t\t\t<div class=\"elementor-element elementor-element-9383111 sc_fly_static elementor-widget elementor-widget-heading\" data-id=\"9383111\" data-element_type=\"widget\" data-widget_type=\"heading.default\">\n\t\t\t\t<div class=\"elementor-widget-container\">\n\t\t\t<h4 class=\"elementor-heading-title elementor-size-default\">KVKK Ayd\u0131nlatma Metni<\/h4>\t\t<\/div>\n\t\t\t\t<\/div>\n\t\t\t\t<div class=\"elementor-element elementor-element-914dca7 sc_fly_static elementor-widget elementor-widget-text-editor\" data-id=\"914dca7\" data-element_type=\"widget\" data-widget_type=\"text-editor.default\">\n\t\t\t\t<div class=\"elementor-widget-container\">\n\t\t\t\t\t\t\t<div class=\"nova-container\"><div class=\"grid-x\"><div class=\"cell small-12\"><div class=\"site-content\"><article id=\"post-5191\" class=\"post-5191 page type-page status-publish hentry\"><div class=\"entry-content\"><p><b>WEB S\u0130TES\u0130 AYDINLATMA METN\u0130<\/b><\/p><p>Mega Radar Elektrik Elektronik \u0130n\u015faat Sanayi ve Ticaret Limited \u015eirketi (\u201cMegaradar\u201d veya \u201c\u015eirket\u201d) olarak ki\u015fisel verilerinizin korunmas\u0131na b\u00fcy\u00fck \u00f6nem atfetmekteyiz. Ki\u015fisel verilerinizi, 6698 say\u0131l\u0131 Ki\u015fisel Verilerin Korunmas\u0131 Kanunu (\u201cKanun\u201d)\u00a0 Madde 10 ve Ayd\u0131nlatma Y\u00fck\u00fcml\u00fcl\u00fc\u011f\u00fcn\u00fcn Yerine Getirilmesinde Uyulacak Usul ve Esaslar Hakk\u0131nda Tebli\u011f\u2019de \u00f6ng\u00f6r\u00fclen s\u0131n\u0131rlar i\u00e7inde \u015feffaf, adil ve hukuka uygun bir \u015fekilde i\u015flemekte ve bu do\u011frultuda gerekli idari ve teknik tedbirleri almaya \u00f6zen g\u00f6stermekteyiz.<\/p><p><b>Veri Sorumlusunun Kimli\u011fi<\/b><\/p><p>\u015eirket Unvan\u0131 : MEGARADAR ELEKTR\u0130K ELEKTRON\u0130K \u0130N\u015eAAT SANAY\u0130 VE T\u0130CARET A.\u015e.<\/p><p>Mersis No : 0613096594300001<\/p><p>\u0130leti\u015fim Adresi : Parseller Mah. Kuyu Sok. No: 30 \u00dcmraniye\/\u0130STANBUL<\/p><p>Telefon No : 05300376746<\/p><p>E-Posta adresi : kvkk@megaradar.com.tr<\/p><p>KEP Adresi : megaradar@hs01.kep.tr<\/p><p><b>\u0130LET\u0130\u015e\u0130M SAYFASINDAN ELDE ED\u0130LEN K\u0130\u015e\u0130SEL VER\u0130LER<\/b><\/p><p>www.megaradar.com.tr web sitemizi ziyaretiniz s\u0131ras\u0131nda, ileti\u015fim sayfas\u0131nda ileti\u015fim formunu doldurman\u0131z vas\u0131tas\u0131yla i\u015fledi\u011fimiz ki\u015fisel verileriniz hakk\u0131nda sizi bilgilendirmek isteriz.<\/p><p><b>Ki\u015fisel Verileriniz ve \u0130\u015flenme Ama\u00e7lar\u0131<\/b><\/p><p>Kimlik; ad soyad<\/p><p>\u0130leti\u015fim; e-posta adresi, mesaj<\/p><p>Ki\u015fisel verileriniz, Ziyaret\u00e7i Kay\u0131tlar\u0131n\u0131n Olu\u015fturulmas\u0131 Ve Takibi, \u0130leti\u015fim Faaliyetlerinin Y\u00fcr\u00fct\u00fclmesi, Talep \/ \u015eikayetlerin Takibi ama\u00e7lar\u0131yla i\u015flenecektir.<\/p><p><b>Ki\u015fisel Verilerin Kimlere ve Hangi Ama\u00e7la Aktar\u0131labilece\u011fi<\/b><\/p><p>Ki\u015fisel verileriniz Bilgi G\u00fcvenli\u011fi S\u00fcre\u00e7lerinin Y\u00fcr\u00fct\u00fclmesi amac\u0131yla web sitesi yer sa\u011flay\u0131c\u0131 tedarik\u00e7ilerimize otomatik olarak aktar\u0131lmaktad\u0131r. Gerekmesi halinde Yetkili Ki\u015fi, Kurum Ve Kurulu\u015flara Bilgi Verilmesi amac\u0131yla adli ve idari kolluk kuvvetlerine aktar\u0131labilecektir.<\/p><p><b>Ki\u015fisel Veri Toplaman\u0131n Y\u00f6ntemi ve Hukuki Sebebi<\/b><\/p><p>Ki\u015fisel verileriniz otomatik yollarla web sitemizde ileti\u015fim formunu doldurman\u0131z vas\u0131tas\u0131yla elde edilecektir. Ki\u015fisel verileriniz 5\/2-e) Bir hakk\u0131n tesisi, kullan\u0131lmas\u0131 veya korunmas\u0131 i\u00e7in veri i\u015flemenin zorunlu olmas\u0131, 5\/2-f) \u0130lgili ki\u015finin temel hak ve \u00f6zg\u00fcrl\u00fcklerine zarar vermemek kayd\u0131yla, veri sorumlusunun me\u015fru menfaatleri i\u00e7in veri i\u015flenmesinin zorunlu olmas\u0131 hukuki sebeplerine dayanarak i\u015flenecektir.<\/p><p><b>HESABIM SAYFASINDAN ELDE ED\u0130LEN K\u0130\u015e\u0130SEL VER\u0130LER<\/b><\/p><p>www.megaradar.com.tr web sitemizi ziyaretiniz s\u0131ras\u0131nda, Hesab\u0131m sayfas\u0131nda yeni m\u00fc\u015fteri \u00fcyelik formunu doldurman\u0131z vas\u0131tas\u0131yla i\u015fledi\u011fimiz ki\u015fisel verileriniz hakk\u0131nda sizi bilgilendirmek isteriz.<\/p><p><b>Ki\u015fisel Verileriniz ve \u0130\u015flenme Ama\u00e7lar\u0131<\/b><\/p><p>Kimlik; ad soyad, TC kimlik no<\/p><p>\u0130leti\u015fim; e-posta adresi, telefon no, ileti\u015fim adresi<\/p><p>\u0130\u015flem G\u00fcvenli\u011fi; \u015eifre ve parola bilgileri<\/p><p>M\u00fc\u015fteri \u0130\u015flem; sipari\u015f bilgisi, \u00f6deme bilgileri, bakiye bilgileri, iade bilgileri<\/p><p>Ki\u015fisel verileriniz, mal\/hizmet sat\u0131\u015f s\u00fcre\u00e7lerinin y\u00fcr\u00fct\u00fclmesi, finans ve muhasebe i\u015flerinin y\u00fcr\u00fct\u00fclmesi, ileti\u015fim faaliyetlerinin y\u00fcr\u00fct\u00fclmesi, mal \/ hizmet sat\u0131\u015f sonras\u0131 destek hizmetlerinin y\u00fcr\u00fct\u00fclmesi, s\u00f6zle\u015fme s\u00fcre\u00e7lerinin y\u00fcr\u00fct\u00fclmesi, \u00fcr\u00fcn \/ hizmetlerin pazarlama s\u00fcre\u00e7lerinin y\u00fcr\u00fct\u00fclmesi, m\u00fc\u015fteri ili\u015fkileri y\u00f6netimi s\u00fcre\u00e7lerinin y\u00fcr\u00fct\u00fclmesi ama\u00e7lar\u0131yla i\u015flenebilecektir.<\/p><p><b>Ki\u015fisel Verilerin Kimlere ve Hangi Ama\u00e7la Aktar\u0131labilece\u011fi<\/b><\/p><p>Ki\u015fisel verileriniz, bilgi g\u00fcvenli\u011fi s\u00fcre\u00e7lerinin y\u00fcr\u00fct\u00fclmesi amac\u0131yla bili\u015fim firmalar\u0131 ve tedarik\u00e7ilere, hukuk i\u015flerinin takibi ve y\u00fcr\u00fct\u00fclmesi i\u00e7in adli ve idari makamlara, m\u00fc\u015fteri ili\u015fkileri y\u00f6netim s\u00fcre\u00e7lerinin y\u00fcr\u00fct\u00fclmesi i\u00e7in ger\u00e7ek ve t\u00fczel ki\u015filere, talep ve \u015fik\u00e2yetlerin takibi i\u00e7in \u015firkette yer alan di\u011fer birimlere ve i\u015f ortaklar\u0131na, \u0130lgili di\u011fer mevzuat h\u00fck\u00fcmlerinin izin verdi\u011fi yetkili ki\u015fi, kurum veya kurulu\u015flara payla\u015f\u0131labilecek ve aktar\u0131labilecektir.<\/p><p><b>Ki\u015fisel Veri Toplaman\u0131n Y\u00f6ntemi ve Hukuki Sebebi<\/b><\/p><p>Ki\u015fisel verileriniz otomatik yollarla web sitemizde yeni m\u00fc\u015fteri \u00fcyelik formunu doldurman\u0131z vas\u0131tas\u0131yla elde edilecektir. Ki\u015fisel verileriniz 5\/2-e) Bir hakk\u0131n tesisi, kullan\u0131lmas\u0131 veya korunmas\u0131 i\u00e7in veri i\u015flemenin zorunlu olmas\u0131, 5\/2-c) Bir s\u00f6zle\u015fmenin kurulmas\u0131 veya ifas\u0131yla do\u011frudan do\u011fruya ilgili olmas\u0131 kayd\u0131yla, s\u00f6zle\u015fmenin taraflar\u0131na ait ki\u015fisel verilerin i\u015flenmesinin gerekli olmas\u0131 hukuki sebeplerine dayanarak i\u015flenecektir.<\/p><p><b>KAR\u0130YER SAYFASINDAN ELDE ED\u0130LEN K\u0130\u015e\u0130SEL VER\u0130LER<\/b><\/p><p>www.megaradar.com.tr web sitemizi ziyaretiniz s\u0131ras\u0131nda, kariyer sayfas\u0131nda i\u015f ba\u015fvurusu amac\u0131yla \u00f6zge\u00e7mi\u015f dosyan\u0131z\u0131 y\u00fcklemeniz vas\u0131tas\u0131yla i\u015fledi\u011fimiz ki\u015fisel verileriniz hakk\u0131nda sizi bilgilendirmek isteriz.<\/p><p><b>Ki\u015fisel Verileriniz ve \u0130\u015flenme Ama\u00e7lar\u0131<\/b><\/p><p>Kimlik; ad soyad<\/p><p>\u0130leti\u015fim; e-posta adresi<\/p><p>\u00d6zl\u00fck; \u00f6zge\u00e7mi\u015f bilgileri<\/p><p>Ki\u015fisel verileriniz, \u00e7al\u0131\u015fan adaylar\u0131n\u0131n ba\u015fvuru s\u00fcre\u00e7lerinin y\u00fcr\u00fct\u00fclmesi, \u00e7al\u0131\u015fan aday\u0131 se\u00e7me ve yerle\u015ftirme s\u00fcre\u00e7lerinin y\u00fcr\u00fct\u00fclmesi ama\u00e7lar\u0131yla i\u015flenebilecektir.<\/p><p><b>Ki\u015fisel Verilerin Kimlere ve Hangi Ama\u00e7la Aktar\u0131labilece\u011fi<\/b><\/p><p>Ki\u015fisel verileriniz, bilgi g\u00fcvenli\u011fi s\u00fcre\u00e7lerinin y\u00fcr\u00fct\u00fclmesi amac\u0131yla bili\u015fim firmalar\u0131 ve tedarik\u00e7ilere, \u00e7al\u0131\u015fan adaylar\u0131n\u0131n ba\u015fvuru s\u00fcre\u00e7lerinin y\u00fcr\u00fct\u00fclmesi, \u00e7al\u0131\u015fan aday\u0131 se\u00e7me ve yerle\u015ftirme s\u00fcre\u00e7lerinin y\u00fcr\u00fct\u00fclmesi amac\u0131yla di\u011fer birimler ve i\u015f ortaklar\u0131na, \u0130lgili di\u011fer mevzuat h\u00fck\u00fcmlerinin izin verdi\u011fi yetkili ki\u015fi, kurum veya kurulu\u015flara payla\u015f\u0131labilecek ve aktar\u0131labilecektir.<\/p><p><b>Ki\u015fisel Veri Toplaman\u0131n Y\u00f6ntemi ve Hukuki Sebebi<\/b><\/p><p>Ki\u015fisel verileriniz, otomatik yollarla web sitemizde \u00f6zge\u00e7mi\u015finizi(CV) y\u00fcklemeniz vas\u0131tas\u0131yla elde edilecektir. Ki\u015fisel verileriniz, Kanun\u2019un 5\/1) A\u00e7\u0131k R\u0131za (Ki\u015fisel veriler), 6\/2) A\u00e7\u0131k R\u0131za (\u00d6zel nitelikli ki\u015fisel veriler) hukuki sebeplerine dayanarak i\u015flenecektir.<\/p><p><b>\u0130lgili Ki\u015finin (Veri Sahibi) Kanun\u2019un 11. Maddesinde Say\u0131lan Haklar\u0131<\/b><\/p><p>Ki\u015fisel veri sahibi olarak Kanun\u2019un 11. maddesi uyar\u0131nca a\u015fa\u011f\u0131daki haklara sahip oldu\u011funuzu bildiririz:<\/p><p>\u2022 Ki\u015fisel verilerinin i\u015flenip i\u015flenmedi\u011fini \u00f6\u011frenme,<\/p><p>\u2022 Ki\u015fisel verileri i\u015flenmi\u015fse buna ili\u015fkin bilgi talep etme,<\/p><p>\u2022 Ki\u015fisel verilerinin i\u015flenme amac\u0131n\u0131 ve bunlar\u0131n amac\u0131na uygun kullan\u0131l\u0131p kullan\u0131lmad\u0131\u011f\u0131n\u0131 \u00f6\u011frenme,<\/p><p>\u2022 Yurt i\u00e7inde veya yurt d\u0131\u015f\u0131nda ki\u015fisel verilerinin aktar\u0131ld\u0131\u011f\u0131 \u00fc\u00e7\u00fcnc\u00fc ki\u015fileri bilme,<\/p><p>\u2022 Ki\u015fisel verilerinin eksik veya yanl\u0131\u015f i\u015flenmi\u015f olmas\u0131 halinde bunlar\u0131n d\u00fczeltilmesini isteme ve bu kapsamda yap\u0131lan i\u015flemin ki\u015fisel verilerinin aktar\u0131ld\u0131\u011f\u0131 \u00fc\u00e7\u00fcnc\u00fc ki\u015filere bildirilmesini isteme,<\/p><p>\u2022 Kanun ve ilgili di\u011fer kanun h\u00fck\u00fcmlerine uygun olarak i\u015flenmi\u015f olmas\u0131na ra\u011fmen, i\u015flenmesini gerektiren sebeplerin ortadan kalkmas\u0131 halinde ki\u015fisel verilerinin silinmesini veya yok edilmesini isteme ve bu kapsamda ve ki\u015fisel verilerinin eksik veya yanl\u0131\u015f i\u015flenmi\u015f olmas\u0131 halinde yap\u0131lan i\u015flemlerin ki\u015fisel verilerinin aktar\u0131ld\u0131\u011f\u0131 \u00fc\u00e7\u00fcnc\u00fc ki\u015filere bildirilmesini isteme,<\/p><p>\u2022 \u0130\u015flenen verilerin m\u00fcnhas\u0131ran otomatik sistemler vas\u0131tas\u0131yla analiz edilmesi suretiyle ki\u015finin kendisi aleyhine bir sonucun ortaya \u00e7\u0131kmas\u0131na itiraz etme,<\/p><p>\u2022 Ki\u015fisel verilerinin kanuna ayk\u0131r\u0131 olarak i\u015flenmesi sebebiyle zarara u\u011framas\u0131 halinde zarar\u0131n giderilmesini talep etme.<\/p><p>Yukar\u0131da s\u0131ralanan haklar\u0131n\u0131za y\u00f6nelik ba\u015fvurular\u0131n\u0131z\u0131, Ki\u015fisel Verileri Koruma Kurumu taraf\u0131ndan belirtilen y\u00f6ntemlerle yada\u00a0<a href=\"https:\/\/www.megaradar.com.tr\/dosya\/FR.50-ilgili-kisi-basvuru-formu.pdf\" target=\"_blank\" rel=\"noopener\">\u0130LG\u0130L\u0130 K\u0130\u015e\u0130 BA\u015eVURU FORMU<\/a>\u2019 nu doldurarak e-posta veya kargo yoluyla \u015firketimize\u00a0iletebilirsiniz.\u00a0 Talebinizin niteli\u011fine g\u00f6re en k\u0131sa s\u00fcrede ve en ge\u00e7 otuz g\u00fcn i\u00e7inde ba\u015fvurular\u0131n\u0131z \u00fccretsiz olarak sonu\u00e7land\u0131r\u0131lacakt\u0131r; ancak i\u015flemin ayr\u0131ca bir maliyet gerektirmesi halinde Ki\u015fisel Verileri Koruma Kurulu taraf\u0131ndan belirlenecek tarifeye g\u00f6re taraf\u0131n\u0131zdan \u00fccret talep edilebilecektir.<\/p><\/div><\/article><\/div><\/div><\/div><\/div>\t\t\t\t\t\t<\/div>\n\t\t\t\t<\/div>\n\t\t\t\t\t<\/div>\n\t\t<\/div>\n\t\t\t\t\t<\/div>\n\t\t<\/section>\n\t\t\t\t<\/div>\n\t\t","protected":false},"excerpt":{"rendered":"<p>KVKK Ayd\u0131nlatma Metni WEB S\u0130TES\u0130 AYDINLATMA METN\u0130 Mega Radar Elektrik Elektronik \u0130n\u015faat Sanayi ve Ticaret Limited \u015eirketi (\u201cMegaradar\u201d veya \u201c\u015eirket\u201d) olarak ki\u015fisel verilerinizin korunmas\u0131na b\u00fcy\u00fck \u00f6nem atfetmekteyiz. Ki\u015fisel verilerinizi, 6698&hellip;<\/p>\n","protected":false},"author":1,"featured_media":0,"parent":0,"menu_order":0,"comment_status":"closed","ping_status":"closed","template":"","meta":{"footnotes":""},"class_list":["post-25778","page","type-page","status-publish","hentry"],"_links":{"self":[{"href":"https:\/\/megaradar.com.tr\/es\/wp-json\/wp\/v2\/pages\/25778","targetHints":{"allow":["GET"]}}],"collection":[{"href":"https:\/\/megaradar.com.tr\/es\/wp-json\/wp\/v2\/pages"}],"about":[{"href":"https:\/\/megaradar.com.tr\/es\/wp-json\/wp\/v2\/types\/page"}],"author":[{"embeddable":true,"href":"https:\/\/megaradar.com.tr\/es\/wp-json\/wp\/v2\/users\/1"}],"replies":[{"embeddable":true,"href":"https:\/\/megaradar.com.tr\/es\/wp-json\/wp\/v2\/comments?post=25778"}],"version-history":[{"count":4,"href":"https:\/\/megaradar.com.tr\/es\/wp-json\/wp\/v2\/pages\/25778\/revisions"}],"predecessor-version":[{"id":26983,"href":"https:\/\/megaradar.com.tr\/es\/wp-json\/wp\/v2\/pages\/25778\/revisions\/26983"}],"wp:attachment":[{"href":"https:\/\/megaradar.com.tr\/es\/wp-json\/wp\/v2\/media?parent=25778"}],"curies":[{"name":"wp","href":"https:\/\/api.w.org\/{rel}","templated":true}]}}