{"id":5193,"date":"2024-01-21T11:30:09","date_gmt":"2024-01-21T11:30:09","guid":{"rendered":"https:\/\/megaradar.com.tr\/shop\/?page_id=5193"},"modified":"2024-01-21T11:30:09","modified_gmt":"2024-01-21T11:30:09","slug":"cerez-politikasi","status":"publish","type":"page","link":"https:\/\/megaradar.com.tr\/shop\/cerez-politikasi\/","title":{"rendered":"\u00c7erez Politikas\u0131"},"content":{"rendered":"<p>MEGA RADAR ELEKTR\u0130K ELEKTRON\u0130K \u0130N\u015eAAT SANAY\u0130 VE T\u0130CARET ANON\u0130M \u015e\u0130RKET\u0130 (\u201cMegaradar\u201d) taraf\u0131ndan i\u015fletilen \u201cwww.megaradar.com.tr\u201d web sitesini ziyaret edenlerin ki\u015fisel verilerini 6698 say\u0131l\u0131 Ki\u015fisel Verilerin Korunmas\u0131 Kanunu (\u201cKanun\u201d) uyar\u0131nca i\u015flemekte ve gizlili\u011fini korumaktay\u0131z.<\/p>\n<p><b>\u00c7EREZ KULLANIMI<\/b><\/p>\n<p>\u0130nternet sitemizden en verimli \u015fekilde faydalanabilmeniz ve kullan\u0131c\u0131 deneyiminizi geli\u015ftirebilmek i\u00e7in Cookie kullan\u0131yoruz. Cookie kullan\u0131lmas\u0131n\u0131 tercih etmezseniz taray\u0131c\u0131n\u0131z\u0131n ayarlar\u0131ndan Cookieleri silebilir ya da engelleyebilirsiniz. Ancak bunun internet sitemizi kullan\u0131m\u0131n\u0131z\u0131 etkileyebilece\u011fini hat\u0131rlatmak isteriz. Otomatik a\u00e7\u0131lan \u00c7erez Politikas\u0131 penceresindeki onay kutusunu i\u015faretleyerek \u00e7erez politikam\u0131z\u0131 kabul etmi\u015f say\u0131l\u0131rs\u0131n\u0131z.<\/p>\n<p><b>\u0130NTERNET S\u0130TEM\u0130ZDE KULLANILAN COOK\u0130ELER\u00a0<\/b><\/p>\n<p>Cookie Nedir ve Neden Kullan\u0131lmaktad\u0131r?<\/p>\n<p>Cookieler, ziyaret etti\u011finiz internet siteleri taraf\u0131ndan taray\u0131c\u0131lar arac\u0131l\u0131\u011f\u0131yla cihaz\u0131n\u0131za veya a\u011f sunucusuna depolanan k\u00fc\u00e7\u00fck metin dosyalar\u0131d\u0131r.<\/p>\n<p>\u0130nternet Sitemizde Cookie kullan\u0131lmas\u0131n\u0131n ba\u015fl\u0131ca ama\u00e7lar\u0131 a\u015fa\u011f\u0131da s\u0131ralanmaktad\u0131r:<\/p>\n<p>\u2022 \u0130nternet sitesinin i\u015flevselli\u011fini ve performans\u0131n\u0131 artt\u0131rmak yoluyla sizlere sunulan hizmetleri geli\u015ftirmek,<\/p>\n<p>\u2022 \u0130nternet sitesini iyile\u015ftirmek ve internet sitesi \u00fczerinden yeni \u00f6zellikler sunmak ve sunulan \u00f6zellikleri sizlerin tercihlerine g\u00f6re ki\u015fiselle\u015ftirmek;<\/p>\n<p>\u2022 \u0130nternet sitesinin, sizin ve \u015firketimizin hukuki ve ticari g\u00fcvenli\u011finin teminini sa\u011flamak.<\/p>\n<p><b>\u0130NTERNET S\u0130TEM\u0130ZDE KULLANILAN COOK\u0130E T\u00dcRLER\u0130<\/b><\/p>\n<p>Oturum Cookieleri<\/p>\n<p>(Session Cookies)<\/p>\n<p>Oturum Cookieleri ziyaret\u00e7ilerimizin \u0130nternet Sitesini ziyaretleri s\u00fcresince kullan\u0131lan, taray\u0131c\u0131 kapat\u0131ld\u0131ktan sonra silinen ge\u00e7ici Cookielerdir.<\/p>\n<p>&nbsp;<\/p>\n<p>Bu t\u00fcr Cookielerin kullan\u0131lmas\u0131n\u0131n temel amac\u0131 ziyaretiniz s\u00fcresince \u0130nternet Sitesinin d\u00fczg\u00fcn bir bi\u00e7imde \u00e7al\u0131\u015fmas\u0131n\u0131n teminini sa\u011flamakt\u0131r<\/p>\n<p>\u00d6rne\u011fin; birden fazla sayfadan olu\u015fan \u00e7evrimi\u00e7i formlar\u0131 doldurman\u0131z\u0131n sa\u011flanmaktad\u0131r.<\/p>\n<p>Kal\u0131c\u0131 Cookieler<\/p>\n<p>(Persistent Cookies) Kal\u0131c\u0131 Cookieler \u0130nternet Sitesinin i\u015flevselli\u011fini art\u0131rmak, ziyaret\u00e7ilerimize daha h\u0131zl\u0131 ve iyi bir hizmet sunmak amac\u0131yla kullan\u0131lan Cookie t\u00fcrleridir.<\/p>\n<p>Bu t\u00fcr Cookieler tercihlerinizi hat\u0131rlamak i\u00e7in kullan\u0131l\u0131r ve taray\u0131c\u0131lar vas\u0131tas\u0131yla cihaz\u0131n\u0131zda depolan\u0131r.<\/p>\n<p>Kal\u0131c\u0131 Cookielerin baz\u0131 t\u00fcrleri; \u0130nternet Sitesini kullan\u0131m amac\u0131n\u0131z gibi hususlar g\u00f6z \u00f6n\u00fcnde bulundurarak sizlere \u00f6zel \u00f6neriler sunulmas\u0131 i\u00e7in kullan\u0131labilmektedir.<\/p>\n<p>Kal\u0131c\u0131 Cookieler sayesinde \u0130nternet Sitemizi ayn\u0131 cihazla tekrardan ziyaret etmeniz durumunda, cihaz\u0131n\u0131zda \u0130nternet Sitemiz taraf\u0131ndan olu\u015fturulmu\u015f bir Cookie olup olmad\u0131\u011f\u0131 kontrol edilir ve var ise, sizin siteyi daha \u00f6nce ziyaret etti\u011finiz anla\u015f\u0131l\u0131r ve size iletilecek i\u00e7erik bu do\u011frultuda belirlenir ve b\u00f6ylelikle sizlere daha iyi bir hizmet sunulur.<\/p>\n<p><b>\u0130NTERNET S\u0130TEM\u0130ZDE KULLANILAN COOK\u0130ELER<\/b><\/p>\n<p>Teknik Cookieler<\/p>\n<p>(Technical Cookies) Teknik Cookieler ile internet sitesinin \u00e7al\u0131\u015fmas\u0131n\u0131n sa\u011flanmakta, internet sitesinin \u00e7al\u0131\u015fmayan sayfalar\u0131 ve alanlar\u0131 tespit edilmektedir.<\/p>\n<p>Otantikasyon Cookieleri<\/p>\n<p>(Authentication Cookies) Ziyaret\u00e7iler, \u015fifrelerini kullanarak internet sitesine giri\u015f yapmalar\u0131 durumunda, bu t\u00fcr Cookieler ile ziyaret\u00e7inin internet sitesinde ziyaret etti\u011fi her bir sayfada site kullan\u0131c\u0131s\u0131 oldu\u011fu belirlenerek, kullan\u0131c\u0131n\u0131n her sayfada \u015fifresini yeniden girmesi \u00f6nlenir.<\/p>\n<p>Flash Cookieler<\/p>\n<p>(Flash Cookies) \u0130nternet sitesinde yer alan g\u00f6r\u00fcnt\u00fc veya ses i\u00e7eriklerini etkinle\u015ftirmek i\u00e7in kullan\u0131lan Cookie t\u00fcrleridir.<\/p>\n<p>Ki\u015fiselle\u015ftirme Cookieleri<\/p>\n<p>(Customization Cookies) Kullan\u0131c\u0131lar\u0131n tercihlerini farkl\u0131 internet sitelerinin farkl\u0131 sayfalar\u0131n\u0131 ziyarette de hat\u0131rlamak i\u00e7in kullan\u0131lan Cookielerdir. \u00d6rne\u011fin, se\u00e7mi\u015f oldu\u011funuz dil tercihinizin hat\u0131rlanmas\u0131.<\/p>\n<p>Analitik Cookieler<\/p>\n<p>(Analytical Cookies) Internet sitesini ziyaret edenlerin say\u0131lar\u0131, internet sitesinde g\u00f6r\u00fcnt\u00fclenen sayfalar\u0131n tespiti, internet sitesi ziyaret saatleri, internet sitesi sayfalar\u0131 kayd\u0131rma hareketleri gibi analitik sonu\u00e7lar\u0131n \u00fcretimini sa\u011flayan Cookielerdir.<\/p>\n<p><b>COOK\u0130ELER\u0130N KULLANIMI VER\u0130 SAH\u0130PLER\u0130 TARAFINDAN ENGELLENEB\u0130L\u0130R M\u0130?<\/b><\/p>\n<p>Adobe Analytics http:\/\/www.adobe.com\/tr\/privacy\/opt-out.html<\/p>\n<p>Google Adwords https:\/\/support.google.com\/ads\/answer\/2662922?hl=tr<\/p>\n<p>Google Analytics https:\/\/tools.google.com\/dlpage\/gaoptout<\/p>\n<p>Google Chrome https:\/\/support.google.com\/chrome\/answer\/95647?hl=tr<\/p>\n<p>Internet Explorer https:\/\/support.microsoft.com\/tr-tr\/help\/17442\/windows-internet-explorer-delete-manage-cookies<\/p>\n<p>MozillaFirefox https:\/\/support.mozilla.org\/tr\/kb\/\u00c7erez%20Y\u00f6netimi<\/p>\n<p>Opera http:\/\/www.opera.com\/help\/tutorials\/security\/privacy\/<\/p>\n<p>Safari: https:\/\/support.apple.com\/kb\/ph19214?locale=tr_TR<\/p>\n<p><b>\u00c7erez Politikas\u0131ndaki De\u011fi\u015fiklikler<\/b><\/p>\n<p>Web sayfam\u0131z\u0131n \u00c7erez Politikas\u0131n\u0131 g\u00fcncelleyebilece\u011fimizden, \u00e7erezleri nas\u0131l ve ne i\u00e7in kulland\u0131\u011f\u0131m\u0131z hakk\u0131nda daha fazla bilgi edinmek i\u00e7in Web sayfam\u0131za her giri\u015finizde bu politikay\u0131 g\u00f6zden ge\u00e7irmenizi \u00f6neririz. \u00c7erez Politikas\u0131 son olarak Ekim 2020 tarihinde g\u00fcncellenmi\u015ftir.<\/p>\n","protected":false},"excerpt":{"rendered":"<p>MEGA RADAR ELEKTR\u0130K ELEKTRON\u0130K \u0130N\u015eAAT SANAY\u0130 VE T\u0130CARET ANON\u0130M \u015e\u0130RKET\u0130 (\u201cMegaradar\u201d) taraf\u0131ndan i\u015fletilen \u201cwww.megaradar.com.tr\u201d web sitesini ziyaret edenlerin ki\u015fisel verilerini 6698 say\u0131l\u0131 Ki\u015fisel Verilerin Korunmas\u0131 Kanunu (\u201cKanun\u201d) uyar\u0131nca i\u015flemekte ve gizlili\u011fini korumaktay\u0131z. \u00c7EREZ KULLANIMI \u0130nternet sitemizden en verimli \u015fekilde faydalanabilmeniz ve kullan\u0131c\u0131 deneyiminizi geli\u015ftirebilmek i\u00e7in Cookie kullan\u0131yoruz. Cookie kullan\u0131lmas\u0131n\u0131 tercih etmezseniz taray\u0131c\u0131n\u0131z\u0131n ayarlar\u0131ndan Cookieleri silebilir ya da engelleyebilirsiniz. Ancak bunun\u2026<\/p>\n","protected":false},"author":1,"featured_media":0,"parent":0,"menu_order":0,"comment_status":"closed","ping_status":"closed","template":"","meta":{"footnotes":""},"class_list":["post-5193","page","type-page","status-publish","hentry"],"_links":{"self":[{"href":"https:\/\/megaradar.com.tr\/shop\/wp-json\/wp\/v2\/pages\/5193","targetHints":{"allow":["GET"]}}],"collection":[{"href":"https:\/\/megaradar.com.tr\/shop\/wp-json\/wp\/v2\/pages"}],"about":[{"href":"https:\/\/megaradar.com.tr\/shop\/wp-json\/wp\/v2\/types\/page"}],"author":[{"embeddable":true,"href":"https:\/\/megaradar.com.tr\/shop\/wp-json\/wp\/v2\/users\/1"}],"replies":[{"embeddable":true,"href":"https:\/\/megaradar.com.tr\/shop\/wp-json\/wp\/v2\/comments?post=5193"}],"version-history":[{"count":0,"href":"https:\/\/megaradar.com.tr\/shop\/wp-json\/wp\/v2\/pages\/5193\/revisions"}],"wp:attachment":[{"href":"https:\/\/megaradar.com.tr\/shop\/wp-json\/wp\/v2\/media?parent=5193"}],"curies":[{"name":"wp","href":"https:\/\/api.w.org\/{rel}","templated":true}]}}