{"id":5201,"date":"2024-01-21T11:31:52","date_gmt":"2024-01-21T11:31:52","guid":{"rendered":"https:\/\/megaradar.com.tr\/shop\/?page_id=5201"},"modified":"2024-01-21T11:31:52","modified_gmt":"2024-01-21T11:31:52","slug":"mesafeli-satis-sozlesmesi","status":"publish","type":"page","link":"https:\/\/megaradar.com.tr\/shop\/mesafeli-satis-sozlesmesi\/","title":{"rendered":"Mesafeli Sat\u0131\u015f S\u00f6zle\u015fmesi"},"content":{"rendered":"<p><b>MADDE 1-TARAFLAR<\/b><\/p>\n<p><b>SATICI\u00a0<\/b><\/p>\n<p>Ticari \u00dcnvan\u0131 : Mega Radar Elektrik Elektronik \u0130n\u015faat San.Tic.A.\u015e.<\/p>\n<p>Adresi : Parseller Mah. Kuyu Sok. No:30 \u00dcmraniye-\u0130stanbul<\/p>\n<p>Telefon : 0216 632 90 04 &#8211; 634 12 06<\/p>\n<p>Sat\u0131c\u0131 Mersis No : 0613096594300001<\/p>\n<p>Sat\u0131c\u0131 E-Posta Adresi : megaradar@megaradar.com.tr<\/p>\n<p>Al\u0131c\u0131n\u0131n \u0130ade Halinde Mal\u0131 Sat\u0131c\u0131ya G\u00f6nderece\u011fi Kargo \u015eirketi : Yurti\u00e7i Kargo<\/p>\n<p>Megaradar\u00a0 \u00c7a\u011fr\u0131 Merkezi: 0212 632 90 04 &#8211; 634 12 06<\/p>\n<p><b>ALICI\u00a0<\/b><\/p>\n<p>Ad\u0131 \u2013 soyad\u0131 :<\/p>\n<p>Adresi :<\/p>\n<p>Telefon :<\/p>\n<p>E-Posta:<\/p>\n<p><b>MADDE 2-S\u00d6ZLE\u015eMEN\u0130N KONUSU ve KAPSAMI<\/b><\/p>\n<p>\u0130\u015fbu Mesafeli Sat\u0131\u015f S\u00f6zle\u015fmesi (\u201cS\u00f6zle\u015fme\u201d) 6502 Say\u0131l\u0131 T\u00fcketicinin Korunmas\u0131 Hakk\u0131nda Kanun ve Mesafeli S\u00f6zle\u015fmeler Y\u00f6netmeli\u011fi&#8217;ne uygun olarak d\u00fczenlenmi\u015ftir. \u0130\u015fbu S\u00f6zle\u015fme&#8217;nin taraflar\u0131 i\u015fbu S\u00f6zle\u015fme taht\u0131nda 6502 Say\u0131l\u0131 T\u00fcketicinin Korunmas\u0131 Hakk\u0131nda Kanun ve Mesafeli S\u00f6zle\u015fmeler Y\u00f6netmeli\u011finden kaynaklanan y\u00fck\u00fcml\u00fcl\u00fck ve sorumluluklar\u0131n\u0131 bildiklerini ve anlad\u0131klar\u0131n\u0131 kabul ve beyan ederler. \u0130\u015fbu S\u00f6zle\u015fmenin konusunu; Al\u0131c\u0131&#8217;n\u0131n, Mega Radar Elektrik Elektronik \u0130n\u015faat\u00a0 Sanayi Tic. A.\u015e &#8216;ye ait [www.megaradar.com.tr] alan adl\u0131 web sitesinden (\u201cwww.megaradar.com.tr\u201d), Sat\u0131c\u0131&#8217;ya ait Mal\/Hizmetin sat\u0131n al\u0131nmas\u0131na y\u00f6nelik elektronik olarak sipari\u015f verdi\u011fi, S\u00f6zle\u015fmede belirtilen niteliklere sahip Mal\/Hizmetin sat\u0131\u015f\u0131 ve teslimi ile ilgili olarak 6502 Say\u0131l\u0131 T\u00fcketicinin Korunmas\u0131 Hakk\u0131ndaki Kanun ve Mesafeli S\u00f6zle\u015fmeler Y\u00f6netmeli\u011fi h\u00fck\u00fcmleri gere\u011fince taraflar\u0131n hak ve y\u00fck\u00fcml\u00fcl\u00fcklerinin saptanmas\u0131 olu\u015fturur.<\/p>\n<p><b>MADDE 3\u2013S\u00d6ZLE\u015eME KONUSU MAL VE H\u0130ZMET\u0130N TEMEL N\u0130TEL\u0130KLER\u0130 ve F\u0130YATI\u00a0<\/b><\/p>\n<p>\u00dcr\u00fcn Kodu ve Ad\u0131 Adet Sat\u0131c\u0131 Unvan\u0131 Birim Fiyat\u0131 Birim \u0130ndirimi Kupon Puan Toplam Sat\u0131\u015f Tutar\u0131 Vade Fark\u0131 KDV Dahil Toplam Tutar<\/p>\n<p>Kargo &#8211; Yurti\u00e7i<\/p>\n<p>\u0130lan edilen fiyatlar ve vaatler g\u00fcncelleme yap\u0131lana ve de\u011fi\u015ftirilene kadar ge\u00e7erlidir. S\u00fcreli olarak ilan edilen fiyatlar ise belirtilen s\u00fcre sonuna kadar ge\u00e7erlidir.<\/p>\n<p>Kargo hari\u00e7 toplam \u00fcr\u00fcn bedeli:<\/p>\n<p>Kargo \u00dccreti:<\/p>\n<p>Kargo Dahil Toplam Bedeli:<\/p>\n<p>\u00d6deme \u015eekli ve Plan\u0131:<\/p>\n<p>Teslim \u015eartlar\u0131:<\/p>\n<p>Teslimat Adresi:<\/p>\n<p>Teslim Edilecek Ki\u015fi(ler):<\/p>\n<p><b>MADDE 4 &#8211; MALIN TESL\u0130M\u0130 VE TESL\u0130M \u015eEKL<\/b>\u0130<\/p>\n<p>S\u00f6zle\u015fme Al\u0131c\u0131 taraf\u0131ndan elektronik ortamda onaylanmakla y\u00fcr\u00fcrl\u00fc\u011fe girmi\u015f olup Al\u0131c\u0131&#8217;n\u0131n Sat\u0131c\u0131&#8217;dan sat\u0131n alm\u0131\u015f oldu\u011fu Mal\u0131n\/Hizmetin Al\u0131c\u0131&#8217;ya teslim edilmesiyle ifa edilmi\u015f olur. Mal\/Hizmet, Al\u0131c\u0131&#8217;n\u0131n sipari\u015f formunda ve i\u015fbu S\u00f6zle\u015fmede belirtmi\u015f oldu\u011fu adrese ve belirtilen yetkili ki\u015fi\/ki\u015filere teslim edilecektir.<\/p>\n<p><b>MADDE 5 &#8211; TESL\u0130MAT MASRAFLARI VE \u0130FASI<\/b><\/p>\n<p>Mal\u0131n teslimat masraflar\u0131 aksine bir h\u00fck\u00fcm yoksa Al\u0131c\u0131&#8217;ya aittir. Sat\u0131c\u0131, Web sitesinde teslimat \u00fccretinin kendisince kar\u015f\u0131lanaca\u011f\u0131n\u0131 beyan etmi\u015fse teslimat masraflar\u0131 Sat\u0131c\u0131&#8217;ya ait olacakt\u0131r. Mal\u0131n teslimat\u0131; Sat\u0131c\u0131&#8217;n\u0131n stokunun m\u00fcsait olmas\u0131 halinde ve \u00f6demenin ger\u00e7ekle\u015fmesinden sonra taahh\u00fct edilen s\u00fcrede yap\u0131l\u0131r. Sat\u0131c\u0131, sipari\u015f konusu Mal\/Hizmet ediminin yerine getirilmesinin imkans\u0131zla\u015ft\u0131\u011f\u0131 haller sakl\u0131 kalmak kayd\u0131yla, Mal\/Hizmet&#8217;i, Al\u0131c\u0131 taraf\u0131ndan Mal\/Hizmet&#8217;in sipari\u015f edilmesinden itibaren 30 (otuz) g\u00fcn i\u00e7inde teslim eder. Herhangi bir nedenle Al\u0131c\u0131 taraf\u0131ndan Mal\/Hizmet bedeli \u00f6denmez veya yap\u0131lan \u00f6deme banka kay\u0131tlar\u0131nda iptal edilir ise, Sat\u0131c\u0131 Mal\/Hizmet&#8217;in teslimi y\u00fck\u00fcml\u00fcl\u00fc\u011f\u00fcnden kurtulmu\u015f kabul edilir.<\/p>\n<p>Mal\u0131n Sat\u0131c\u0131 taraf\u0131ndan kargoya verilmesinden sonra ve fakat Al\u0131c\u0131 taraf\u0131ndan teslim al\u0131nmas\u0131ndan \u00f6nce Al\u0131c\u0131 taraf\u0131ndan yap\u0131lan sipari\u015f iptallerinde kargo bedelinden Al\u0131c\u0131 sorumludur.<\/p>\n<p><b>MADDE 6 &#8211; ALICININ BEYAN VE TAAHH\u00dcTLER\u0130<\/b><\/p>\n<p>Al\u0131c\u0131, Web sitesinde yer alan S\u00f6zle\u015fme konusu Mal\u0131n\/Hizmetin temel nitelikleri, sat\u0131\u015f fiyat\u0131 ve \u00f6deme \u015fekli ile teslimat ve kargo bedeline ili\u015fkin olarak Sat\u0131c\u0131 taraf\u0131ndan y\u00fcklenen \u00f6n bilgileri okuyup bilgi sahibi oldu\u011funu ve elektronik ortamda gerekli teyidi verdi\u011fini beyan eder. Al\u0131c\u0131lar, T\u00fcketici s\u0131fat\u0131yla talep ve \u015fikayetlerini yukar\u0131da yer alan Sat\u0131c\u0131 ileti\u015fim bilgilerine ve\/veya Web sitesinin sa\u011flad\u0131\u011f\u0131 kanallarla ula\u015ft\u0131rabilirler. Al\u0131c\u0131, i\u015fbu S\u00f6zle\u015fme&#8217;yi ve \u00d6n Bilgilendirme Formunu elektronik ortamda teyit etmekle, mesafeli s\u00f6zle\u015fmelerin akdinden \u00f6nce Sat\u0131c\u0131 taraf\u0131ndan Al\u0131c\u0131ya verilmesi gereken adres, sipari\u015fi verilen Mal\/Hizmet&#8217;e ait temel \u00f6zellikler, Mal\/Hizmet&#8217;in vergiler dahil fiyat\u0131, \u00f6deme ve teslimat ile teslimat fiyat\u0131 bilgilerini de do\u011fru ve eksiksiz olarak edindi\u011fini teyit etmi\u015f olur. Al\u0131c\u0131&#8217;n\u0131n, S\u00f6zle\u015fme konusu Mal\/Hizmet&#8217;i teslim almadan \u00f6nce muayene etmeksizin; tahrip olmu\u015f, k\u0131r\u0131k, ambalaj\u0131 y\u0131rt\u0131lm\u0131\u015f vb. hasarl\u0131 ve ay\u0131pl\u0131 Mal\/Hizmeti kargo \u015firketinden teslim almas\u0131 halinde sorumluluk tamamen kendisine aittir. Al\u0131c\u0131 taraf\u0131ndan kargo \u015firketi g\u00f6revlisinden teslim al\u0131nan Mal\/Hizmet&#8217;in hasars\u0131z ve sa\u011flam oldu\u011fu kabul edilecektir. Teslimden sonra Mal\/Hizmet&#8217;in sorumlulu\u011fu ve hasarlar Al\u0131c\u0131&#8217;ya aittir. Mal\/Hizmet&#8217;in tesliminden sonra Al\u0131c\u0131&#8217;ya ait kredi kart\u0131n\u0131n Al\u0131c\u0131&#8217;n\u0131n kusurundan kaynaklanmayan bir \u015fekilde yetkisiz ki\u015filerce haks\u0131z veya hukuka ayk\u0131r\u0131 olarak kullan\u0131lmas\u0131 nedeni ile ilgili banka veya finans kurulu\u015funun Mal\/Hizmet bedelini Sat\u0131c\u0131&#8217;ya \u00f6dememesi halinde, Al\u0131c\u0131 kendisine teslim edilmi\u015f olmas\u0131 kayd\u0131yla Mal\/Hizmet&#8217;i 3 (\u00fc\u00e7) g\u00fcn i\u00e7inde Sat\u0131c\u0131&#8217;ya iade etmekle y\u00fck\u00fcml\u00fcd\u00fcr. Bu halde teslimat giderleri Al\u0131c\u0131&#8217;ya aittir.<\/p>\n<p><b>MADDE 7 &#8211; SATICININ BEYAN VE TAAHH\u00dcTLER\u0130<\/b><\/p>\n<p>Sat\u0131c\u0131, S\u00f6zle\u015fme konusu Mal\/Hizmet&#8217;in T\u00fcketici Mevzuat\u0131na uygun olarak, sa\u011flam, eksiksiz, sipari\u015fte belirtilen niteliklere uygun ve varsa garanti belgeleri ve kullan\u0131m k\u0131lavuzlar\u0131 ile Al\u0131c\u0131&#8217;ya teslim edilmesinden sorumludur. Sat\u0131c\u0131, m\u00fccbir sebepler veya nakliyeyi engelleyen ola\u011fan\u00fcst\u00fc durumlar nedeni ile s\u00f6zle\u015fme konusu Mal\/Hizmeti s\u00fcresi i\u00e7inde teslim edemez ise, durumu \u00f6\u011frendi\u011fi tarihten itibaren 3 (\u00fc\u00e7) g\u00fcn i\u00e7inde Al\u0131c\u0131&#8217;ya bildirmekle y\u00fck\u00fcml\u00fcd\u00fcr. S\u00f6zle\u015fme konusu Mal\/Hizmet, Al\u0131c\u0131&#8217;dan ba\u015fka bir ki\u015fiye teslim edilecek ise, teslim edilecek ki\u015finin teslimat\u0131 kabul etmemesinden Sat\u0131c\u0131 sorumlu tutulamaz.<\/p>\n<p><b>MADDE 8 \u2013 CAYMA HAKKI<\/b><\/p>\n<p>Al\u0131c\u0131, hi\u00e7bir hukuki ve cezai sorumluluk \u00fcstlenmeksizin ve hi\u00e7bir gerek\u00e7e g\u00f6stermeksizin, sat\u0131n ald\u0131\u011f\u0131 Mal\/Hizmeti teslim tarihten itibaren 14 (ond\u00f6rt) g\u00fcn i\u00e7erisinde cayma hakk\u0131n\u0131 kullanarak iade edebilir. Cayma hakk\u0131 bildirimi ve S\u00f6zle\u015fmeye ili\u015fkin sair bildirimler Sat\u0131c\u0131&#8217;ya ait ve\/veya Web sitesinde belirtilen ileti\u015fim kanallar\u0131 ile g\u00f6nderilecektir. Cayma hakk\u0131n\u0131n kullan\u0131lmas\u0131 i\u00e7in s\u00fcresi i\u00e7erisinde Sat\u0131c\u0131&#8217;ya mevzuat h\u00fck\u00fcmlerine ve Web sitesindeki cayma hakk\u0131 kullan\u0131m se\u00e7ene\u011fine uygun olarak bildirimde bulunulmas\u0131 \u015fartt\u0131r. Cayma hakk\u0131n\u0131n kullan\u0131lmas\u0131 halinde: a) Al\u0131c\u0131 cayma hakk\u0131n\u0131 kullanmas\u0131ndan itibaren 10 (on) g\u00fcn i\u00e7erisinde Mal\u0131 Sat\u0131c\u0131&#8217;ya geri g\u00f6nderir. b) Cayma hakk\u0131 kapsam\u0131nda iade edilecek Mal kutusu, ambalaj\u0131, varsa standart aksesuarlar\u0131 varsa Mal ile birlikte hediye edilen di\u011fer \u00fcr\u00fcnlerin de eksiksiz ve hasars\u0131z olarak iade edilmesi gerekmektedir. Cayma hakk\u0131n\u0131n kullan\u0131lmas\u0131n\u0131 takip eden 14 (ond\u00f6rt) g\u00fcn i\u00e7erisinde Mal bedeli Al\u0131c\u0131&#8217;ya \u00f6dedi\u011fi \u015fekilde iade edilir. Mal, Sat\u0131c\u0131&#8217;ya iade edilirken, Mal\u0131n teslimi s\u0131ras\u0131nda Al\u0131c\u0131&#8217;ya ibraz edilmi\u015f olan orijinal faturan\u0131n da Al\u0131c\u0131 taraf\u0131ndan iade edilmesi gerekmektedir.<\/p>\n<p>Al\u0131c\u0131 iade edece\u011fi Mal\u0131 \u00f6n bilgilendirme formunda belirtilen Sat\u0131c\u0131&#8217;n\u0131n anla\u015fmal\u0131 kargo \u015firketi ile Sat\u0131c\u0131&#8217;ya g\u00f6nderdi\u011fi s\u00fcrece iade kargo bedeli Sat\u0131c\u0131&#8217;ya aittir. Al\u0131c\u0131&#8217;n\u0131n iade edece\u011fi Mal\u0131 \u00f6n bilgilendirme formunda belirtilen Sat\u0131c\u0131&#8217;n\u0131n anla\u015fmal\u0131 kargo \u015firketi d\u0131\u015f\u0131nda bir kargo \u015firketi ile g\u00f6ndermesi halinde iade kargo bedeli ve Mal\u0131n kargo s\u00fcrecinde u\u011frayaca\u011f\u0131 hasardan\u00a0 Sat\u0131c\u0131 sorumlu de\u011fildir.<\/p>\n<p><b>MADDE 9 \u2013 CAYMA HAKKININ KULLANILAMAYACA\u011eI HALLER<\/b><\/p>\n<p>Cayma hakk\u0131 a\u015fa\u011f\u0131daki hallerde kullan\u0131lamaz: a) Tesliminden sonra ambalaj, bant, m\u00fch\u00fcr, paket gibi koruyucu unsurlar\u0131 a\u00e7\u0131lm\u0131\u015f olan mallardan; iadesi a\u00e7\u0131s\u0131ndan uygun olmayanlar\u0131n teslimine ili\u015fkin s\u00f6zle\u015fmelerde Al\u0131c\u0131 ve Sat\u0131c\u0131 aras\u0131ndaki hukuki ili\u015fkiye Mesafeli S\u00f6zle\u015fmeler Y\u00f6netmeli\u011fi h\u00fck\u00fcmleri uygulanamamas\u0131 sebebiyle cayma hakk\u0131 kullan\u0131lamayacakt\u0131r.<\/p>\n<p><b>MADDE 10 &#8211; UYU\u015eMAZLIKLARIN \u00c7\u00d6Z\u00dcM\u00dc<\/b><\/p>\n<p>\u0130\u015fbu Mesafeli Sat\u0131\u015f S\u00f6zle\u015fmesi&#8217;nin uygulanmas\u0131nda, G\u00fcmr\u00fck ve Ticaret Bakanl\u0131\u011f\u0131nca ilan edilen de\u011fere kadar Al\u0131c\u0131n\u0131n Mal veya Hizmeti sat\u0131n ald\u0131\u011f\u0131 ve ikametgah\u0131n\u0131n bulundu\u011fu yerdeki T\u00fcketici Hakem Heyetleri ile T\u00fcketici Mahkemeleri yetkilidir. 6502 Say\u0131l\u0131 T\u00fcketicinin Korunmas\u0131 Hakk\u0131nda Kanun&#8217;un 68&#8217;nci. Maddesinin 1. f\u0131kras\u0131nda belirtilen alt ve \u00fcst limitler do\u011frultusunda t\u00fcketici talepleri hakk\u0131nda il\u00e7e\/il t\u00fcketici hakem heyetleri yetkilidir.<\/p>\n<p><b>MADDE 11 &#8211; MALIN\/H\u0130ZMET\u0130N F\u0130YATI<\/b><\/p>\n<p>Mal\u0131n pe\u015fin veya vadeli sat\u0131\u015f fiyat\u0131, sipari\u015f formunda yer almakla birlikte, sipari\u015f sonu g\u00f6nderilen bilgilendirme maili ve \u00fcr\u00fcn ile birlikte m\u00fc\u015fteriye g\u00f6nderilen fatura i\u00e7eri\u011finde mevcut olan fiyatt\u0131r. Sat\u0131c\u0131 taraf\u0131ndan yap\u0131lan indirimler, kuponlar, kargo \u00fccreti ve sair uygulamalar sat\u0131\u015f fiyat\u0131na yans\u0131t\u0131l\u0131r.<\/p>\n<p><b>MADDE 12 &#8211; TEMERR\u00dcD HAL\u0130 VE HUKUK\u0130 SONU\u00c7LARI<\/b><\/p>\n<p>Al\u0131c\u0131&#8217;n\u0131n, kredi kart\u0131 ile yapm\u0131\u015f oldu\u011fu i\u015flemlerde temerr\u00fcde d\u00fc\u015fmesi halinde kart sahibi bankan\u0131n kendisi ile yapm\u0131\u015f oldu\u011fu kredi kart\u0131 s\u00f6zle\u015fmesi \u00e7er\u00e7evesinde faiz \u00f6deyecek ve bankaya kar\u015f\u0131 sorumlu olacakt\u0131r. Bu durumda ilgili banka hukuki yollara ba\u015fvurabilir; do\u011facak masraflar\u0131 ve vek\u00e2let \u00fccretini Al\u0131c\u0131&#8217;dan talep edebilir ve her ko\u015fulda Al\u0131c\u0131&#8217;n\u0131n borcundan dolay\u0131 temerr\u00fcde d\u00fc\u015fmesi halinde, Al\u0131c\u0131&#8217;n\u0131n borcu gecikmeli ifas\u0131ndan dolay\u0131 Sat\u0131c\u0131&#8217;n\u0131n u\u011frad\u0131\u011f\u0131 zarar ve ziyandan Al\u0131c\u0131 sorumlu olacakt\u0131r.<\/p>\n<p><b>MADDE 13 \u2013 B\u0130LD\u0130R\u0130MLER ve DEL\u0130L S\u00d6ZLE\u015eMES\u0130<\/b><\/p>\n<p>\u0130\u015fbu S\u00f6zle\u015fme taht\u0131nda Taraflar aras\u0131nda yap\u0131lacak her t\u00fcrl\u00fc yaz\u0131\u015fma, mevzuatta say\u0131lan zorunlu haller d\u0131\u015f\u0131nda, e-mail arac\u0131l\u0131\u011f\u0131yla yap\u0131lacakt\u0131r. Al\u0131c\u0131, i\u015fbu S\u00f6zle\u015fmeden do\u011fabilecek ihtilaflarda Sat\u0131c\u0131n\u0131n resmi defter ve ticari kay\u0131tlar\u0131yla, kendi veri taban\u0131nda, sunucular\u0131nda tuttu\u011fu elektronik bilgilerin ve bilgisayar kay\u0131tlar\u0131n\u0131n, ba\u011flay\u0131c\u0131, kesin ve m\u00fcnhas\u0131r delil te\u015fkil edece\u011fini, bu maddenin Hukuk Muhakemeleri Kanunu&#8217;nun 193. maddesi anlam\u0131nda delil s\u00f6zle\u015fmesi niteli\u011finde oldu\u011funu kabul, beyan ve taahh\u00fct eder.<\/p>\n<p><b>MADDE 14 &#8211; Y\u00dcR\u00dcRL\u00dcK<\/b><\/p>\n<p>14 (on d\u00f6rt) maddeden ibaret bu S\u00f6zle\u015fme, Taraflarca okunarak, \/\u00a0 \/ 2019 tarihinde, Al\u0131c\u0131 taraf\u0131ndan elektronik ortamda onaylanmak suretiyle akdedilmi\u015f ve y\u00fcr\u00fcrl\u00fc\u011fe girmi\u015ftir.<\/p>\n<p>SATICI \u00a0\u00a0\u00a0\u00a0\u00a0\u00a0\u00a0\u00a0\u00a0\u00a0\u00a0\u00a0\u00a0\u00a0\u00a0\u00a0\u00a0\u00a0\u00a0\u00a0\u00a0\u00a0\u00a0\u00a0\u00a0\u00a0\u00a0\u00a0\u00a0\u00a0\u00a0\u00a0\u00a0\u00a0\u00a0\u00a0\u00a0\u00a0\u00a0\u00a0\u00a0\u00a0\u00a0\u00a0\u00a0\u00a0\u00a0\u00a0\u00a0\u00a0\u00a0\u00a0\u00a0\u00a0\u00a0\u00a0\u00a0\u00a0\u00a0\u00a0\u00a0\u00a0\u00a0\u00a0\u00a0\u00a0\u00a0\u00a0\u00a0\u00a0\u00a0\u00a0\u00a0\u00a0\u00a0\u00a0\u00a0\u00a0\u00a0\u00a0\u00a0\u00a0\u00a0\u00a0\u00a0\u00a0\u00a0\u00a0\u00a0\u00a0\u00a0\u00a0\u00a0\u00a0\u00a0\u00a0\u00a0\u00a0\u00a0\u00a0\u00a0\u00a0\u00a0\u00a0\u00a0\u00a0\u00a0\u00a0\u00a0\u00a0\u00a0\u00a0\u00a0\u00a0\u00a0\u00a0\u00a0\u00a0\u00a0\u00a0\u00a0\u00a0\u00a0\u00a0\u00a0\u00a0\u00a0\u00a0\u00a0\u00a0\u00a0\u00a0\u00a0\u00a0\u00a0\u00a0\u00a0\u00a0\u00a0\u00a0\u00a0\u00a0\u00a0\u00a0\u00a0\u00a0\u00a0\u00a0\u00a0\u00a0\u00a0\u00a0\u00a0\u00a0\u00a0\u00a0\u00a0\u00a0\u00a0\u00a0\u00a0\u00a0\u00a0\u00a0\u00a0\u00a0\u00a0\u00a0\u00a0\u00a0\u00a0\u00a0\u00a0\u00a0\u00a0\u00a0\u00a0\u00a0\u00a0\u00a0\u00a0\u00a0\u00a0\u00a0\u00a0\u00a0\u00a0\u00a0\u00a0\u00a0\u00a0\u00a0\u00a0\u00a0\u00a0\u00a0\u00a0\u00a0\u00a0\u00a0\u00a0\u00a0\u00a0\u00a0\u00a0\u00a0\u00a0\u00a0\u00a0\u00a0\u00a0\u00a0\u00a0\u00a0\u00a0\u00a0\u00a0\u00a0\u00a0\u00a0\u00a0\u00a0\u00a0\u00a0\u00a0\u00a0\u00a0\u00a0\u00a0\u00a0\u00a0\u00a0\u00a0\u00a0\u00a0\u00a0\u00a0\u00a0\u00a0\u00a0\u00a0\u00a0\u00a0\u00a0\u00a0\u00a0\u00a0\u00a0\u00a0\u00a0\u00a0\u00a0\u00a0\u00a0\u00a0\u00a0\u00a0\u00a0\u00a0\u00a0\u00a0\u00a0\u00a0\u00a0\u00a0\u00a0\u00a0\u00a0\u00a0\u00a0\u00a0\u00a0\u00a0\u00a0\u00a0\u00a0\u00a0\u00a0\u00a0\u00a0\u00a0\u00a0\u00a0\u00a0\u00a0\u00a0\u00a0\u00a0\u00a0\u00a0\u00a0\u00a0ALICI<\/p>\n","protected":false},"excerpt":{"rendered":"<p>MADDE 1-TARAFLAR SATICI\u00a0 Ticari \u00dcnvan\u0131 : Mega Radar Elektrik Elektronik \u0130n\u015faat San.Tic.A.\u015e. Adresi : Parseller Mah. Kuyu Sok. No:30 \u00dcmraniye-\u0130stanbul Telefon : 0216 632 90 04 &#8211; 634 12 06 Sat\u0131c\u0131 Mersis No : 0613096594300001 Sat\u0131c\u0131 E-Posta Adresi : megaradar@megaradar.com.tr Al\u0131c\u0131n\u0131n \u0130ade Halinde Mal\u0131 Sat\u0131c\u0131ya G\u00f6nderece\u011fi Kargo \u015eirketi : Yurti\u00e7i Kargo Megaradar\u00a0 \u00c7a\u011fr\u0131 Merkezi: 0212 632 90 04 &#8211; 634\u2026<\/p>\n","protected":false},"author":1,"featured_media":0,"parent":0,"menu_order":0,"comment_status":"closed","ping_status":"closed","template":"","meta":{"footnotes":""},"class_list":["post-5201","page","type-page","status-publish","hentry"],"_links":{"self":[{"href":"https:\/\/megaradar.com.tr\/shop\/wp-json\/wp\/v2\/pages\/5201","targetHints":{"allow":["GET"]}}],"collection":[{"href":"https:\/\/megaradar.com.tr\/shop\/wp-json\/wp\/v2\/pages"}],"about":[{"href":"https:\/\/megaradar.com.tr\/shop\/wp-json\/wp\/v2\/types\/page"}],"author":[{"embeddable":true,"href":"https:\/\/megaradar.com.tr\/shop\/wp-json\/wp\/v2\/users\/1"}],"replies":[{"embeddable":true,"href":"https:\/\/megaradar.com.tr\/shop\/wp-json\/wp\/v2\/comments?post=5201"}],"version-history":[{"count":0,"href":"https:\/\/megaradar.com.tr\/shop\/wp-json\/wp\/v2\/pages\/5201\/revisions"}],"wp:attachment":[{"href":"https:\/\/megaradar.com.tr\/shop\/wp-json\/wp\/v2\/media?parent=5201"}],"curies":[{"name":"wp","href":"https:\/\/api.w.org\/{rel}","templated":true}]}}