{"id":1314,"date":"2023-05-22T01:59:50","date_gmt":"2023-05-21T22:59:50","guid":{"rendered":"https:\/\/www.mgshop.mucizefikironline.com\/?post_type=product&#038;p=1314"},"modified":"2026-03-02T15:26:01","modified_gmt":"2026-03-02T12:26:01","slug":"508mm-soketli-erkek-klemens-90-acik-9-pim","status":"publish","type":"product","link":"https:\/\/megaradar.com.tr\/shop\/urun\/508mm-soketli-erkek-klemens-90-acik-9-pim\/","title":{"rendered":"5.08mm Soketli Erkek Klemens 90\u00b0 A\u00e7\u0131k &#8211; 9 Pim"},"content":{"rendered":"","protected":false},"excerpt":{"rendered":"<p class=\"s-desc-mg\"><span>Asans\u00f6r mekanizmal\u0131 vida ba\u011flant\u0131l\u0131 soketli PCB klemensi<\/span><span>9 kutup<\/span><span>Max. iletken kesiti: <b>2.5mm\u00b2-14 AWG<\/b><\/span><span>Pim aral\u0131\u011f\u0131: <b>5.08mm<\/b><\/span><span>Nominal gerilim: <b>250V<\/b><\/span><span>Nominal ak\u0131m: <b>16A<\/b><\/span><\/p>\n<ul class=\"s-desc-mg-list\">\n<li>Soketli tak-\u00e7\u0131kar yap\u0131 kablolamay\u0131 h\u0131zland\u0131r\u0131r, montaj s\u00fcresinden tasarruf sa\u011flar.<\/li>\n<li>90\u00b0 ve 180\u00b0 ba\u011flant\u0131 a\u00e7\u0131lar\u0131, her t\u00fcrl\u00fc yerle\u015fime kolayca uyum sa\u011flar.<\/li>\n<li>Farkl\u0131 renkler kullanarak, ba\u011flant\u0131lar\u0131 bir bak\u0131\u015fta net ve kolay tan\u0131mlanabilir hale getirebilirsiniz.<\/li>\n<li>Alan ihtiyac\u0131n\u0131za uygun olarak yanlar\u0131 a\u00e7\u0131k, kapal\u0131 ve ya katl\u0131 modeller aras\u0131ndan se\u00e7im yap\u0131n.<\/li>\n<\/ul>\n<div class=\"color-table\">\n<div class=\"s-desc-mg-colors\">\n  <span>Renk se\u00e7enekleri<\/span><\/p>\n<div class=\"stock-colors\">\n    <span class=\"blue\"><i>Mavi<\/i><\/span><br \/>\n    <span class=\"green\"><i>Ye\u015fil<\/i><\/span><br \/>\n    <span class=\"orange\"><i>Turuncu<\/i><\/span><br \/>\n    <span class=\"black\"><i>Siyah<\/i><\/span><br \/>\n    <span class=\"gray\"><i>Gri<\/i><\/span><br \/>\n    <span class=\"red\"><i>K\u0131rm\u0131z\u0131<\/i><\/span>\n  <\/div>\n<\/div>\n<div class=\"s-desc-mg-stock\">\n  <span class=\"s-desc-mg-stock-title\">Stok rengi<\/span><\/p>\n<div class=\"stock-colors\">\n    <span class=\"blue\"><i>Mavi<\/i><\/span><br \/>\n    <span class=\"green\"><i>Ye\u015fil<\/i><\/span><br \/>\n    <span class=\"orange\"><i>Turuncu<\/i><\/span>\n  <\/div>\n<\/div>\n<\/div>\n","protected":false},"featured_media":27624,"template":"","meta":[],"product_brand":[],"product_cat":[17,36],"product_tag":[],"class_list":{"0":"post-1314","1":"product","2":"type-product","3":"status-publish","4":"has-post-thumbnail","6":"product_cat-soketli-klemensler-ve-konnektorler","7":"product_cat-508mm-soketli-pcb-klemensler","8":"pa_aksesuarlar-kodlama-pimi","9":"pa_anma-akimi-16a","10":"pa_anma-gerilimi-250v","11":"pa_iletken-baglanti-yonu-27","12":"pa_kutup-sayisi-141","13":"pa_montaj-tipi-dalga-lehimleme","14":"pa_onaylar-tse","15":"pa_onaylar-ce","16":"pa_onaylar-rohs","17":"pa_onaylar-vde","18":"pa_onaylar-ul","19":"pa_onaylar-eac","20":"pa_pim-araligi-508mm","21":"pa_renk-secenekleri-mavi","22":"pa_renk-secenekleri-yesil","23":"pa_renk-secenekleri-turuncu","24":"pa_renk-secenekleri-gri","25":"pa_renk-secenekleri-siyah","26":"pa_renk-secenekleri-kirmizi","27":"pa_renk-siparis-kodu-10-309-mavi","28":"pa_renk-siparis-kodu-11-309-yesil","29":"pa_renk-siparis-kodu-12-309-turuncu","30":"pa_renk-siparis-kodu-13-309-siyah","31":"pa_renk-siparis-kodu-14-309-gri","32":"pa_renk-siparis-kodu-15-309-kirmizi","33":"pa_sira-sayisi-202","34":"pa_stok-rengi-mavi","35":"pa_stok-rengi-yesil","36":"pa_stok-rengi-turuncu","37":"pa_urun-grubu-soketli-pcb-klemensleri","38":"pa_urun-tipi-erkek","40":"first","41":"instock","42":"taxable","43":"shipping-taxable","44":"purchasable","45":"product-type-variable"},"_links":{"self":[{"href":"https:\/\/megaradar.com.tr\/shop\/wp-json\/wp\/v2\/product\/1314","targetHints":{"allow":["GET"]}}],"collection":[{"href":"https:\/\/megaradar.com.tr\/shop\/wp-json\/wp\/v2\/product"}],"about":[{"href":"https:\/\/megaradar.com.tr\/shop\/wp-json\/wp\/v2\/types\/product"}],"version-history":[{"count":0,"href":"https:\/\/megaradar.com.tr\/shop\/wp-json\/wp\/v2\/product\/1314\/revisions"}],"wp:featuredmedia":[{"embeddable":true,"href":"https:\/\/megaradar.com.tr\/shop\/wp-json\/wp\/v2\/media\/27624"}],"wp:attachment":[{"href":"https:\/\/megaradar.com.tr\/shop\/wp-json\/wp\/v2\/media?parent=1314"}],"wp:term":[{"taxonomy":"product_brand","embeddable":true,"href":"https:\/\/megaradar.com.tr\/shop\/wp-json\/wp\/v2\/product_brand?post=1314"},{"taxonomy":"product_cat","embeddable":true,"href":"https:\/\/megaradar.com.tr\/shop\/wp-json\/wp\/v2\/product_cat?post=1314"},{"taxonomy":"product_tag","embeddable":true,"href":"https:\/\/megaradar.com.tr\/shop\/wp-json\/wp\/v2\/product_tag?post=1314"}],"curies":[{"name":"wp","href":"https:\/\/api.w.org\/{rel}","templated":true}]}}