{"id":19629,"date":"2025-05-19T15:41:07","date_gmt":"2025-05-19T12:41:07","guid":{"rendered":"https:\/\/megaradar.com.tr\/shop\/urun\/kutup-korleyici-tipa-1016mm-moduler-klemens-icin\/"},"modified":"2026-02-15T04:26:06","modified_gmt":"2026-02-15T01:26:06","slug":"kutup-korleyici-tipa-1016mm-moduler-klemens-icin","status":"publish","type":"product","link":"https:\/\/megaradar.com.tr\/shop\/urun\/kutup-korleyici-tipa-1016mm-moduler-klemens-icin\/","title":{"rendered":"Kutup K\u00f6rleyici T\u0131pa-10.16mm mod\u00fcler klemens i\u00e7in"},"content":{"rendered":"","protected":false},"excerpt":{"rendered":"<div itemprop=\"description\">\n<ul class=\"s-desc-mg-list\">\n<li>Di\u011fer renkler i\u00e7in l\u00fctfen ileti\u015fime ge\u00e7iniz.<\/li>\n<\/ul>\n<div class=\"color-table\">\n<div class=\"s-desc-mg-colors\">\n  <span>Renk se\u00e7enekleri<\/span><\/p>\n<div class=\"stock-colors\">\n    <span class=\"red\"><i>K\u0131rm\u0131z\u0131<\/i><\/span>\n  <\/div>\n<\/div>\n<div class=\"s-desc-mg-stock\">\n  <span class=\"s-desc-mg-stock-title\">Stok rengi<\/span><\/p>\n<div class=\"stock-colors\">\n    <span class=\"red\"><i>K\u0131rm\u0131z\u0131<\/i><\/span>\n  <\/div>\n<\/div>\n<\/div>\n<\/div>\n","protected":false},"featured_media":25412,"template":"","meta":[],"product_brand":[],"product_cat":[68],"product_tag":[],"class_list":{"0":"post-19629","1":"product","2":"type-product","3":"status-publish","4":"has-post-thumbnail","6":"product_cat-tamamlayici-urunler","7":"pa_onaylar-ce","8":"pa_onaylar-eac","9":"pa_onaylar-rohs","10":"pa_onaylar-tse","11":"pa_renk-secenekleri-kirmizi","12":"pa_stok-rengi-kirmizi","13":"pa_urun-grubu-tamamlayici-urunler","14":"pa_urun-rengi-siparis-kodu-22-630-kirmizi","15":"pa_urun-tipi-kutup-korleyici-tipa","17":"first","18":"instock","19":"taxable","20":"shipping-taxable","21":"purchasable","22":"product-type-variable"},"_links":{"self":[{"href":"https:\/\/megaradar.com.tr\/shop\/wp-json\/wp\/v2\/product\/19629","targetHints":{"allow":["GET"]}}],"collection":[{"href":"https:\/\/megaradar.com.tr\/shop\/wp-json\/wp\/v2\/product"}],"about":[{"href":"https:\/\/megaradar.com.tr\/shop\/wp-json\/wp\/v2\/types\/product"}],"version-history":[{"count":0,"href":"https:\/\/megaradar.com.tr\/shop\/wp-json\/wp\/v2\/product\/19629\/revisions"}],"wp:featuredmedia":[{"embeddable":true,"href":"https:\/\/megaradar.com.tr\/shop\/wp-json\/wp\/v2\/media\/25412"}],"wp:attachment":[{"href":"https:\/\/megaradar.com.tr\/shop\/wp-json\/wp\/v2\/media?parent=19629"}],"wp:term":[{"taxonomy":"product_brand","embeddable":true,"href":"https:\/\/megaradar.com.tr\/shop\/wp-json\/wp\/v2\/product_brand?post=19629"},{"taxonomy":"product_cat","embeddable":true,"href":"https:\/\/megaradar.com.tr\/shop\/wp-json\/wp\/v2\/product_cat?post=19629"},{"taxonomy":"product_tag","embeddable":true,"href":"https:\/\/megaradar.com.tr\/shop\/wp-json\/wp\/v2\/product_tag?post=19629"}],"curies":[{"name":"wp","href":"https:\/\/api.w.org\/{rel}","templated":true}]}}