{"id":20166,"date":"2025-06-25T15:12:46","date_gmt":"2025-06-25T12:12:46","guid":{"rendered":"https:\/\/megaradar.com.tr\/shop\/?post_type=product&#038;p=20166"},"modified":"2026-03-02T15:26:56","modified_gmt":"2026-03-02T12:26:56","slug":"381mm-soketli-erkek-klemens-180-9-pim","status":"publish","type":"product","link":"https:\/\/megaradar.com.tr\/shop\/urun\/381mm-soketli-erkek-klemens-180-9-pim\/","title":{"rendered":"3.81mm Soketli Erkek Klemens 180\u00b0 &#8211; 9 Pim"},"content":{"rendered":"","protected":false},"excerpt":{"rendered":"<p class=\"s-desc-mg\"><span>Asans\u00f6r mekanizmal\u0131 vida ba\u011flant\u0131l\u0131 soketli PCB klemensi<\/span><span>9 kutup<\/span><span>Max. iletken kesiti: <b>1.5mm\u00b2-16 AWG<\/b><\/span><span>Pim aral\u0131\u011f\u0131: <b>3.81mm<\/b><\/span><span>Nominal gerilim: <b>160V<\/b><\/span><span>Nominal ak\u0131m: <b>8A<\/b><\/span><\/p>\n<ul class=\"s-desc-mg-list\">\n<li>Soketli tak-\u00e7\u0131kar yap\u0131 kablolamay\u0131 h\u0131zland\u0131r\u0131r, montaj s\u00fcresinden tasarruf sa\u011flar.<\/li>\n<li>90\u00b0 ve 180\u00b0 ba\u011flant\u0131 a\u00e7\u0131lar\u0131, her t\u00fcrl\u00fc yerle\u015fime kolayca uyum sa\u011flar.<\/li>\n<li>Farkl\u0131 renkler kullanarak, ba\u011flant\u0131lar\u0131 bir bak\u0131\u015fta net ve kolay tan\u0131mlanabilir hale getirebilirsiniz.<\/li>\n<li>Alan ihtiyac\u0131n\u0131za uygun olarak yanlar\u0131 a\u00e7\u0131k, kapal\u0131 ve ya katl\u0131 modeller aras\u0131ndan se\u00e7im yap\u0131n.<\/li>\n<\/ul>\n<div class=\"color-table\">\n<div class=\"s-desc-mg-colors\">\n  <span>Renk se\u00e7enekleri<\/span><\/p>\n<div class=\"stock-colors\">\n    <span class=\"blue\"><i>Mavi<\/i><\/span><br \/>\n    <span class=\"green\"><i>Ye\u015fil<\/i><\/span><br \/>\n    <span class=\"orange\"><i>Turuncu<\/i><\/span><br \/>\n    <span class=\"black\"><i>Siyah<\/i><\/span><br \/>\n    <span class=\"gray\"><i>Gri<\/i><\/span><br \/>\n    <span class=\"red\"><i>K\u0131rm\u0131z\u0131<\/i><\/span>\n  <\/div>\n<\/div>\n<div class=\"s-desc-mg-stock\">\n  <span class=\"s-desc-mg-stock-title\">Stok rengi<\/span><\/p>\n<div class=\"stock-colors\">\n    <span class=\"green\"><i>Ye\u015fil<\/i><\/span>\n  <\/div>\n<\/div>\n<\/div>\n","protected":false},"featured_media":25627,"template":"","meta":[],"product_brand":[],"product_cat":[18,17],"product_tag":[],"class_list":{"0":"post-20166","1":"product","2":"type-product","3":"status-publish","4":"has-post-thumbnail","6":"product_cat-381mm-soketli-pcb-klemensler","7":"product_cat-soketli-klemensler-ve-konnektorler","8":"pa_aksesuarlar-kodlama-pimi","9":"pa_anma-akimi-8a","10":"pa_anma-gerilimi-160v","11":"pa_iletken-baglanti-yonu-26","12":"pa_kutup-sayisi-141","13":"pa_montaj-tipi-dalga-lehimleme","14":"pa_onaylar-ce","15":"pa_onaylar-eac","16":"pa_onaylar-rohs","17":"pa_onaylar-tse","18":"pa_onaylar-ul","19":"pa_onaylar-vde","20":"pa_pim-araligi-381mm","21":"pa_renk-secenekleri-gri","22":"pa_renk-secenekleri-kirmizi","23":"pa_renk-secenekleri-mavi","24":"pa_renk-secenekleri-siyah","25":"pa_renk-secenekleri-turuncu","26":"pa_renk-secenekleri-yesil","27":"pa_sira-sayisi-202","28":"pa_stok-rengi-yesil","29":"pa_urun-grubu-soketli-pcb-klemensleri","30":"pa_urun-rengi-siparis-kodu-10-121-mavi","31":"pa_urun-rengi-siparis-kodu-11-121-yesil","32":"pa_urun-rengi-siparis-kodu-12-121-turuncu","33":"pa_urun-rengi-siparis-kodu-13-121-siyah","34":"pa_urun-rengi-siparis-kodu-14-121-gri","35":"pa_urun-rengi-siparis-kodu-15-121-kirmizi","36":"pa_urun-tipi-erkek","38":"first","39":"instock","40":"taxable","41":"shipping-taxable","42":"purchasable","43":"product-type-variable"},"_links":{"self":[{"href":"https:\/\/megaradar.com.tr\/shop\/wp-json\/wp\/v2\/product\/20166","targetHints":{"allow":["GET"]}}],"collection":[{"href":"https:\/\/megaradar.com.tr\/shop\/wp-json\/wp\/v2\/product"}],"about":[{"href":"https:\/\/megaradar.com.tr\/shop\/wp-json\/wp\/v2\/types\/product"}],"version-history":[{"count":0,"href":"https:\/\/megaradar.com.tr\/shop\/wp-json\/wp\/v2\/product\/20166\/revisions"}],"wp:featuredmedia":[{"embeddable":true,"href":"https:\/\/megaradar.com.tr\/shop\/wp-json\/wp\/v2\/media\/25627"}],"wp:attachment":[{"href":"https:\/\/megaradar.com.tr\/shop\/wp-json\/wp\/v2\/media?parent=20166"}],"wp:term":[{"taxonomy":"product_brand","embeddable":true,"href":"https:\/\/megaradar.com.tr\/shop\/wp-json\/wp\/v2\/product_brand?post=20166"},{"taxonomy":"product_cat","embeddable":true,"href":"https:\/\/megaradar.com.tr\/shop\/wp-json\/wp\/v2\/product_cat?post=20166"},{"taxonomy":"product_tag","embeddable":true,"href":"https:\/\/megaradar.com.tr\/shop\/wp-json\/wp\/v2\/product_tag?post=20166"}],"curies":[{"name":"wp","href":"https:\/\/api.w.org\/{rel}","templated":true}]}}