{"id":20174,"date":"2025-06-25T15:14:22","date_gmt":"2025-06-25T12:14:22","guid":{"rendered":"https:\/\/megaradar.com.tr\/shop\/?post_type=product&#038;p=20174"},"modified":"2026-03-02T15:26:57","modified_gmt":"2026-03-02T12:26:57","slug":"381mm-soketli-erkek-klemens-180-10-pim","status":"publish","type":"product","link":"https:\/\/megaradar.com.tr\/shop\/urun\/381mm-soketli-erkek-klemens-180-10-pim\/","title":{"rendered":"3.81mm Soketli Erkek Klemens 180\u00b0 &#8211; 10 Pim"},"content":{"rendered":"","protected":false},"excerpt":{"rendered":"<p class=\"s-desc-mg\"><span>Asans\u00f6r mekanizmal\u0131 vida ba\u011flant\u0131l\u0131 soketli PCB klemensi<\/span><span>10 kutup<\/span><span>Max. iletken kesiti: <b>1.5mm\u00b2-16 AWG<\/b><\/span><span>Pim aral\u0131\u011f\u0131: <b>3.81mm<\/b><\/span><span>Nominal gerilim: <b>160V<\/b><\/span><span>Nominal ak\u0131m: <b>8A<\/b><\/span><\/p>\n<ul class=\"s-desc-mg-list\">\n<li>Soketli tak-\u00e7\u0131kar yap\u0131 kablolamay\u0131 h\u0131zland\u0131r\u0131r, montaj s\u00fcresinden tasarruf sa\u011flar.<\/li>\n<li>90\u00b0 ve 180\u00b0 ba\u011flant\u0131 a\u00e7\u0131lar\u0131, her t\u00fcrl\u00fc yerle\u015fime kolayca uyum sa\u011flar.<\/li>\n<li>Farkl\u0131 renkler kullanarak, ba\u011flant\u0131lar\u0131 bir bak\u0131\u015fta net ve kolay tan\u0131mlanabilir hale getirebilirsiniz.<\/li>\n<li>Alan ihtiyac\u0131n\u0131za uygun olarak yanlar\u0131 a\u00e7\u0131k, kapal\u0131 ve ya katl\u0131 modeller aras\u0131ndan se\u00e7im yap\u0131n.<\/li>\n<\/ul>\n<div class=\"color-table\">\n<div class=\"s-desc-mg-stock\">\n  <span class=\"s-desc-mg-stock-title\">Stok rengi<\/span><\/p>\n<div class=\"stock-colors\">\n    <span class=\"green\"><i>Ye\u015fil<\/i><\/span>\n  <\/div>\n<\/div>\n<\/div>\n","protected":false},"featured_media":25594,"template":"","meta":[],"product_brand":[],"product_cat":[18,17],"product_tag":[],"class_list":{"0":"post-20174","1":"product","2":"type-product","3":"status-publish","4":"has-post-thumbnail","6":"product_cat-381mm-soketli-pcb-klemensler","7":"product_cat-soketli-klemensler-ve-konnektorler","8":"pa_aksesuarlar-kodlama-pimi","9":"pa_anma-akimi-8a","10":"pa_anma-gerilimi-160v","11":"pa_iletken-baglanti-yonu-26","12":"pa_kutup-sayisi-142","13":"pa_montaj-tipi-dalga-lehimleme","14":"pa_onaylar-ce","15":"pa_onaylar-eac","16":"pa_onaylar-rohs","17":"pa_onaylar-tse","18":"pa_onaylar-ul","19":"pa_onaylar-vde","20":"pa_pim-araligi-381mm","21":"pa_renk-secenekleri-gri","22":"pa_renk-secenekleri-kirmizi","23":"pa_renk-secenekleri-mavi","24":"pa_renk-secenekleri-siyah","25":"pa_renk-secenekleri-turuncu","26":"pa_renk-secenekleri-yesil","27":"pa_renk-siparis-kodu-10-127-mavi","28":"pa_renk-siparis-kodu-11-127-yesil","29":"pa_renk-siparis-kodu-12-127-turuncu","30":"pa_renk-siparis-kodu-13-127-siyah","31":"pa_renk-siparis-kodu-14-127-gri","32":"pa_renk-siparis-kodu-15-127-kirmizi","33":"pa_sira-sayisi-202","34":"pa_stok-rengi-yesil","35":"pa_urun-grubu-soketli-pcb-klemensleri","36":"pa_urun-tipi-erkek","38":"first","39":"instock","40":"taxable","41":"shipping-taxable","42":"purchasable","43":"product-type-variable"},"_links":{"self":[{"href":"https:\/\/megaradar.com.tr\/shop\/wp-json\/wp\/v2\/product\/20174","targetHints":{"allow":["GET"]}}],"collection":[{"href":"https:\/\/megaradar.com.tr\/shop\/wp-json\/wp\/v2\/product"}],"about":[{"href":"https:\/\/megaradar.com.tr\/shop\/wp-json\/wp\/v2\/types\/product"}],"version-history":[{"count":0,"href":"https:\/\/megaradar.com.tr\/shop\/wp-json\/wp\/v2\/product\/20174\/revisions"}],"wp:featuredmedia":[{"embeddable":true,"href":"https:\/\/megaradar.com.tr\/shop\/wp-json\/wp\/v2\/media\/25594"}],"wp:attachment":[{"href":"https:\/\/megaradar.com.tr\/shop\/wp-json\/wp\/v2\/media?parent=20174"}],"wp:term":[{"taxonomy":"product_brand","embeddable":true,"href":"https:\/\/megaradar.com.tr\/shop\/wp-json\/wp\/v2\/product_brand?post=20174"},{"taxonomy":"product_cat","embeddable":true,"href":"https:\/\/megaradar.com.tr\/shop\/wp-json\/wp\/v2\/product_cat?post=20174"},{"taxonomy":"product_tag","embeddable":true,"href":"https:\/\/megaradar.com.tr\/shop\/wp-json\/wp\/v2\/product_tag?post=20174"}],"curies":[{"name":"wp","href":"https:\/\/api.w.org\/{rel}","templated":true}]}}