{"id":2213,"date":"2023-07-07T22:07:03","date_gmt":"2023-07-07T19:07:03","guid":{"rendered":"https:\/\/www.mgshop.mucizefikironline.com\/?post_type=product&#038;p=2213"},"modified":"2026-03-02T15:20:49","modified_gmt":"2026-03-02T12:20:49","slug":"508mm-soket-kablo-birlestirici-erkek-klemens-2-pim","status":"publish","type":"product","link":"https:\/\/megaradar.com.tr\/shop\/urun\/508mm-soket-kablo-birlestirici-erkek-klemens-2-pim\/","title":{"rendered":"5.08mm Soket Kablo Birle\u015ftirici Erkek Klemens &#8211; 2 Pim"},"content":{"rendered":"","protected":false},"excerpt":{"rendered":"<p class=\"s-desc-mg\"><span>Asans\u00f6r mekanizmal\u0131 vida ba\u011flant\u0131l\u0131 soketli PCB klemensi<\/span><span>2 kutup<\/span><span>Max. iletken kesiti: <b>2.5mm\u00b2-14 AWG<\/b><\/span><span>Pim aral\u0131\u011f\u0131: <b>5.08mm<\/b><\/span><span>Nominal gerilim: <b>250V<\/b><\/span><span>Nominal ak\u0131m: <b>16A<\/b><\/span><\/p>\n<ul class=\"s-desc-mg-list\">\n<li>Kablodan kabloya ba\u011flant\u0131, raya montaj ve y\u00fczeye montaj se\u00e7enekleriyle \u00fc\u00e7 farkl\u0131 kullan\u0131m imkan\u0131 sunar.<\/li>\n<li>Ray distanslar\u0131\/montaj braketleri ile raya montajlanabilir.<\/li>\n<li>Klemens \u00fczerindeki delikler arac\u0131l\u0131\u011f\u0131yla; vida ile y\u00fczeye kolayca sabitlenebilir.<\/li>\n<\/ul>\n<div class=\"color-table\">\n<div class=\"s-desc-mg-colors\">\n  <span>Renk se\u00e7enekleri<\/span><\/p>\n<div class=\"stock-colors\">\n    <span class=\"blue\"><i>Mavi<\/i><\/span><br \/>\n    <span class=\"green\"><i>Ye\u015fil<\/i><\/span><br \/>\n    <span class=\"orange\"><i>Turuncu<\/i><\/span><br \/>\n    <span class=\"black\"><i>Siyah<\/i><\/span><br \/>\n    <span class=\"gray\"><i>Gri<\/i><\/span><br \/>\n    <span class=\"red\"><i>K\u0131rm\u0131z\u0131<\/i><\/span>\n  <\/div>\n<\/div>\n<div class=\"s-desc-mg-stock\">\n  <span class=\"s-desc-mg-stock-title\">Stok rengi<\/span><\/p>\n<div class=\"stock-colors\">\n    <span class=\"blue\"><i>Mavi<\/i><\/span><br \/>\n    <span class=\"green\"><i>Ye\u015fil<\/i><\/span><br \/>\n    <span class=\"orange\"><i>Turuncu<\/i><\/span>\n  <\/div>\n<\/div>\n<\/div>\n","protected":false},"featured_media":26065,"template":"","meta":[],"product_brand":[],"product_cat":[17,95,102],"product_tag":[],"class_list":{"0":"post-2213","1":"product","2":"type-product","3":"status-publish","4":"has-post-thumbnail","6":"product_cat-soketli-klemensler-ve-konnektorler","7":"product_cat-soketli-konnektorler","8":"product_cat-508mm-soketli-konnektorler","9":"pa_aksesuarlar-kablo-birlestirici-ray-distans","10":"pa_aksesuarlar-kablo-birlestirici-vidasi","11":"pa_aksesuarlar-kodlama-pimi","12":"pa_anma-akimi-16a","13":"pa_anma-gerilimi-250v","14":"pa_iletken-baglanti-yonu-27","15":"pa_kutup-sayisi-134","16":"pa_montaj-tipi-35mm-din-ray","17":"pa_onaylar-tse","18":"pa_onaylar-ce","19":"pa_onaylar-rohs","20":"pa_onaylar-vde","21":"pa_onaylar-ul","22":"pa_onaylar-eac","23":"pa_pim-araligi-508mm","24":"pa_renk-secenekleri-mavi","25":"pa_renk-secenekleri-yesil","26":"pa_renk-secenekleri-turuncu","27":"pa_renk-secenekleri-gri","28":"pa_renk-secenekleri-siyah","29":"pa_renk-secenekleri-kirmizi","30":"pa_renk-siparis-kodu-10-602-mavi","31":"pa_renk-siparis-kodu-11-602-yesil","32":"pa_renk-siparis-kodu-12-602-turuncu","33":"pa_renk-siparis-kodu-13-602-siyah","34":"pa_renk-siparis-kodu-14-602-gri","35":"pa_renk-siparis-kodu-15-602-kirmizi","36":"pa_sira-sayisi-202","37":"pa_stok-rengi-mavi","38":"pa_stok-rengi-yesil","39":"pa_stok-rengi-turuncu","40":"pa_urun-grubu-soketli-klemensler","41":"pa_urun-tipi-erkek","42":"pa_urun-tipi-kablo-birlestirici-erkek","44":"first","45":"instock","46":"taxable","47":"shipping-taxable","48":"purchasable","49":"product-type-variable"},"_links":{"self":[{"href":"https:\/\/megaradar.com.tr\/shop\/wp-json\/wp\/v2\/product\/2213","targetHints":{"allow":["GET"]}}],"collection":[{"href":"https:\/\/megaradar.com.tr\/shop\/wp-json\/wp\/v2\/product"}],"about":[{"href":"https:\/\/megaradar.com.tr\/shop\/wp-json\/wp\/v2\/types\/product"}],"version-history":[{"count":0,"href":"https:\/\/megaradar.com.tr\/shop\/wp-json\/wp\/v2\/product\/2213\/revisions"}],"wp:featuredmedia":[{"embeddable":true,"href":"https:\/\/megaradar.com.tr\/shop\/wp-json\/wp\/v2\/media\/26065"}],"wp:attachment":[{"href":"https:\/\/megaradar.com.tr\/shop\/wp-json\/wp\/v2\/media?parent=2213"}],"wp:term":[{"taxonomy":"product_brand","embeddable":true,"href":"https:\/\/megaradar.com.tr\/shop\/wp-json\/wp\/v2\/product_brand?post=2213"},{"taxonomy":"product_cat","embeddable":true,"href":"https:\/\/megaradar.com.tr\/shop\/wp-json\/wp\/v2\/product_cat?post=2213"},{"taxonomy":"product_tag","embeddable":true,"href":"https:\/\/megaradar.com.tr\/shop\/wp-json\/wp\/v2\/product_tag?post=2213"}],"curies":[{"name":"wp","href":"https:\/\/api.w.org\/{rel}","templated":true}]}}