{"id":2553,"date":"2023-07-09T16:15:50","date_gmt":"2023-07-09T13:15:50","guid":{"rendered":"https:\/\/www.mgshop.mucizefikironline.com\/?post_type=product&#038;p=2553"},"modified":"2026-04-07T06:18:38","modified_gmt":"2026-04-07T03:18:38","slug":"508mm-ray-tipi-katli-soket-klemens-2x6-pim","status":"publish","type":"product","link":"https:\/\/megaradar.com.tr\/shop\/urun\/508mm-ray-tipi-katli-soket-klemens-2x6-pim\/","title":{"rendered":"5.08mm Ray Tipi Katl\u0131 Soket Klemens &#8211; 2&#215;6 Pim"},"content":{"rendered":"","protected":false},"excerpt":{"rendered":"<p class=\"s-desc-mg\"><span>Asans\u00f6r mekanizmal\u0131 vida ba\u011flant\u0131l\u0131 soketli PCB klemensi<\/span><span>2\u00d76 kutup<\/span><span>Max. iletken kesiti: <b>2.5mm\u00b2-14 AWG<\/b><\/span><span>Pim aral\u0131\u011f\u0131: <b>5.08mm<\/b><\/span><span>Nominal gerilim: <b>250V<\/b><\/span><span>Nominal ak\u0131m: <b>16A<\/b><\/span><\/p>\n<ul class=\"s-desc-mg-list\">\n<li>Mega Radar soketli ray klemensler dar alanlarda \u00e7oklu kablolama i\u00e7in idealdir.<\/li>\n<li>Etiket kimliklendirmesine ek olarak renk kodlamas\u0131 ile kablolama hatalar\u0131n\u0131 minimize etmek i\u00e7in tasarlanm\u0131\u015f \u00e7ok fonksiyonlu bir seridir.<\/li>\n<li>Soketli yap\u0131s\u0131 sayesinde tek seferde t\u00fcm kablolar\u0131 tak\u0131p \u00e7\u0131karabilir, zamandan tasarruf edebilirsiniz.<\/li>\n<li>Farkl\u0131 renk se\u00e7enekleriyle her katta istedi\u011finiz d\u00fczende bir kodlama olu\u015fturabilirsiniz.<\/li>\n<\/ul>\n<div class=\"color-table\">\n<div class=\"s-desc-mg-colors\">\n  <span>Renk se\u00e7enekleri<\/span><\/p>\n<div class=\"stock-colors\">\n    <span class=\"blue\"><i>Mavi<\/i><\/span><br \/>\n    <span class=\"green\"><i>Ye\u015fil<\/i><\/span><br \/>\n    <span class=\"orange\"><i>Turuncu<\/i><\/span><br \/>\n    <span class=\"black\"><i>Siyah<\/i><\/span><br \/>\n    <span class=\"gray\"><i>Gri<\/i><\/span><br \/>\n    <span class=\"red\"><i>K\u0131rm\u0131z\u0131<\/i><\/span>\n  <\/div>\n<\/div>\n<div class=\"s-desc-mg-stock\">\n  <span class=\"s-desc-mg-stock-title\">Stok rengi<\/span><\/p>\n<div class=\"stock-colors\">\n    <span class=\"blue\"><i>Mavi<\/i><\/span><br \/>\n    <span class=\"green\"><i>Ye\u015fil<\/i><\/span><br \/>\n    <span class=\"orange\"><i>Turuncu<\/i><\/span>\n  <\/div>\n<\/div>\n<\/div>\n","protected":false},"featured_media":28659,"template":"","meta":[],"product_brand":[],"product_cat":[98,17,96],"product_tag":[],"class_list":{"0":"post-2553","1":"product","2":"type-product","3":"status-publish","4":"has-post-thumbnail","6":"product_cat-508mm-soketli-ray-klemensler","7":"product_cat-soketli-klemensler-ve-konnektorler","8":"product_cat-soketli-ray-klemensler","9":"pa_aksesuarlar-ara-plaka","10":"pa_aksesuarlar-kodlama-pimi","11":"pa_anma-akimi-16a","12":"pa_anma-gerilimi-250v","13":"pa_iletken-baglanti-yonu-27","14":"pa_kutup-sayisi-138","15":"pa_montaj-tipi-35mm-din-ray","16":"pa_onaylar-ce","17":"pa_onaylar-eac","18":"pa_onaylar-rohs","19":"pa_onaylar-tse","20":"pa_onaylar-vde","21":"pa_pim-araligi-508mm","22":"pa_renk-secenekleri-gri","23":"pa_renk-secenekleri-kirmizi","24":"pa_renk-secenekleri-mavi","25":"pa_renk-secenekleri-siyah","26":"pa_renk-secenekleri-turuncu","27":"pa_renk-secenekleri-yesil","28":"pa_renk-siparis-kodu-10-676-mavi","29":"pa_renk-siparis-kodu-11-676-yesil","30":"pa_renk-siparis-kodu-12-676-turuncu","31":"pa_renk-siparis-kodu-13-676-siyah","32":"pa_renk-siparis-kodu-14-676-gri","33":"pa_renk-siparis-kodu-15-676-kirmizi","34":"pa_sira-sayisi-1037","35":"pa_stok-rengi-mavi","36":"pa_stok-rengi-yesil","37":"pa_urun-grubu-soketli-ray-klemensler","38":"pa_urun-tipi-erkek","39":"pa_urun-tipi-iki-katli","41":"first","42":"instock","43":"taxable","44":"shipping-taxable","45":"purchasable","46":"product-type-variable"},"_links":{"self":[{"href":"https:\/\/megaradar.com.tr\/shop\/wp-json\/wp\/v2\/product\/2553","targetHints":{"allow":["GET"]}}],"collection":[{"href":"https:\/\/megaradar.com.tr\/shop\/wp-json\/wp\/v2\/product"}],"about":[{"href":"https:\/\/megaradar.com.tr\/shop\/wp-json\/wp\/v2\/types\/product"}],"version-history":[{"count":1,"href":"https:\/\/megaradar.com.tr\/shop\/wp-json\/wp\/v2\/product\/2553\/revisions"}],"predecessor-version":[{"id":28661,"href":"https:\/\/megaradar.com.tr\/shop\/wp-json\/wp\/v2\/product\/2553\/revisions\/28661"}],"wp:featuredmedia":[{"embeddable":true,"href":"https:\/\/megaradar.com.tr\/shop\/wp-json\/wp\/v2\/media\/28659"}],"wp:attachment":[{"href":"https:\/\/megaradar.com.tr\/shop\/wp-json\/wp\/v2\/media?parent=2553"}],"wp:term":[{"taxonomy":"product_brand","embeddable":true,"href":"https:\/\/megaradar.com.tr\/shop\/wp-json\/wp\/v2\/product_brand?post=2553"},{"taxonomy":"product_cat","embeddable":true,"href":"https:\/\/megaradar.com.tr\/shop\/wp-json\/wp\/v2\/product_cat?post=2553"},{"taxonomy":"product_tag","embeddable":true,"href":"https:\/\/megaradar.com.tr\/shop\/wp-json\/wp\/v2\/product_tag?post=2553"}],"curies":[{"name":"wp","href":"https:\/\/api.w.org\/{rel}","templated":true}]}}