{"id":3508,"date":"2023-07-14T22:17:45","date_gmt":"2023-07-14T19:17:45","guid":{"rendered":"https:\/\/www.mgshop.mucizefikironline.com\/?post_type=product&#038;p=3508"},"modified":"2026-04-07T06:14:37","modified_gmt":"2026-04-07T03:14:37","slug":"508mm-moduler-baskili-devre-klemens-no0-3lu","status":"publish","type":"product","link":"https:\/\/megaradar.com.tr\/shop\/urun\/508mm-moduler-baskili-devre-klemens-no0-3lu\/","title":{"rendered":"5.08mm Mod\u00fcler Bask\u0131l\u0131 Devre Klemens NO:0 &#8211; 3l\u00fc"},"content":{"rendered":"","protected":false},"excerpt":{"rendered":"<p class=\"s-desc-mg\"><span>Asans\u00f6r mekanizmal\u0131 vida ba\u011flant\u0131l\u0131 mod\u00fcler PCB klemensi<\/span><span>3 kutup<\/span><span>Max. \u0130letken kesiti: <b>1.5mm\u00b2-16 AWG<\/b><\/span><span>Pim aral\u0131\u011f\u0131: <b>5.08mm<\/b><\/span><span>Nominal gerilim: <b>250V<\/b><\/span><span>Nominal ak\u0131m: <b>10A<\/b><\/span><\/p>\n<ul class=\"s-desc-mg-list\">\n<li>Mod\u00fcler PCB klemensler; kutup say\u0131s\u0131n\u0131 birbirine ge\u00e7irerek art\u0131rabilece\u011finiz, ay\u0131rarak ise azaltabilece\u011finiz mod\u00fcler bir yap\u0131dad\u0131r.<\/li>\n<li>Klemensi uzat\u0131p k\u0131saltarak ihtiyac\u0131n\u0131za g\u00f6re kolayl\u0131kla adapte edebilirsiniz.<\/li>\n<li>Farkl\u0131 renklerdeki \u00fcr\u00fcnleri birle\u015ftirerek renk kodlamas\u0131 yapabilir; b\u00f6ylece kablolaman\u0131n kolay ayr\u0131\u015ft\u0131r\u0131lmas\u0131n\u0131 sa\u011flayarak uygulama hatalar\u0131n\u0131n \u00f6n\u00fcne ge\u00e7ebilirsiniz.<\/li>\n<\/ul>\n<div class=\"color-table\">\n<div class=\"s-desc-mg-colors\">\n  <span>Renk se\u00e7enekleri<\/span><\/p>\n<div class=\"stock-colors\">\n    <span class=\"blue\"><i>Mavi<\/i><\/span><br \/>\n    <span class=\"green\"><i>Ye\u015fil<\/i><\/span><br \/>\n    <span class=\"orange\"><i>Turuncu<\/i><\/span><br \/>\n    <span class=\"black\"><i>Siyah<\/i><\/span><br \/>\n    <span class=\"gray\"><i>Gri<\/i><\/span><br \/>\n    <span class=\"red\"><i>K\u0131rm\u0131z\u0131<\/i><\/span>\n  <\/div>\n<\/div>\n<div class=\"s-desc-mg-stock\">\n  <span class=\"s-desc-mg-stock-title\">Stok rengi<\/span><\/p>\n<div class=\"stock-colors\">\n    <span class=\"blue\"><i>Mavi<\/i><\/span><br \/>\n    <span class=\"green\"><i>Ye\u015fil<\/i><\/span><br \/>\n    <span class=\"orange\"><i>Turuncu<\/i><\/span>\n  <\/div>\n<\/div>\n<\/div>\n","protected":false},"featured_media":25422,"template":"","meta":[],"product_brand":[],"product_cat":[48,43],"product_tag":[],"class_list":{"0":"post-3508","1":"product","2":"type-product","3":"status-publish","4":"has-post-thumbnail","6":"product_cat-508mm-modul","7":"product_cat-moduler-pcb-klemensleri","8":"pa_anma-akimi-10a","9":"pa_anma-gerilimi-250v","10":"pa_baglanti-tipi-asansor-mekanizmali-vida-baglanti","11":"pa_iletken-baglanti-kesiti-025mm-23-awg","12":"pa_iletken-baglanti-kesiti-15mm-16-awg","13":"pa_iletken-baglanti-kesiti-1mm-18awg","14":"pa_iletken-baglanti-yonu-27","15":"pa_kutup-sayisi-135","16":"pa_montaj-tipi-dalga-lehimleme","17":"pa_onaylar-ce","18":"pa_onaylar-eac","19":"pa_onaylar-rohs","20":"pa_onaylar-tse","21":"pa_pim-araligi-508mm","22":"pa_renk-secenekleri-gri","23":"pa_renk-secenekleri-kirmizi","24":"pa_renk-secenekleri-mavi","25":"pa_renk-secenekleri-siyah","26":"pa_renk-secenekleri-turuncu","27":"pa_renk-secenekleri-yesil","28":"pa_renk-siparis-kodu-20-140-mavi","29":"pa_renk-siparis-kodu-21-140-yesil","30":"pa_renk-siparis-kodu-22-140-turuncu","31":"pa_renk-siparis-kodu-23-140-siyah","32":"pa_renk-siparis-kodu-24-140-gri","33":"pa_renk-siparis-kodu-25-140-kirmizi","34":"pa_sira-sayisi-202","35":"pa_stok-rengi-mavi","36":"pa_stok-rengi-yesil","37":"pa_urun-grubu-moduler-pcb-klemensleri","38":"pa_urun-tipi-moduler","40":"first","41":"instock","42":"taxable","43":"shipping-taxable","44":"purchasable","45":"product-type-variable"},"_links":{"self":[{"href":"https:\/\/megaradar.com.tr\/shop\/wp-json\/wp\/v2\/product\/3508","targetHints":{"allow":["GET"]}}],"collection":[{"href":"https:\/\/megaradar.com.tr\/shop\/wp-json\/wp\/v2\/product"}],"about":[{"href":"https:\/\/megaradar.com.tr\/shop\/wp-json\/wp\/v2\/types\/product"}],"version-history":[{"count":0,"href":"https:\/\/megaradar.com.tr\/shop\/wp-json\/wp\/v2\/product\/3508\/revisions"}],"wp:featuredmedia":[{"embeddable":true,"href":"https:\/\/megaradar.com.tr\/shop\/wp-json\/wp\/v2\/media\/25422"}],"wp:attachment":[{"href":"https:\/\/megaradar.com.tr\/shop\/wp-json\/wp\/v2\/media?parent=3508"}],"wp:term":[{"taxonomy":"product_brand","embeddable":true,"href":"https:\/\/megaradar.com.tr\/shop\/wp-json\/wp\/v2\/product_brand?post=3508"},{"taxonomy":"product_cat","embeddable":true,"href":"https:\/\/megaradar.com.tr\/shop\/wp-json\/wp\/v2\/product_cat?post=3508"},{"taxonomy":"product_tag","embeddable":true,"href":"https:\/\/megaradar.com.tr\/shop\/wp-json\/wp\/v2\/product_tag?post=3508"}],"curies":[{"name":"wp","href":"https:\/\/api.w.org\/{rel}","templated":true}]}}