{"id":375,"date":"2023-05-16T02:00:05","date_gmt":"2023-05-15T23:00:05","guid":{"rendered":"https:\/\/www.mgshop.mucizefikironline.com\/?post_type=product&#038;p=375"},"modified":"2026-03-02T14:43:49","modified_gmt":"2026-03-02T11:43:49","slug":"381mm-disi-soket-klemens-5-pim","status":"publish","type":"product","link":"https:\/\/megaradar.com.tr\/shop\/urun\/381mm-disi-soket-klemens-5-pim\/","title":{"rendered":"3.81mm Di\u015fi Soket Klemens &#8211; 5 Pim"},"content":{"rendered":"","protected":false},"excerpt":{"rendered":"<p class=\"s-desc-mg\"><span>Asans\u00f6r mekanizmal\u0131 vida ba\u011flant\u0131l\u0131 soketli PCB klemensi<\/span><span>5 kutup<\/span><span>Max. iletken kesiti: <b>1.5mm\u00b2-16 AWG<\/b><\/span><span>Pim aral\u0131\u011f\u0131: <b>3.81mm<\/b><\/span><span>Nominal gerilim: <b>160V<\/b><\/span><span>Nominal ak\u0131m: <b>8A<\/b><\/span><\/p>\n<ul class=\"s-desc-mg-list\">\n<li>Kablodan kabloya ba\u011flant\u0131, raya montaj ve y\u00fczeye montaj se\u00e7enekleriyle \u00fc\u00e7 farkl\u0131 kullan\u0131m imkan\u0131 sunar.<\/li>\n<li>Ray distanslar\u0131\/montaj braketleri ile raya montajlanabilir.<\/li>\n<li>Klemens \u00fczerindeki delikler arac\u0131l\u0131\u011f\u0131yla; vida ile y\u00fczeye kolayca sabitlenebilir.<\/li>\n<\/ul>\n<div class=\"color-table\">\n<div class=\"s-desc-mg-colors\">\n  <span>Renk se\u00e7enekleri<\/span><\/p>\n<div class=\"stock-colors\">\n    <span class=\"blue\"><i>Mavi<\/i><\/span><br \/>\n    <span class=\"green\"><i>Ye\u015fil<\/i><\/span><br \/>\n    <span class=\"orange\"><i>Turuncu<\/i><\/span><br \/>\n    <span class=\"black\"><i>Siyah<\/i><\/span><br \/>\n    <span class=\"gray\"><i>Gri<\/i><\/span><br \/>\n    <span class=\"red\"><i>K\u0131rm\u0131z\u0131<\/i><\/span>\n  <\/div>\n<\/div>\n<div class=\"s-desc-mg-stock\">\n  <span class=\"s-desc-mg-stock-title\">Stok rengi<\/span><\/p>\n<div class=\"stock-colors\">\n    <span class=\"green\"><i>Ye\u015fil<\/i><\/span>\n  <\/div>\n<\/div>\n<\/div>\n","protected":false},"featured_media":25546,"template":"","meta":[],"product_brand":[],"product_cat":[101,17,95],"product_tag":[],"class_list":{"0":"post-375","1":"product","2":"type-product","3":"status-publish","4":"has-post-thumbnail","6":"product_cat-381mm-soketli-konnektorler","7":"product_cat-soketli-klemensler-ve-konnektorler","8":"product_cat-soketli-konnektorler","9":"pa_anma-akimi-8a","10":"pa_anma-gerilimi-160v","11":"pa_baglanti-tipi-asansor-mekanizmali-vida-baglanti","12":"pa_iletken-baglanti-kesiti-0-25mm-23awg","13":"pa_iletken-baglanti-kesiti-15mm-16-awg","14":"pa_iletken-baglanti-kesiti-1mm-18awg-2","15":"pa_iletken-baglanti-yonu-27","16":"pa_kutup-sayisi-137","17":"pa_montaj-tipi-kablodan-kabloya","18":"pa_onaylar-ce","19":"pa_onaylar-eac","20":"pa_onaylar-rohs","21":"pa_onaylar-tse","22":"pa_onaylar-ul","23":"pa_onaylar-vde","24":"pa_pim-araligi-381mm","25":"pa_renk-secenekleri-gri","26":"pa_renk-secenekleri-kirmizi","27":"pa_renk-secenekleri-mavi","28":"pa_renk-secenekleri-siyah","29":"pa_renk-secenekleri-turuncu","30":"pa_renk-secenekleri-yesil","31":"pa_sira-sayisi-202","32":"pa_stok-rengi-yesil","33":"pa_urun-grubu-soketli-klemensler","34":"pa_urun-rengi-siparis-kodu-10-017-mavi","35":"pa_urun-rengi-siparis-kodu-11-017-yesil","36":"pa_urun-rengi-siparis-kodu-12-017-turuncu","37":"pa_urun-rengi-siparis-kodu-13-017-siyah","38":"pa_urun-rengi-siparis-kodu-14-017-gri","39":"pa_urun-rengi-siparis-kodu-15-017-kirmizi","40":"pa_urun-tipi-disi","42":"first","43":"instock","44":"taxable","45":"shipping-taxable","46":"purchasable","47":"product-type-variable"},"_links":{"self":[{"href":"https:\/\/megaradar.com.tr\/shop\/wp-json\/wp\/v2\/product\/375","targetHints":{"allow":["GET"]}}],"collection":[{"href":"https:\/\/megaradar.com.tr\/shop\/wp-json\/wp\/v2\/product"}],"about":[{"href":"https:\/\/megaradar.com.tr\/shop\/wp-json\/wp\/v2\/types\/product"}],"version-history":[{"count":0,"href":"https:\/\/megaradar.com.tr\/shop\/wp-json\/wp\/v2\/product\/375\/revisions"}],"wp:featuredmedia":[{"embeddable":true,"href":"https:\/\/megaradar.com.tr\/shop\/wp-json\/wp\/v2\/media\/25546"}],"wp:attachment":[{"href":"https:\/\/megaradar.com.tr\/shop\/wp-json\/wp\/v2\/media?parent=375"}],"wp:term":[{"taxonomy":"product_brand","embeddable":true,"href":"https:\/\/megaradar.com.tr\/shop\/wp-json\/wp\/v2\/product_brand?post=375"},{"taxonomy":"product_cat","embeddable":true,"href":"https:\/\/megaradar.com.tr\/shop\/wp-json\/wp\/v2\/product_cat?post=375"},{"taxonomy":"product_tag","embeddable":true,"href":"https:\/\/megaradar.com.tr\/shop\/wp-json\/wp\/v2\/product_tag?post=375"}],"curies":[{"name":"wp","href":"https:\/\/api.w.org\/{rel}","templated":true}]}}