{"id":3762,"date":"2023-07-15T20:21:55","date_gmt":"2023-07-15T17:21:55","guid":{"rendered":"https:\/\/www.mgshop.mucizefikironline.com\/?post_type=product&#038;p=3762"},"modified":"2026-04-07T06:18:34","modified_gmt":"2026-04-07T03:18:34","slug":"pim-araligi-arttirici-1016mm-moduler-klemens-icin","status":"publish","type":"product","link":"https:\/\/megaradar.com.tr\/shop\/urun\/pim-araligi-arttirici-1016mm-moduler-klemens-icin\/","title":{"rendered":"Pim Aral\u0131\u011f\u0131 Artt\u0131r\u0131c\u0131 &#8211; 10.16mm Mod\u00fcler Klemens i\u00e7in"},"content":{"rendered":"","protected":false},"excerpt":{"rendered":"<div itemprop=\"description\">\n<p class=\"s-desc-mg\"><span>Plaka boyutu: <b>2.54mm<\/b><\/span><span>10,16mm mod\u00fcl\u00fcn ara plaka kombinasyonu ile elektriksel verileri: <b>800V nominal gerilim<\/b><\/span><span>Pim aral\u0131\u011f\u0131: <b>10.16\u00d712.7mm<\/b><\/span><\/p>\n<ul class=\"s-desc-mg-list\">\n<li>Ara plaka pim aral\u0131\u011f\u0131n\u0131 artt\u0131rarak amper sabit kalmak \u015fart\u0131yla gerilimi 800V\u2019a kadar y\u00fckseltir.<\/li>\n<\/ul>\n<div class=\"color-table\">\n<div class=\"s-desc-mg-colors\">\n  <span>Renk se\u00e7enekleri<\/span><\/p>\n<div class=\"stock-colors\">\n    <span class=\"blue\"><i>Mavi<\/i><\/span><br \/>\n    <span class=\"green\"><i>Ye\u015fil<\/i><\/span><br \/>\n    <span class=\"orange\"><i>Turuncu<\/i><\/span><br \/>\n    <span class=\"black\"><i>Siyah<\/i><\/span><br \/>\n    <span class=\"gray\"><i>Gri<\/i><\/span><br \/>\n    <span class=\"red\"><i>K\u0131rm\u0131z\u0131<\/i><\/span>\n  <\/div>\n<\/div>\n<div class=\"s-desc-mg-stock\">\n  <span class=\"s-desc-mg-stock-title\">Stok rengi<\/span><\/p>\n<div class=\"stock-colors\">\n    <span class=\"blue\"><i>Mavi<\/i><\/span><br \/>\n    <span class=\"green\"><i>Ye\u015fil<\/i><\/span><br \/>\n    <span class=\"orange\"><i>Turuncu<\/i><\/span>\n  <\/div>\n<\/div>\n<\/div>\n<\/div>\n","protected":false},"featured_media":25467,"template":"","meta":[],"product_brand":[],"product_cat":[54,43,68],"product_tag":[],"class_list":{"0":"post-3762","1":"product","2":"type-product","3":"status-publish","4":"has-post-thumbnail","6":"product_cat-1016mm-modul","7":"product_cat-moduler-pcb-klemensleri","8":"product_cat-tamamlayici-urunler","9":"pa_onaylar-ce","10":"pa_onaylar-eac","11":"pa_onaylar-rohs","12":"pa_onaylar-tse","13":"pa_renk-secenekleri-gri","14":"pa_renk-secenekleri-kirmizi","15":"pa_renk-secenekleri-mavi","16":"pa_renk-secenekleri-siyah","17":"pa_renk-secenekleri-turuncu","18":"pa_renk-secenekleri-yesil","19":"pa_stok-rengi-mavi","20":"pa_stok-rengi-yesil","21":"pa_urun-grubu-tamamlayici-urunler","22":"pa_urun-rengi-siparis-kodu-20-620-mavi","23":"pa_urun-rengi-siparis-kodu-21-620-yesil","24":"pa_urun-rengi-siparis-kodu-22-620-turuncu","25":"pa_urun-rengi-siparis-kodu-23-620-siyah","26":"pa_urun-rengi-siparis-kodu-24-620-gri","27":"pa_urun-rengi-siparis-kodu-25-620-kirmizi","28":"pa_urun-tipi-pim-araligi-arttirici","30":"first","31":"instock","32":"taxable","33":"shipping-taxable","34":"purchasable","35":"product-type-variable"},"_links":{"self":[{"href":"https:\/\/megaradar.com.tr\/shop\/wp-json\/wp\/v2\/product\/3762","targetHints":{"allow":["GET"]}}],"collection":[{"href":"https:\/\/megaradar.com.tr\/shop\/wp-json\/wp\/v2\/product"}],"about":[{"href":"https:\/\/megaradar.com.tr\/shop\/wp-json\/wp\/v2\/types\/product"}],"version-history":[{"count":0,"href":"https:\/\/megaradar.com.tr\/shop\/wp-json\/wp\/v2\/product\/3762\/revisions"}],"wp:featuredmedia":[{"embeddable":true,"href":"https:\/\/megaradar.com.tr\/shop\/wp-json\/wp\/v2\/media\/25467"}],"wp:attachment":[{"href":"https:\/\/megaradar.com.tr\/shop\/wp-json\/wp\/v2\/media?parent=3762"}],"wp:term":[{"taxonomy":"product_brand","embeddable":true,"href":"https:\/\/megaradar.com.tr\/shop\/wp-json\/wp\/v2\/product_brand?post=3762"},{"taxonomy":"product_cat","embeddable":true,"href":"https:\/\/megaradar.com.tr\/shop\/wp-json\/wp\/v2\/product_cat?post=3762"},{"taxonomy":"product_tag","embeddable":true,"href":"https:\/\/megaradar.com.tr\/shop\/wp-json\/wp\/v2\/product_tag?post=3762"}],"curies":[{"name":"wp","href":"https:\/\/api.w.org\/{rel}","templated":true}]}}