{"id":3775,"date":"2023-07-15T21:06:11","date_gmt":"2023-07-15T18:06:11","guid":{"rendered":"https:\/\/www.mgshop.mucizefikironline.com\/?post_type=product&#038;p=3775"},"modified":"2026-04-07T07:04:08","modified_gmt":"2026-04-07T04:04:08","slug":"381x127x1524mm-baskili-devre-modul-guc-klemensi","status":"publish","type":"product","link":"https:\/\/megaradar.com.tr\/shop\/urun\/381x127x1524mm-baskili-devre-modul-guc-klemensi\/","title":{"rendered":"3.81&#215;12.7&#215;15.24mm Bask\u0131l\u0131 Devre Mod\u00fcl G\u00fc\u00e7 Klemensi"},"content":{"rendered":"","protected":false},"excerpt":{"rendered":"<p class=\"s-desc-mg\"><span>Asans\u00f6r mekanizmal\u0131 vida ba\u011flant\u0131l\u0131 mod\u00fcler PCB klemensi<\/span><span>1 kutup<\/span><span>Max. iletken kesiti: <b>16mm\u00b2- 6AWG<\/b><\/span><span>Pim aral\u0131\u011f\u0131: <b>3.81\u00d712.7\u00d715.24mm<\/b><\/span><span>Nominal gerilim: <b>800V<\/b><\/span><span>Nominal ak\u0131m: <b>76A<\/b><\/span><\/p>\n<ul class=\"s-desc-mg-list\">\n<li>Mod\u00fcler PCB klemensler; kutup say\u0131s\u0131n\u0131 birbirine ge\u00e7irerek art\u0131rabilece\u011finiz, ay\u0131rarak ise azaltabilece\u011finiz mod\u00fcler bir yap\u0131dad\u0131r.<\/li>\n<li>Klemensi uzat\u0131p k\u0131saltarak ihtiyac\u0131n\u0131za g\u00f6re kolayl\u0131kla adapte edebilirsiniz.<\/li>\n<li>Farkl\u0131 renklerdeki \u00fcr\u00fcnleri birle\u015ftirerek renk kodlamas\u0131 yapabilir; b\u00f6ylece kablolaman\u0131n kolay ayr\u0131\u015ft\u0131r\u0131lmas\u0131n\u0131 sa\u011flayarak uygulama hatalar\u0131n\u0131n \u00f6n\u00fcne ge\u00e7ebilirsiniz.<\/li>\n<\/ul>\n<div class=\"color-table\">\n<div class=\"s-desc-mg-colors\">\n  <span>Renk se\u00e7enekleri<\/span><\/p>\n<div class=\"stock-colors\">\n    <span class=\"blue\"><i>Mavi<\/i><\/span><br \/>\n    <span class=\"green\"><i>Ye\u015fil<\/i><\/span><br \/>\n    <span class=\"orange\"><i>Turuncu<\/i><\/span><br \/>\n    <span class=\"black\"><i>Siyah<\/i><\/span><br \/>\n    <span class=\"gray\"><i>Gri<\/i><\/span><br \/>\n    <span class=\"red\"><i>K\u0131rm\u0131z\u0131<\/i><\/span>\n  <\/div>\n<\/div>\n<div class=\"s-desc-mg-stock\">\n  <span class=\"s-desc-mg-stock-title\">Stok rengi<\/span><\/p>\n<div class=\"stock-colors\">\n    <span class=\"blue\"><i>Mavi<\/i><\/span><br \/>\n    <span class=\"green\"><i>Ye\u015fil<\/i><\/span><br \/>\n    <span class=\"orange\"><i>Turuncu<\/i><\/span>\n  <\/div>\n<\/div>\n<\/div>\n","protected":false},"featured_media":25382,"template":"","meta":[],"product_brand":[],"product_cat":[55,43],"product_tag":[],"class_list":{"0":"post-3775","1":"product","2":"type-product","3":"status-publish","4":"has-post-thumbnail","6":"product_cat-381x127x1524mm-guc-klemensi","7":"product_cat-moduler-pcb-klemensleri","8":"pa_anma-akimi-76a","9":"pa_anma-gerilimi-800v","10":"pa_baglanti-tipi-asansor-mekanizmali-vida-baglanti","11":"pa_iletken-baglanti-kesiti-034mm-22-awg","12":"pa_iletken-baglanti-kesiti-05mm-20awg","13":"pa_iletken-baglanti-kesiti-15mm-16-awg","14":"pa_iletken-baglanti-kesiti-10mm-8-awg","15":"pa_iletken-baglanti-kesiti-16mm-6-awg","16":"pa_iletken-baglanti-kesiti-1mm-18awg","17":"pa_iletken-baglanti-kesiti-25mm-14-awg","18":"pa_iletken-baglanti-kesiti-4mm-12-awg","19":"pa_iletken-baglanti-kesiti-6mm-10-awg","20":"pa_iletken-baglanti-yonu-27","21":"pa_kutup-sayisi-135","22":"pa_montaj-tipi-dalga-lehimleme","23":"pa_onaylar-ce","24":"pa_onaylar-eac","25":"pa_onaylar-rohs","26":"pa_onaylar-tse","27":"pa_pim-araligi-381x127x1524mm","28":"pa_renk-secenekleri-gri","29":"pa_renk-secenekleri-kirmizi","30":"pa_renk-secenekleri-mavi","31":"pa_renk-secenekleri-siyah","32":"pa_renk-secenekleri-turuncu","33":"pa_renk-secenekleri-yesil","34":"pa_renk-siparis-kodu-20-660-mavi","35":"pa_renk-siparis-kodu-21-660-yesil","36":"pa_renk-siparis-kodu-22-660-turuncu","37":"pa_renk-siparis-kodu-23-660-siyah","38":"pa_renk-siparis-kodu-24-660-gri","39":"pa_renk-siparis-kodu-25-660-kirmizi","40":"pa_sira-sayisi-202","41":"pa_stok-rengi-yesil","42":"pa_urun-grubu-moduler-pcb-klemensleri","43":"pa_urun-tipi-moduler","45":"first","46":"instock","47":"taxable","48":"shipping-taxable","49":"purchasable","50":"product-type-variable"},"_links":{"self":[{"href":"https:\/\/megaradar.com.tr\/shop\/wp-json\/wp\/v2\/product\/3775","targetHints":{"allow":["GET"]}}],"collection":[{"href":"https:\/\/megaradar.com.tr\/shop\/wp-json\/wp\/v2\/product"}],"about":[{"href":"https:\/\/megaradar.com.tr\/shop\/wp-json\/wp\/v2\/types\/product"}],"version-history":[{"count":1,"href":"https:\/\/megaradar.com.tr\/shop\/wp-json\/wp\/v2\/product\/3775\/revisions"}],"predecessor-version":[{"id":28705,"href":"https:\/\/megaradar.com.tr\/shop\/wp-json\/wp\/v2\/product\/3775\/revisions\/28705"}],"wp:featuredmedia":[{"embeddable":true,"href":"https:\/\/megaradar.com.tr\/shop\/wp-json\/wp\/v2\/media\/25382"}],"wp:attachment":[{"href":"https:\/\/megaradar.com.tr\/shop\/wp-json\/wp\/v2\/media?parent=3775"}],"wp:term":[{"taxonomy":"product_brand","embeddable":true,"href":"https:\/\/megaradar.com.tr\/shop\/wp-json\/wp\/v2\/product_brand?post=3775"},{"taxonomy":"product_cat","embeddable":true,"href":"https:\/\/megaradar.com.tr\/shop\/wp-json\/wp\/v2\/product_cat?post=3775"},{"taxonomy":"product_tag","embeddable":true,"href":"https:\/\/megaradar.com.tr\/shop\/wp-json\/wp\/v2\/product_tag?post=3775"}],"curies":[{"name":"wp","href":"https:\/\/api.w.org\/{rel}","templated":true}]}}