{"id":3976,"date":"2023-07-17T16:04:42","date_gmt":"2023-07-17T16:04:42","guid":{"rendered":"https:\/\/www.mgshop.mucizefikironline.com\/?post_type=product&#038;p=3976"},"modified":"2026-03-02T14:10:28","modified_gmt":"2026-03-02T11:10:28","slug":"72mm-kart-yuvasi-profil-1m","status":"publish","type":"product","link":"https:\/\/megaradar.com.tr\/shop\/urun\/72mm-kart-yuvasi-profil-1m\/","title":{"rendered":"72mm Kart Yuvas\u0131 Profil 1m"},"content":{"rendered":"","protected":false},"excerpt":{"rendered":"<p class=\"s-desc-mg\"><span>PCB kart yuvas\u0131<\/span><span>Uygun PCB geni\u015fli\u011fi: <b>72mm<\/b><\/span><span>Montaj tipi: <b>35mm DIN ray<\/b><\/span><span>Profil uzunlu\u011fu: <b>1 metre<\/b><\/span><\/p>\n<ul class=\"s-desc-mg-list\">\n<li>Plastik PCB kart y\u00fckseltici distanslar, elektronik devreler aras\u0131nda g\u00fcvenli bir mesafe sa\u011flamak i\u00e7in tasarlanm\u0131\u015ft\u0131r.<\/li>\n<li>Tak\u0131p \u00e7\u0131karmas\u0131 son derece kolayd\u0131r; alet gerektirmez.<\/li>\n<li>Dayan\u0131kl\u0131 ve esnek malzemelerden \u00fcretilen bu par\u00e7alar, projelerinizde uzun \u00f6m\u00fcrl\u00fc ve g\u00fcvenilir bir performans sunar.<\/li>\n<li>Standart d\u0131\u015f\u0131 ihtiya\u00e7lar\u0131n\u0131z i\u00e7in \u00f6zel tasar\u0131m ve \u00fcretim yap\u0131labilmektedir.<\/li>\n<\/ul>\n<div class=\"color-table\">\n<div class=\"s-desc-mg-colors\">\n  <span>Renk se\u00e7enekleri<\/span><\/p>\n<div class=\"stock-colors\">\n    <span class=\"green\"><i>Ye\u015fil<\/i><\/span>\n  <\/div>\n<\/div>\n<div class=\"s-desc-mg-stock\">\n  <span class=\"s-desc-mg-stock-title\">Stok rengi<\/span><\/p>\n<div class=\"stock-colors\">\n    <span class=\"green\"><i>Ye\u015fil<\/i><\/span>\n  <\/div>\n<\/div>\n<\/div>\n","protected":false},"featured_media":26263,"template":"","meta":[],"product_brand":[],"product_cat":[59,57],"product_tag":[],"class_list":{"0":"post-3976","1":"product","2":"type-product","3":"status-publish","4":"has-post-thumbnail","6":"product_cat-72mm-profil","7":"product_cat-din-ray-pcb-kart-yuvalari","8":"pa_montaj-tipi-35mm-din-ray","9":"pa_onaylar-ce","10":"pa_onaylar-eac","11":"pa_onaylar-rohs","12":"pa_onaylar-tse","13":"pa_pcb-genisligi-72mm","14":"pa_renk-secenekleri-yesil","15":"pa_stok-rengi-yesil","16":"pa_urun-grubu-din-ray-pcb-kart-yuvalari","17":"pa_urun-rengi-siparis-kodu-51-450-yesil","18":"pa_urun-tipi-profil","20":"first","21":"instock","22":"taxable","23":"shipping-taxable","24":"purchasable","25":"product-type-variable"},"_links":{"self":[{"href":"https:\/\/megaradar.com.tr\/shop\/wp-json\/wp\/v2\/product\/3976","targetHints":{"allow":["GET"]}}],"collection":[{"href":"https:\/\/megaradar.com.tr\/shop\/wp-json\/wp\/v2\/product"}],"about":[{"href":"https:\/\/megaradar.com.tr\/shop\/wp-json\/wp\/v2\/types\/product"}],"version-history":[{"count":0,"href":"https:\/\/megaradar.com.tr\/shop\/wp-json\/wp\/v2\/product\/3976\/revisions"}],"wp:featuredmedia":[{"embeddable":true,"href":"https:\/\/megaradar.com.tr\/shop\/wp-json\/wp\/v2\/media\/26263"}],"wp:attachment":[{"href":"https:\/\/megaradar.com.tr\/shop\/wp-json\/wp\/v2\/media?parent=3976"}],"wp:term":[{"taxonomy":"product_brand","embeddable":true,"href":"https:\/\/megaradar.com.tr\/shop\/wp-json\/wp\/v2\/product_brand?post=3976"},{"taxonomy":"product_cat","embeddable":true,"href":"https:\/\/megaradar.com.tr\/shop\/wp-json\/wp\/v2\/product_cat?post=3976"},{"taxonomy":"product_tag","embeddable":true,"href":"https:\/\/megaradar.com.tr\/shop\/wp-json\/wp\/v2\/product_tag?post=3976"}],"curies":[{"name":"wp","href":"https:\/\/api.w.org\/{rel}","templated":true}]}}