{"id":3989,"date":"2023-07-17T19:25:33","date_gmt":"2023-07-17T16:25:33","guid":{"rendered":"https:\/\/www.mgshop.mucizefikironline.com\/?post_type=product&#038;p=3989"},"modified":"2026-03-02T14:11:36","modified_gmt":"2026-03-02T11:11:36","slug":"72mm-din-ray-pcb-kart-yuvasi-profil-2m","status":"publish","type":"product","link":"https:\/\/megaradar.com.tr\/shop\/urun\/72mm-din-ray-pcb-kart-yuvasi-profil-2m\/","title":{"rendered":"72mm DIN Ray PCB Kart Yuvas\u0131 &#8211; Profil 2m"},"content":{"rendered":"<p><a title=\"\u0130ndir\" href=\"https:\/\/www.megaradar.com.tr\/index.php?route=extension\/module\/mmos_attachmanager\/getfile&amp;product_attach_file_id=1568\">72-kart-yuvasi-profil-2m.dxf<\/a><\/p>\n","protected":false},"excerpt":{"rendered":"<p class=\"s-desc-mg\"><span>PCB kart yuvas\u0131<\/span><span>Uygun PCB geni\u015fli\u011fi: <b>72mm<\/b><\/span><span>Montaj tipi: <b>35mm DIN ray<\/b><\/span><span>Profil uzunlu\u011fu: <b>2 metre<\/b><\/span><\/p>\n<ul class=\"s-desc-mg-list\">\n<li>DIN Ray Tipi PCB Kart Yuvalar\u0131, bask\u0131l\u0131 devre kartlar\u0131n\u0131 (PCB) 35mm DIN raylar\u0131na g\u00fcvenli ve sa\u011flam bir \u015fekilde monte etmek i\u00e7in tasarlanm\u0131\u015ft\u0131r.<\/li>\n<li>Dayan\u0131kl\u0131 profil yap\u0131s\u0131 kart\u0131 s\u0131k\u0131ca kavrarken, ge\u00e7meli (klipsli) ayaklar alet gerektirmeden h\u0131zl\u0131 montaja olanak tan\u0131r.<\/li>\n<li>Uygulaman\u0131za tam uyum sa\u011flayan, size \u00f6zel PCB kart yuvalar\u0131 \u00fcretmemiz i\u00e7in PCB \u00f6l\u00e7\u00fclerinizi iletmeniz yeterlidir.<\/li>\n<\/ul>\n<div class=\"color-table\">\n<div class=\"s-desc-mg-colors\">\n  <span>Renk se\u00e7enekleri<\/span><\/p>\n<div class=\"stock-colors\">\n    <span class=\"green\"><i>Ye\u015fil<\/i><\/span>\n  <\/div>\n<\/div>\n<div class=\"s-desc-mg-stock\">\n  <span class=\"s-desc-mg-stock-title\">Stok rengi<\/span><\/p>\n<div class=\"stock-colors\">\n    <span class=\"green\"><i>Ye\u015fil<\/i><\/span>\n  <\/div>\n<\/div>\n<\/div>\n","protected":false},"featured_media":26254,"template":"","meta":[],"product_brand":[],"product_cat":[59,57],"product_tag":[],"class_list":{"0":"post-3989","1":"product","2":"type-product","3":"status-publish","4":"has-post-thumbnail","6":"product_cat-72mm-profil","7":"product_cat-din-ray-pcb-kart-yuvalari","8":"pa_montaj-tipi-35mm-din-ray","9":"pa_onaylar-ce","10":"pa_onaylar-eac","11":"pa_onaylar-rohs","12":"pa_onaylar-tse","13":"pa_pcb-genisligi-72mm","14":"pa_renk-secenekleri-yesil","15":"pa_stok-rengi-yesil","16":"pa_urun-grubu-din-ray-pcb-kart-yuvalari","17":"pa_urun-rengi-siparis-kodu-51-475-yesil","18":"pa_urun-tipi-profil","20":"first","21":"instock","22":"taxable","23":"shipping-taxable","24":"purchasable","25":"product-type-variable"},"_links":{"self":[{"href":"https:\/\/megaradar.com.tr\/shop\/wp-json\/wp\/v2\/product\/3989","targetHints":{"allow":["GET"]}}],"collection":[{"href":"https:\/\/megaradar.com.tr\/shop\/wp-json\/wp\/v2\/product"}],"about":[{"href":"https:\/\/megaradar.com.tr\/shop\/wp-json\/wp\/v2\/types\/product"}],"version-history":[{"count":0,"href":"https:\/\/megaradar.com.tr\/shop\/wp-json\/wp\/v2\/product\/3989\/revisions"}],"wp:featuredmedia":[{"embeddable":true,"href":"https:\/\/megaradar.com.tr\/shop\/wp-json\/wp\/v2\/media\/26254"}],"wp:attachment":[{"href":"https:\/\/megaradar.com.tr\/shop\/wp-json\/wp\/v2\/media?parent=3989"}],"wp:term":[{"taxonomy":"product_brand","embeddable":true,"href":"https:\/\/megaradar.com.tr\/shop\/wp-json\/wp\/v2\/product_brand?post=3989"},{"taxonomy":"product_cat","embeddable":true,"href":"https:\/\/megaradar.com.tr\/shop\/wp-json\/wp\/v2\/product_cat?post=3989"},{"taxonomy":"product_tag","embeddable":true,"href":"https:\/\/megaradar.com.tr\/shop\/wp-json\/wp\/v2\/product_tag?post=3989"}],"curies":[{"name":"wp","href":"https:\/\/api.w.org\/{rel}","templated":true}]}}