{"id":4215,"date":"2023-07-20T00:43:17","date_gmt":"2023-07-19T21:43:17","guid":{"rendered":"https:\/\/www.mgshop.mucizefikironline.com\/?post_type=product&#038;p=4215"},"modified":"2026-04-07T06:18:34","modified_gmt":"2026-04-07T03:18:34","slug":"508mm-762mm-kablo-birlestirici-din-ray-distans","status":"publish","type":"product","link":"https:\/\/megaradar.com.tr\/shop\/urun\/508mm-762mm-kablo-birlestirici-din-ray-distans\/","title":{"rendered":"5.08mm ve 7.62mm Kablo Birle\u015ftirici DIN Ray Distans"},"content":{"rendered":"","protected":false},"excerpt":{"rendered":"<div itemprop=\"description\">\n<p class=\"s-desc-mg\"><span>Montaj tipi: <b>35mm DIN ray<\/b><\/span><span>Delik \u00e7ap\u0131: <b>\u00d82.35mm<\/b><\/span><\/p>\n<ul class=\"s-desc-mg-list\">\n<li>Kablo birle\u015ftirici ray distanslar, 5.08mm ve 7.62mm pin aral\u0131\u011f\u0131na sahip kablo birle\u015ftirici klemenslerin 35mm DIN raylar\u0131na kolayca ve g\u00fcvenle monte edilmesini sa\u011flar.<\/li>\n<\/ul>\n<div class=\"color-table\">\n<div class=\"s-desc-mg-colors\">\n      <span>Renk se\u00e7enekleri<\/span><\/p>\n<div class=\"stock-colors\">\n        <span class=\"blue\"><i>Mavi<\/i><\/span><br \/>\n        <span class=\"green\"><i>Ye\u015fil<\/i><\/span><br \/>\n        <span class=\"orange\"><i>Turuncu<\/i><\/span><br \/>\n        <span class=\"black\"><i>Siyah<\/i><\/span><br \/>\n        <span class=\"gray\"><i>Gri<\/i><\/span><br \/>\n        <span class=\"red\"><i>K\u0131rm\u0131z\u0131<\/i><\/span>\n      <\/div>\n<\/p><\/div>\n<div class=\"s-desc-mg-stock\">\n      <span class=\"s-desc-mg-stock-title\">Stok rengi<\/span><\/p>\n<div class=\"stock-colors\">\n        <span class=\"blue\"><i>Mavi<\/i><\/span><br \/>\n        <span class=\"green\"><i>Ye\u015fil<\/i><\/span><br \/>\n        <span class=\"orange\"><i>Turuncu<\/i><\/span>\n      <\/div>\n<\/p><\/div>\n<\/p><\/div>\n<\/div>\n","protected":false},"featured_media":27500,"template":"","meta":[],"product_brand":[],"product_cat":[63,66],"product_tag":[],"class_list":{"0":"post-4215","1":"product","2":"type-product","3":"status-publish","4":"has-post-thumbnail","6":"product_cat-din-ray-distanslar","7":"product_cat-508mm-kablo-birlestirici-din-ray-distans","8":"pa_montaj-tipi-35mm-din-ray","9":"pa_onaylar-tse","10":"pa_onaylar-ce","11":"pa_onaylar-rohs","12":"pa_onaylar-eac","13":"pa_renk-secenekleri-gri","14":"pa_renk-secenekleri-kirmizi","15":"pa_renk-secenekleri-mavi","16":"pa_renk-secenekleri-siyah","17":"pa_renk-secenekleri-turuncu","18":"pa_renk-secenekleri-yesil","19":"pa_stok-rengi-mavi","20":"pa_stok-rengi-yesil","21":"pa_urun-grubu-din-ray-distanslar","22":"pa_urun-rengi-siparis-kodu-60-460-mavi","23":"pa_urun-rengi-siparis-kodu-61-460-yesil","24":"pa_urun-rengi-siparis-kodu-62-460-turuncu","25":"pa_urun-rengi-siparis-kodu-63-460-siyah","26":"pa_urun-rengi-siparis-kodu-64-460-gri","27":"pa_urun-rengi-siparis-kodu-65-460-kirmizi","28":"pa_urun-tipi-ray-distans-kablo-birlestirici-klemens-icin","30":"first","31":"instock","32":"taxable","33":"shipping-taxable","34":"purchasable","35":"product-type-variable"},"_links":{"self":[{"href":"https:\/\/megaradar.com.tr\/shop\/wp-json\/wp\/v2\/product\/4215","targetHints":{"allow":["GET"]}}],"collection":[{"href":"https:\/\/megaradar.com.tr\/shop\/wp-json\/wp\/v2\/product"}],"about":[{"href":"https:\/\/megaradar.com.tr\/shop\/wp-json\/wp\/v2\/types\/product"}],"version-history":[{"count":0,"href":"https:\/\/megaradar.com.tr\/shop\/wp-json\/wp\/v2\/product\/4215\/revisions"}],"wp:featuredmedia":[{"embeddable":true,"href":"https:\/\/megaradar.com.tr\/shop\/wp-json\/wp\/v2\/media\/27500"}],"wp:attachment":[{"href":"https:\/\/megaradar.com.tr\/shop\/wp-json\/wp\/v2\/media?parent=4215"}],"wp:term":[{"taxonomy":"product_brand","embeddable":true,"href":"https:\/\/megaradar.com.tr\/shop\/wp-json\/wp\/v2\/product_brand?post=4215"},{"taxonomy":"product_cat","embeddable":true,"href":"https:\/\/megaradar.com.tr\/shop\/wp-json\/wp\/v2\/product_cat?post=4215"},{"taxonomy":"product_tag","embeddable":true,"href":"https:\/\/megaradar.com.tr\/shop\/wp-json\/wp\/v2\/product_tag?post=4215"}],"curies":[{"name":"wp","href":"https:\/\/api.w.org\/{rel}","templated":true}]}}