{"id":4310,"date":"2023-07-20T02:22:49","date_gmt":"2023-07-19T23:22:49","guid":{"rendered":"https:\/\/www.mgshop.mucizefikironline.com\/?post_type=product&#038;p=4310"},"modified":"2026-04-03T13:05:44","modified_gmt":"2026-04-03T10:05:44","slug":"225mm-pcb-pcb-kart-yukseltici-distans","status":"publish","type":"product","link":"https:\/\/megaradar.com.tr\/shop\/urun\/225mm-pcb-pcb-kart-yukseltici-distans\/","title":{"rendered":"22.5mm PCB-PCB Kart Y\u00fckseltici Distans"},"content":{"rendered":"","protected":false},"excerpt":{"rendered":"<p class=\"s-desc-mg\"><span>Delik \u00e7ap\u0131: <b>\u00d8 4mm<\/b><\/span><span>Uzunluk: <b>22.5mm<\/b><\/span><span>Uygulama alan\u0131: <b>PCB-PCB<\/b><\/span><\/p>\n<ul class=\"s-desc-mg-list\">\n<li>Plastik PCB kart y\u00fckseltici distanslar, elektronik devreler aras\u0131nda g\u00fcvenli bir mesafe sa\u011flamak i\u00e7in tasarlanm\u0131\u015ft\u0131r.<\/li>\n<li>Tak\u0131p \u00e7\u0131karmas\u0131 son derece kolayd\u0131r; alet gerektirmez.<\/li>\n<li>Dayan\u0131kl\u0131 ve esnek malzemelerden \u00fcretilen bu par\u00e7alar, projelerinizde uzun \u00f6m\u00fcrl\u00fc ve g\u00fcvenilir bir performans sunar.<\/li>\n<li>Standart d\u0131\u015f\u0131 ihtiya\u00e7lar\u0131n\u0131z i\u00e7in \u00f6zel tasar\u0131m ve \u00fcretim yap\u0131labilmektedir.<\/li>\n<\/ul>\n<div class=\"color-table\">\n<div class=\"s-desc-mg-colors\">\n  <span>Renk se\u00e7enekleri<\/span><\/p>\n<div class=\"stock-colors\">\n    <span class=\"natural\"><i>Naturel<\/i><\/span>\n  <\/div>\n<\/div>\n<div class=\"s-desc-mg-stock\">\n  <span class=\"s-desc-mg-stock-title\">Stok rengi<\/span><\/p>\n<div class=\"stock-colors\">\n    <span class=\"natural\"><i>Nat\u00fcrel<\/i><\/span>\n  <\/div>\n<\/div>\n<\/div>\n","protected":false},"featured_media":28632,"template":"","meta":[],"product_brand":[],"product_cat":[91,67],"product_tag":[],"class_list":{"0":"post-4310","1":"product","2":"type-product","3":"status-publish","4":"has-post-thumbnail","6":"product_cat-pcb-pcb","7":"product_cat-plastik-pcb-kart-yukseltici-distanslar","8":"pa_onaylar-ce","9":"pa_onaylar-eac","10":"pa_onaylar-rohs","11":"pa_onaylar-tse","12":"pa_renk-secenekleri-naturel","13":"pa_stok-rengi-naturel","14":"pa_urun-grubu-plastik-pcb-kart-yukseltici-distanslar","15":"pa_urun-rengi-siparis-kodu-69-700-naturel","16":"pa_urun-tipi-pcb-pcb","17":"pa_uzunluk-225mm","19":"first","20":"instock","21":"taxable","22":"shipping-taxable","23":"purchasable","24":"product-type-variable"},"_links":{"self":[{"href":"https:\/\/megaradar.com.tr\/shop\/wp-json\/wp\/v2\/product\/4310","targetHints":{"allow":["GET"]}}],"collection":[{"href":"https:\/\/megaradar.com.tr\/shop\/wp-json\/wp\/v2\/product"}],"about":[{"href":"https:\/\/megaradar.com.tr\/shop\/wp-json\/wp\/v2\/types\/product"}],"version-history":[{"count":1,"href":"https:\/\/megaradar.com.tr\/shop\/wp-json\/wp\/v2\/product\/4310\/revisions"}],"predecessor-version":[{"id":28634,"href":"https:\/\/megaradar.com.tr\/shop\/wp-json\/wp\/v2\/product\/4310\/revisions\/28634"}],"wp:featuredmedia":[{"embeddable":true,"href":"https:\/\/megaradar.com.tr\/shop\/wp-json\/wp\/v2\/media\/28632"}],"wp:attachment":[{"href":"https:\/\/megaradar.com.tr\/shop\/wp-json\/wp\/v2\/media?parent=4310"}],"wp:term":[{"taxonomy":"product_brand","embeddable":true,"href":"https:\/\/megaradar.com.tr\/shop\/wp-json\/wp\/v2\/product_brand?post=4310"},{"taxonomy":"product_cat","embeddable":true,"href":"https:\/\/megaradar.com.tr\/shop\/wp-json\/wp\/v2\/product_cat?post=4310"},{"taxonomy":"product_tag","embeddable":true,"href":"https:\/\/megaradar.com.tr\/shop\/wp-json\/wp\/v2\/product_tag?post=4310"}],"curies":[{"name":"wp","href":"https:\/\/api.w.org\/{rel}","templated":true}]}}