{"id":4381,"date":"2023-07-20T18:10:02","date_gmt":"2023-07-20T18:10:02","guid":{"rendered":"https:\/\/www.mgshop.mucizefikironline.com\/?post_type=product&#038;p=4381"},"modified":"2026-03-02T16:04:29","modified_gmt":"2026-03-02T13:04:29","slug":"pano-termostati-cift-yon","status":"publish","type":"product","link":"https:\/\/megaradar.com.tr\/shop\/urun\/pano-termostati-cift-yon\/","title":{"rendered":"Pano Termostat\u0131 \u2013 \u00c7ift Y\u00f6n"},"content":{"rendered":"","protected":false},"excerpt":{"rendered":"<div itemprop=\"description\">\n<p class=\"s-desc-mg\"><span>Sens\u00f6r eleman\u0131: <b>elektronik<\/b><\/span><span>Montaj tipi: <b>35mm DIN ray\u0131<\/b><\/span><span>Nominal gerilim: <b>250V<\/b><\/span><span>Nominal ak\u0131m: <b>5A<\/b><\/span><span>Max. iletken kesiti: <b>4mm\u00b2- 12AWG<\/b><\/span><span>Ba\u011flant\u0131: <b>5 kutuplu klemens<\/b><\/span><span>Pim aral\u0131\u011f\u0131: <b>5.08mm<\/b><\/span><\/p>\n<p class=\"s-desc-mg\"><span>\u00c7al\u0131\u015fma s\u0131cakl\u0131\u011f\u0131: <b>0-50\u00b0C<\/b><\/span><\/p>\n<ul class=\"s-desc-mg-list\">\n<li>Do\u011fru s\u0131cakl\u0131\u011f\u0131 korumak i\u00e7in \u0131s\u0131tma ve ya so\u011futma cihaz\u0131n\u0131 a\u00e7\u0131p kapayarak ya da gerekti\u011finde \u0131s\u0131 transfer s\u0131v\u0131s\u0131n\u0131n ak\u0131\u015f\u0131n\u0131 d\u00fczenleyerek kontrol uygular. Tek \u00fcnitede ikili kontrol \u00f6zelli\u011fi sayesinde alan tasarrufu ve kolay kablolama sa\u011flar. Elektronik olmas\u0131 sebebiyle bimetal \u00fcr\u00fcnlere g\u00f6re daha hassas \u00e7al\u0131\u015f\u0131r.<\/li>\n<\/ul>\n<div class=\"color-table\">\n<div class=\"s-desc-mg-colors\">\n  <span>Renk se\u00e7enekleri<\/span><\/p>\n<div class=\"stock-colors\">\n    <span class=\"natural\"><i>Naturel<\/i><\/span>\n  <\/div>\n<\/div>\n<div class=\"s-desc-mg-stock\">\n  <span class=\"s-desc-mg-stock-title\">Stok rengi<\/span><\/p>\n<div class=\"stock-colors\">\n    <span class=\"natural\"><i>Nat\u00fcrel<\/i><\/span>\n  <\/div>\n<\/div>\n<\/div>\n<\/div>\n","protected":false},"featured_media":28396,"template":"","meta":[],"product_brand":[],"product_cat":[68,69,71],"product_tag":[],"class_list":{"0":"post-4381","1":"product","2":"type-product","3":"status-publish","4":"has-post-thumbnail","6":"product_cat-tamamlayici-urunler","7":"product_cat-elektronik-pano-termostatlari","8":"product_cat-cift-yon","9":"pa_onaylar-tse","10":"pa_onaylar-ce","11":"pa_onaylar-rohs","12":"pa_onaylar-eac","13":"pa_renk-secenekleri-naturel","14":"pa_stok-rengi-naturel","15":"pa_urun-grubu-tamamlayici-urunler","16":"pa_urun-rengi-siparis-kodu-79-400-naturel","17":"pa_urun-tipi-elektronik-pano-termostat","19":"first","20":"instock","21":"taxable","22":"shipping-taxable","23":"purchasable","24":"product-type-variable"},"_links":{"self":[{"href":"https:\/\/megaradar.com.tr\/shop\/wp-json\/wp\/v2\/product\/4381","targetHints":{"allow":["GET"]}}],"collection":[{"href":"https:\/\/megaradar.com.tr\/shop\/wp-json\/wp\/v2\/product"}],"about":[{"href":"https:\/\/megaradar.com.tr\/shop\/wp-json\/wp\/v2\/types\/product"}],"version-history":[{"count":0,"href":"https:\/\/megaradar.com.tr\/shop\/wp-json\/wp\/v2\/product\/4381\/revisions"}],"wp:featuredmedia":[{"embeddable":true,"href":"https:\/\/megaradar.com.tr\/shop\/wp-json\/wp\/v2\/media\/28396"}],"wp:attachment":[{"href":"https:\/\/megaradar.com.tr\/shop\/wp-json\/wp\/v2\/media?parent=4381"}],"wp:term":[{"taxonomy":"product_brand","embeddable":true,"href":"https:\/\/megaradar.com.tr\/shop\/wp-json\/wp\/v2\/product_brand?post=4381"},{"taxonomy":"product_cat","embeddable":true,"href":"https:\/\/megaradar.com.tr\/shop\/wp-json\/wp\/v2\/product_cat?post=4381"},{"taxonomy":"product_tag","embeddable":true,"href":"https:\/\/megaradar.com.tr\/shop\/wp-json\/wp\/v2\/product_tag?post=4381"}],"curies":[{"name":"wp","href":"https:\/\/api.w.org\/{rel}","templated":true}]}}