{"id":4407,"date":"2023-07-20T20:25:59","date_gmt":"2023-07-20T20:25:59","guid":{"rendered":"https:\/\/www.mgshop.mucizefikironline.com\/?post_type=product&#038;p=4407"},"modified":"2026-03-02T15:48:26","modified_gmt":"2026-03-02T12:48:26","slug":"sigorta-yuvasi","status":"publish","type":"product","link":"https:\/\/megaradar.com.tr\/shop\/urun\/sigorta-yuvasi\/","title":{"rendered":"Sigorta Yuvas\u0131"},"content":{"rendered":"","protected":false},"excerpt":{"rendered":"<div itemprop=\"description\">\n<p class=\"s-desc-mg\"><span>Montaj: <b>PCB<\/b><\/span><span>Pim aral\u0131\u011f\u0131: <b>15.05mm<\/b><\/span><span>Nominal gerilim: <b>250V<\/b><\/span><span>Nominal ak\u0131m: <b>16A<\/b><\/span><span>Sigorta ak\u0131m\u0131: <b>10A<\/b><\/span><span>Sigorta boyutlar\u0131: <b>5x20mm<\/b><\/span><\/p>\n<p class=\"s-desc-mg\"><span>Model se\u00e7enekleri: <b>Kapakl\u0131 veya kapaks\u0131z<\/b><\/span><\/p>\n<ul class=\"s-desc-mg-list\">\n<li>Sigorta yuvalar\u0131, sigorta ile devre aras\u0131ndaki g\u00fcvenilir elektriksel ba\u011flant\u0131y\u0131 sa\u011flar.<\/li>\n<li>Fosfor bronz \u00fczeri g\u00fcm\u00fc\u015f kaplama pimler, y\u00fcksek iletkenlikleri sayesinde d\u00fc\u015f\u00fck temas direnci sunarak bu ba\u011flant\u0131n\u0131n kararl\u0131 ve sorunsuz \u015fekilde ger\u00e7ekle\u015fmesini destekler.<\/li>\n<li>Bu yap\u0131, devrelerde maksimum g\u00fcvenlik ve y\u00fcksek performans sa\u011flar.<\/li>\n<\/ul>\n<div class=\"color-table\">\n<div class=\"s-desc-mg-colors\">\n      <span>Renk se\u00e7enekleri<\/span><\/p>\n<div class=\"stock-colors\">\n        <span class=\"black\"><i>Siyah<\/i><\/span>\n      <\/div>\n<\/p><\/div>\n<div class=\"s-desc-mg-stock\">\n      <span class=\"s-desc-mg-stock-title\">Stok rengi<\/span><\/p>\n<div class=\"stock-colors\">\n        <span class=\"black\"><i>Siyah<\/i><\/span>\n      <\/div>\n<\/p><\/div>\n<\/p><\/div>\n<\/div>\n","protected":false},"featured_media":27482,"template":"","meta":[],"product_brand":[],"product_cat":[73,68],"product_tag":[],"class_list":{"0":"post-4407","1":"product","2":"type-product","3":"status-publish","4":"has-post-thumbnail","6":"product_cat-sigorta-yuvasi","7":"product_cat-tamamlayici-urunler","8":"pa_onaylar-ce","9":"pa_onaylar-eac","10":"pa_onaylar-rohs","11":"pa_onaylar-tse","12":"pa_renk-secenekleri-siyah","13":"pa_stok-rengi-siyah","14":"pa_urun-grubu-tamamlayici-urunler","15":"pa_urun-rengi-siparis-kodu-83-075-siyah","16":"pa_urun-tipi-sigorta-yuvasi","18":"first","19":"instock","20":"taxable","21":"shipping-taxable","22":"purchasable","23":"product-type-variable"},"_links":{"self":[{"href":"https:\/\/megaradar.com.tr\/shop\/wp-json\/wp\/v2\/product\/4407","targetHints":{"allow":["GET"]}}],"collection":[{"href":"https:\/\/megaradar.com.tr\/shop\/wp-json\/wp\/v2\/product"}],"about":[{"href":"https:\/\/megaradar.com.tr\/shop\/wp-json\/wp\/v2\/types\/product"}],"version-history":[{"count":0,"href":"https:\/\/megaradar.com.tr\/shop\/wp-json\/wp\/v2\/product\/4407\/revisions"}],"wp:featuredmedia":[{"embeddable":true,"href":"https:\/\/megaradar.com.tr\/shop\/wp-json\/wp\/v2\/media\/27482"}],"wp:attachment":[{"href":"https:\/\/megaradar.com.tr\/shop\/wp-json\/wp\/v2\/media?parent=4407"}],"wp:term":[{"taxonomy":"product_brand","embeddable":true,"href":"https:\/\/megaradar.com.tr\/shop\/wp-json\/wp\/v2\/product_brand?post=4407"},{"taxonomy":"product_cat","embeddable":true,"href":"https:\/\/megaradar.com.tr\/shop\/wp-json\/wp\/v2\/product_cat?post=4407"},{"taxonomy":"product_tag","embeddable":true,"href":"https:\/\/megaradar.com.tr\/shop\/wp-json\/wp\/v2\/product_tag?post=4407"}],"curies":[{"name":"wp","href":"https:\/\/api.w.org\/{rel}","templated":true}]}}