{"id":4420,"date":"2023-07-20T23:57:42","date_gmt":"2023-07-20T20:57:42","guid":{"rendered":"https:\/\/www.mgshop.mucizefikironline.com\/?post_type=product&#038;p=4420"},"modified":"2026-02-28T00:20:09","modified_gmt":"2026-02-27T21:20:09","slug":"soket-koprusu-508mm-disi-klemensler-icin","status":"publish","type":"product","link":"https:\/\/megaradar.com.tr\/shop\/urun\/soket-koprusu-508mm-disi-klemensler-icin\/","title":{"rendered":"Soket K\u00f6pr\u00fcs\u00fc &#8211; 5.08mm Di\u015fi Klemensler i\u00e7in"},"content":{"rendered":"","protected":false},"excerpt":{"rendered":"<div itemprop=\"description\">\n<p class=\"s-desc-mg\"><span>Nominal gerilim: <b>250V<\/b><\/span><span>Nominal ak\u0131m: <b>16A<\/b><\/span><span>Uyumlu klemens: <b>5.08mm<\/b><\/span><\/p>\n<ul class=\"s-desc-mg-list\">\n<li>Klemensler aras\u0131nda ak\u0131m transferi sa\u011flar.<\/li>\n<\/ul>\n<div class=\"color-table\">\n<div class=\"s-desc-mg-colors\">\n  <span>Renk se\u00e7enekleri<\/span><\/p>\n<div class=\"stock-colors\">\n    <span class=\"natural\"><i>Naturel<\/i><\/span>\n  <\/div>\n<\/div>\n<div class=\"s-desc-mg-stock\">\n  <span class=\"s-desc-mg-stock-title\">Stok rengi<\/span><\/p>\n<div class=\"stock-colors\">\n    <span class=\"gray\"><i>Metalik<\/i><\/span>\n  <\/div>\n<\/div>\n<\/div>\n<\/div>\n","protected":false},"featured_media":27680,"template":"","meta":[],"product_brand":[],"product_cat":[68,74],"product_tag":[],"class_list":{"0":"post-4420","1":"product","2":"type-product","3":"status-publish","4":"has-post-thumbnail","6":"product_cat-tamamlayici-urunler","7":"product_cat-soket-koprusu","8":"pa_onaylar-tse","9":"pa_onaylar-ce","10":"pa_onaylar-rohs","11":"pa_onaylar-eac","12":"pa_renk-secenekleri-naturel","13":"pa_stok-rengi-metalik","14":"pa_urun-grubu-tamamlayici-urunler","15":"pa_urun-rengi-siparis-kodu-89-100-naturel","16":"pa_urun-tipi-soket-koprusu","18":"first","19":"instock","20":"taxable","21":"shipping-taxable","22":"purchasable","23":"product-type-variable"},"_links":{"self":[{"href":"https:\/\/megaradar.com.tr\/shop\/wp-json\/wp\/v2\/product\/4420","targetHints":{"allow":["GET"]}}],"collection":[{"href":"https:\/\/megaradar.com.tr\/shop\/wp-json\/wp\/v2\/product"}],"about":[{"href":"https:\/\/megaradar.com.tr\/shop\/wp-json\/wp\/v2\/types\/product"}],"version-history":[{"count":0,"href":"https:\/\/megaradar.com.tr\/shop\/wp-json\/wp\/v2\/product\/4420\/revisions"}],"wp:featuredmedia":[{"embeddable":true,"href":"https:\/\/megaradar.com.tr\/shop\/wp-json\/wp\/v2\/media\/27680"}],"wp:attachment":[{"href":"https:\/\/megaradar.com.tr\/shop\/wp-json\/wp\/v2\/media?parent=4420"}],"wp:term":[{"taxonomy":"product_brand","embeddable":true,"href":"https:\/\/megaradar.com.tr\/shop\/wp-json\/wp\/v2\/product_brand?post=4420"},{"taxonomy":"product_cat","embeddable":true,"href":"https:\/\/megaradar.com.tr\/shop\/wp-json\/wp\/v2\/product_cat?post=4420"},{"taxonomy":"product_tag","embeddable":true,"href":"https:\/\/megaradar.com.tr\/shop\/wp-json\/wp\/v2\/product_tag?post=4420"}],"curies":[{"name":"wp","href":"https:\/\/api.w.org\/{rel}","templated":true}]}}