{"id":4451,"date":"2023-07-20T21:40:48","date_gmt":"2023-07-20T21:40:48","guid":{"rendered":"https:\/\/www.mgshop.mucizefikironline.com\/?post_type=product&#038;p=4451"},"modified":"2026-02-27T06:24:06","modified_gmt":"2026-02-27T03:24:06","slug":"kablo-birlestirici-vidasi","status":"publish","type":"product","link":"https:\/\/megaradar.com.tr\/shop\/urun\/kablo-birlestirici-vidasi\/","title":{"rendered":"Kablo Birle\u015ftirici Vidas\u0131"},"content":{"rendered":"","protected":false},"excerpt":{"rendered":"<div itemprop=\"description\">\n<p class=\"s-desc-mg\"><span>Delik \u00e7ap\u0131: <b>\u00d81.8mm<\/b><\/span><span>Vida \u00e7ap\u0131: <b>2.2mm<\/b><\/span><\/p>\n<ul class=\"s-desc-mg-list\">\n<li>Kablo birle\u015ftirici klemenslerin istenilen alana yer kayb\u0131 yaratan ek par\u00e7alar olmadan klemens \u00fczerindeki delikler arac\u0131l\u0131\u011f\u0131yla direkt olarak monte edilmesini sa\u011flar.<\/li>\n<\/ul>\n<div class=\"color-table\">\n<div class=\"s-desc-mg-colors\">\n  <span>Renk se\u00e7enekleri<\/span><\/p>\n<div class=\"stock-colors\">\n    <span class=\"natural\"><i>Nat\u00fcrel<\/i><\/span>\n  <\/div>\n<\/div>\n<div class=\"s-desc-mg-stock\">\n  <span class=\"s-desc-mg-stock-title\">Stok rengi<\/span><\/p>\n<div class=\"stock-colors\">\n    <span class=\"gray\"><i>Metalik<\/i><\/span>\n  <\/div>\n<\/div>\n<\/div>\n<\/div>\n","protected":false},"featured_media":27488,"template":"","meta":[],"product_brand":[],"product_cat":[68,76],"product_tag":[],"class_list":{"0":"post-4451","1":"product","2":"type-product","3":"status-publish","4":"has-post-thumbnail","6":"product_cat-tamamlayici-urunler","7":"product_cat-vida","8":"pa_renk-secenekleri-naturel","9":"pa_stok-rengi-metalik","10":"pa_urun-grubu-tamamlayici-urunler","11":"pa_urun-rengi-siparis-kodu-89-175-naturel","12":"pa_urun-tipi-vida","14":"first","15":"instock","16":"taxable","17":"shipping-taxable","18":"purchasable","19":"product-type-variable"},"_links":{"self":[{"href":"https:\/\/megaradar.com.tr\/shop\/wp-json\/wp\/v2\/product\/4451","targetHints":{"allow":["GET"]}}],"collection":[{"href":"https:\/\/megaradar.com.tr\/shop\/wp-json\/wp\/v2\/product"}],"about":[{"href":"https:\/\/megaradar.com.tr\/shop\/wp-json\/wp\/v2\/types\/product"}],"version-history":[{"count":0,"href":"https:\/\/megaradar.com.tr\/shop\/wp-json\/wp\/v2\/product\/4451\/revisions"}],"wp:featuredmedia":[{"embeddable":true,"href":"https:\/\/megaradar.com.tr\/shop\/wp-json\/wp\/v2\/media\/27488"}],"wp:attachment":[{"href":"https:\/\/megaradar.com.tr\/shop\/wp-json\/wp\/v2\/media?parent=4451"}],"wp:term":[{"taxonomy":"product_brand","embeddable":true,"href":"https:\/\/megaradar.com.tr\/shop\/wp-json\/wp\/v2\/product_brand?post=4451"},{"taxonomy":"product_cat","embeddable":true,"href":"https:\/\/megaradar.com.tr\/shop\/wp-json\/wp\/v2\/product_cat?post=4451"},{"taxonomy":"product_tag","embeddable":true,"href":"https:\/\/megaradar.com.tr\/shop\/wp-json\/wp\/v2\/product_tag?post=4451"}],"curies":[{"name":"wp","href":"https:\/\/api.w.org\/{rel}","templated":true}]}}