{"id":4475,"date":"2023-07-22T20:50:26","date_gmt":"2023-07-22T20:50:26","guid":{"rendered":"https:\/\/www.mgshop.mucizefikironline.com\/?post_type=product&#038;p=4475"},"modified":"2026-02-28T00:04:25","modified_gmt":"2026-02-27T21:04:25","slug":"motor-klemensi-disi","status":"publish","type":"product","link":"https:\/\/megaradar.com.tr\/shop\/urun\/motor-klemensi-disi\/","title":{"rendered":"Motor Klemensi \u2013 Di\u015fi"},"content":{"rendered":"","protected":false},"excerpt":{"rendered":"<div itemprop=\"description\">\n<p class=\"s-desc-mg\"><span>Nominal gerilim: <b>250V<\/b><\/span><span>Nominal ak\u0131m: <b>25A<\/b><\/span><\/p>\n<ul class=\"s-desc-mg-list\">\n<li>Dalg\u0131\u00e7 pompalar\u0131nda kullan\u0131lmak \u00fczere \u00f6zel olarak tasarlanm\u0131\u015ft\u0131r.<\/li>\n<\/ul>\n<ul class=\"s-desc-mg-list\">\n<li>\u00d6zel tasar\u0131m \u00fcr\u00fcnler i\u00e7in ileti\u015fime ge\u00e7iniz.<\/li>\n<\/ul>\n<div class=\"color-table\">\n<div class=\"s-desc-mg-colors\">\n  <span>Renk se\u00e7enekleri<\/span><\/p>\n<div class=\"stock-colors\">\n    <span class=\"black\"><i>Siyah<\/i><\/span>\n  <\/div>\n<\/div>\n<div class=\"s-desc-mg-stock\">\n  <span class=\"s-desc-mg-stock-title\">Stok rengi<\/span><\/p>\n<div class=\"stock-colors\">\n    <span class=\"black\"><i>Siyah<\/i><\/span>\n  <\/div>\n<\/div>\n<\/div>\n<\/div>\n","protected":false},"featured_media":27604,"template":"","meta":[],"product_brand":[],"product_cat":[78,77],"product_tag":[],"class_list":{"0":"post-4475","1":"product","2":"type-product","3":"status-publish","4":"has-post-thumbnail","6":"product_cat-motor-klemensi","7":"product_cat-ozel-tasarim-urunler","8":"pa_onaylar-ce","9":"pa_onaylar-eac","10":"pa_onaylar-rohs","11":"pa_onaylar-tse","12":"pa_renk-secenekleri-siyah","13":"pa_stok-rengi-siyah","14":"pa_urun-grubu-ozel-tasarim-urunler","15":"pa_urun-rengi-siparis-kodu-99-030-siyah","16":"pa_urun-tipi-motor-klemensi","18":"first","19":"instock","20":"taxable","21":"shipping-taxable","22":"purchasable","23":"product-type-variable"},"_links":{"self":[{"href":"https:\/\/megaradar.com.tr\/shop\/wp-json\/wp\/v2\/product\/4475","targetHints":{"allow":["GET"]}}],"collection":[{"href":"https:\/\/megaradar.com.tr\/shop\/wp-json\/wp\/v2\/product"}],"about":[{"href":"https:\/\/megaradar.com.tr\/shop\/wp-json\/wp\/v2\/types\/product"}],"version-history":[{"count":0,"href":"https:\/\/megaradar.com.tr\/shop\/wp-json\/wp\/v2\/product\/4475\/revisions"}],"wp:featuredmedia":[{"embeddable":true,"href":"https:\/\/megaradar.com.tr\/shop\/wp-json\/wp\/v2\/media\/27604"}],"wp:attachment":[{"href":"https:\/\/megaradar.com.tr\/shop\/wp-json\/wp\/v2\/media?parent=4475"}],"wp:term":[{"taxonomy":"product_brand","embeddable":true,"href":"https:\/\/megaradar.com.tr\/shop\/wp-json\/wp\/v2\/product_brand?post=4475"},{"taxonomy":"product_cat","embeddable":true,"href":"https:\/\/megaradar.com.tr\/shop\/wp-json\/wp\/v2\/product_cat?post=4475"},{"taxonomy":"product_tag","embeddable":true,"href":"https:\/\/megaradar.com.tr\/shop\/wp-json\/wp\/v2\/product_tag?post=4475"}],"curies":[{"name":"wp","href":"https:\/\/api.w.org\/{rel}","templated":true}]}}