{"id":4514,"date":"2023-07-22T21:56:07","date_gmt":"2023-07-22T21:56:07","guid":{"rendered":"https:\/\/www.mgshop.mucizefikironline.com\/?post_type=product&#038;p=4514"},"modified":"2026-02-27T06:25:51","modified_gmt":"2026-02-27T03:25:51","slug":"yuksek-isiya-dayanikli-motor-klemensi-016-disi","status":"publish","type":"product","link":"https:\/\/megaradar.com.tr\/shop\/urun\/yuksek-isiya-dayanikli-motor-klemensi-016-disi\/","title":{"rendered":"Y\u00fcksek Is\u0131ya Dayan\u0131kl\u0131 Motor Klemensi \u2013 016 Di\u015fi"},"content":{"rendered":"","protected":false},"excerpt":{"rendered":"<div itemprop=\"description\">\n<p class=\"s-desc-mg\"><span>Nominal gerilim: <b>250V<\/b><\/span><span>Nominal ak\u0131m: <b>25A<\/b><\/span><\/p>\n<ul class=\"s-desc-mg-list\">\n<li>Sirk\u00fclasyon pompalar\u0131nda kullan\u0131lmak \u00fczere \u00f6zel olarak tasarlanm\u0131\u015ft\u0131r.<\/li>\n<\/ul>\n<ul class=\"s-desc-mg-list\">\n<li>\u00d6zel tasar\u0131m \u00fcr\u00fcnler i\u00e7in ileti\u015fime ge\u00e7iniz.<\/li>\n<\/ul>\n<div class=\"color-table\">\n<div class=\"s-desc-mg-colors\">\n  <span>Renk se\u00e7enekleri<\/span><\/p>\n<div class=\"stock-colors\">\n    <span class=\"natural\"><i>Naturel<\/i><\/span>\n  <\/div>\n<\/div>\n<div class=\"s-desc-mg-stock\">\n  <span class=\"s-desc-mg-stock-title\">Stok rengi<\/span><\/p>\n<div class=\"stock-colors\">\n    <span class=\"on-request\"><i>Talep \u00dczerine \u00dcretilir<\/i><\/span>\n  <\/div>\n<\/div>\n<\/div>\n<\/div>\n","protected":false},"featured_media":27508,"template":"","meta":[],"product_brand":[],"product_cat":[77,79],"product_tag":[],"class_list":{"0":"post-4514","1":"product","2":"type-product","3":"status-publish","4":"has-post-thumbnail","6":"product_cat-ozel-tasarim-urunler","7":"product_cat-yuksek-isiya-dayanikli-motor-klemensi","8":"pa_onaylar-ce","9":"pa_onaylar-eac","10":"pa_onaylar-rohs","11":"pa_onaylar-tse","12":"pa_renk-secenekleri-naturel","13":"pa_stok-rengi-talep-uzerine-uretilir","14":"pa_urun-grubu-ozel-tasarim-urunler","15":"pa_urun-rengi-siparis-kodu-99-070-naturel","16":"pa_urun-tipi-yuksek-isiya-dayanikli-motor-klemensi","18":"first","19":"instock","20":"taxable","21":"shipping-taxable","22":"purchasable","23":"product-type-variable"},"_links":{"self":[{"href":"https:\/\/megaradar.com.tr\/shop\/wp-json\/wp\/v2\/product\/4514","targetHints":{"allow":["GET"]}}],"collection":[{"href":"https:\/\/megaradar.com.tr\/shop\/wp-json\/wp\/v2\/product"}],"about":[{"href":"https:\/\/megaradar.com.tr\/shop\/wp-json\/wp\/v2\/types\/product"}],"version-history":[{"count":0,"href":"https:\/\/megaradar.com.tr\/shop\/wp-json\/wp\/v2\/product\/4514\/revisions"}],"wp:featuredmedia":[{"embeddable":true,"href":"https:\/\/megaradar.com.tr\/shop\/wp-json\/wp\/v2\/media\/27508"}],"wp:attachment":[{"href":"https:\/\/megaradar.com.tr\/shop\/wp-json\/wp\/v2\/media?parent=4514"}],"wp:term":[{"taxonomy":"product_brand","embeddable":true,"href":"https:\/\/megaradar.com.tr\/shop\/wp-json\/wp\/v2\/product_brand?post=4514"},{"taxonomy":"product_cat","embeddable":true,"href":"https:\/\/megaradar.com.tr\/shop\/wp-json\/wp\/v2\/product_cat?post=4514"},{"taxonomy":"product_tag","embeddable":true,"href":"https:\/\/megaradar.com.tr\/shop\/wp-json\/wp\/v2\/product_tag?post=4514"}],"curies":[{"name":"wp","href":"https:\/\/api.w.org\/{rel}","templated":true}]}}